{"id":35634,"date":"2025-04-14T14:14:11","date_gmt":"2025-04-14T11:14:11","guid":{"rendered":"https:\/\/ynrsolar.shop\/?post_type=product&#038;p=35634"},"modified":"2025-06-09T20:58:39","modified_gmt":"2025-06-09T17:58:39","slug":"orbus-102kw-10200w-mppt-akilli-inverter","status":"publish","type":"product","link":"https:\/\/ynrsolar.shop\/index.php\/urun\/orbus-102kw-10200w-mppt-akilli-inverter\/","title":{"rendered":"Orbus 10,2KW 10200W MPPT Ak\u0131ll\u0131 \u0130nverter"},"content":{"rendered":"<div>\n<p>10.2 Kw 48 V Mppt Ak\u0131ll\u0131 \u0130nverter, enerji verimlili\u011fini maksimize etmek ve elektrik faturalar\u0131n\u0131z\u0131 azaltmak i\u00e7in tasarlanm\u0131\u015ft\u0131r. Kendine \u00f6zg\u00fc tasar\u0131m\u0131 sayesinde, hem ev tipi hem de ticari kullan\u0131m i\u00e7in ideal bir \u00e7\u00f6z\u00fcmd\u00fcr. Bu inverter, g\u00fcne\u015f enerjisi sistemlerinden elde edilen enerjiyi en verimli \u015fekilde y\u00f6netir ve kullan\u0131c\u0131lara y\u00fcksek performans sunar.<\/p>\n<h3>\u00d6zellikleri<\/h3>\n<ul>\n<li><b>G\u00fc\u00e7:<\/b> 10.2 Kw<\/li>\n<li><b>Voltaj:<\/b>\u00a048 V<\/li>\n<li><b>MPPT (Maximum Power Point Tracking):<\/b>\u00a0Evet<\/li>\n<li><b>Verimlilik:<\/b>\u00a0%98&#8217;e kadar<\/li>\n<li><b>\u00c7al\u0131\u015fma S\u0131cakl\u0131k Aral\u0131\u011f\u0131:<\/b>\u00a0-20\u00b0C ile 55\u00b0C<\/li>\n<\/ul>\n<h3>Avantajlar\u0131<\/h3>\n<ul>\n<li>Y\u00fcksek verimlilik ile enerji tasarrufu<\/li>\n<li>Uzun \u00f6m\u00fcrl\u00fc ve dayan\u0131kl\u0131 yap\u0131s\u0131 ile g\u00fcvenilir performans<\/li>\n<li>Kullan\u0131m\u0131 ve kurulumu kolay<\/li>\n<li>Hem ev hem de ticari kullan\u0131m i\u00e7in uygun<\/li>\n<\/ul>\n<p>Eco 6.2 Kw 48 V Mppt Ak\u0131ll\u0131 \u0130nverter, geli\u015fmi\u015f teknolojisi ile g\u00fcne\u015f panellerinin verimlili\u011fini art\u0131rarak enerji maliyetlerinizi d\u00fc\u015f\u00fcr\u00fcr ve \u00e7evre dostu bir enerji \u00e7\u00f6z\u00fcm\u00fc sunar. G\u00fc\u00e7l\u00fc ve dayan\u0131kl\u0131 yap\u0131s\u0131yla, uzun y\u0131llar g\u00fcvenle kullanabilirsiniz.<\/p>\n<\/div>\n<h4 class=\"tab-list-title\">\u00d6ne \u00c7\u0131kan \u00d6zellikler<\/h4>\n<div class=\"content-features\">\n<div class=\"ty-product-feature\">\n<div class=\"ty-product-feature__label\">G\u00fc\u00e7:<\/div>\n<div class=\"ty-product-feature__value\">10.2 kW<\/div>\n<\/div>\n<div class=\"ty-product-feature\">\n<div class=\"ty-product-feature__label\">\u00c7\u0131k\u0131\u015f Voltaj\u0131:<\/div>\n<div class=\"ty-product-feature__value\">48 V<\/div>\n<\/div>\n<div class=\"ty-product-feature\">\n<div class=\"ty-product-feature__label\">MPPT Tipi:<\/div>\n<div class=\"ty-product-feature__value\">MPPT<\/div>\n<\/div>\n<div class=\"ty-product-feature\">\n<div class=\"ty-product-feature__label\">Ak\u0131ll\u0131 \u0130nverter:<\/div>\n<div class=\"ty-product-feature__value\">Evet<\/div>\n<\/div>\n<div class=\"ty-product-feature\">\n<div class=\"ty-product-feature__label\">Giri\u015f Voltaj Aral\u0131\u011f\u0131:<\/div>\n<div class=\"ty-product-feature__value\">50-500 V<\/div>\n<\/div>\n<\/div>\n","protected":false},"excerpt":{"rendered":"<p>10.2 Kw 48 V Mppt Ak\u0131ll\u0131 \u0130nverter, enerji verimlili\u011fini maksimize etmek ve elektrik faturalar\u0131n\u0131z\u0131 azaltmak i\u00e7in tasarlanm\u0131\u015ft\u0131r. Kendine \u00f6zg\u00fc tasar\u0131m\u0131<\/p>\n","protected":false},"featured_media":35061,"template":"","meta":[],"pwb-brand":[210],"product_brand":[],"product_cat":[1990,1987,1991],"product_tag":[2258,2259],"class_list":{"0":"post-35634","1":"product","2":"type-product","3":"status-publish","4":"has-post-thumbnail","6":"pwb-brand-orbus","7":"product_cat-akilli-inverterler","8":"product_cat-inverterler","9":"product_cat-off-grid-inverterler","10":"product_tag-2kw-10200w-mppt-akilli-inverter","11":"product_tag-orbus-10","13":"first","14":"instock","15":"product-type-simple"},"jetpack_sharing_enabled":true,"brands":[{"id":210,"name":"Orbus","slug":"orbus"}],"_links":{"self":[{"href":"https:\/\/ynrsolar.shop\/index.php\/wp-json\/wp\/v2\/product\/35634","targetHints":{"allow":["GET"]}}],"collection":[{"href":"https:\/\/ynrsolar.shop\/index.php\/wp-json\/wp\/v2\/product"}],"about":[{"href":"https:\/\/ynrsolar.shop\/index.php\/wp-json\/wp\/v2\/types\/product"}],"version-history":[{"count":1,"href":"https:\/\/ynrsolar.shop\/index.php\/wp-json\/wp\/v2\/product\/35634\/revisions"}],"predecessor-version":[{"id":35668,"href":"https:\/\/ynrsolar.shop\/index.php\/wp-json\/wp\/v2\/product\/35634\/revisions\/35668"}],"wp:featuredmedia":[{"embeddable":true,"href":"https:\/\/ynrsolar.shop\/index.php\/wp-json\/wp\/v2\/media\/35061"}],"wp:attachment":[{"href":"https:\/\/ynrsolar.shop\/index.php\/wp-json\/wp\/v2\/media?parent=35634"}],"wp:term":[{"taxonomy":"pwb-brand","embeddable":true,"href":"https:\/\/ynrsolar.shop\/index.php\/wp-json\/wp\/v2\/pwb-brand?post=35634"},{"taxonomy":"product_brand","embeddable":true,"href":"https:\/\/ynrsolar.shop\/index.php\/wp-json\/wp\/v2\/product_brand?post=35634"},{"taxonomy":"product_cat","embeddable":true,"href":"https:\/\/ynrsolar.shop\/index.php\/wp-json\/wp\/v2\/product_cat?post=35634"},{"taxonomy":"product_tag","embeddable":true,"href":"https:\/\/ynrsolar.shop\/index.php\/wp-json\/wp\/v2\/product_tag?post=35634"}],"curies":[{"name":"wp","href":"https:\/\/api.w.org\/{rel}","templated":true}]}}