{"id":35633,"date":"2025-04-14T14:14:11","date_gmt":"2025-04-14T11:14:11","guid":{"rendered":"https:\/\/ynrsolar.shop\/?post_type=product&#038;p=35633"},"modified":"2025-06-09T18:03:59","modified_gmt":"2025-06-09T15:03:59","slug":"exelon-24v-100ah-lityum-aku","status":"publish","type":"product","link":"https:\/\/ynrsolar.shop\/index.php\/urun\/exelon-24v-100ah-lityum-aku\/","title":{"rendered":"Exelon 24V 100Ah Lityum Ak\u00fc"},"content":{"rendered":"<p>En yeni teknolojisini kullanan bu piller, y\u00fcksek verimlilik, h\u0131zl\u0131 \u015farj ve uzun \u00e7evrim \u00f6mr\u00fc gerektiren uygulamalar i\u00e7in tasarlanm\u0131\u015ft\u0131r.<\/p>\n<p><strong>Lityum Pil<\/strong><\/p>\n<div class=\"feature\">\n<div class=\"feature-content\">\n<p>Bu, pili \u00e7e\u015fitli uygulamalar i\u00e7in son derece g\u00fcvenilir ve emniyetli hale getirir.<\/p>\n<\/div>\n<div><\/div>\n<\/div>\n<div class=\"feature\">\n<div class=\"feature-icon\"><strong>1C De\u015farj\/\u015earj<\/strong><\/div>\n<div><\/div>\n<div class=\"feature-content\">1C h\u0131zlarda de\u015farj ve \u015farj etme kapasitesi, h\u0131zl\u0131 ve verimli g\u00fc\u00e7 da\u011f\u0131t\u0131m\u0131 ve depolamas\u0131na olanak tan\u0131r.<\/div>\n<div class=\"feature-content\"><\/div>\n<\/div>\n<div class=\"feature\">\n<div class=\"feature-content\">\n<h3><strong>LCD ekran<\/strong><\/h3>\n<p>Bu \u00f6zellik pilin kolay izlenmesine ve y\u00f6netilmesine olanak tan\u0131r.<\/p>\n<\/div>\n<\/div>\n<div class=\"feature\">\n<div class=\"feature-content\">\n<h3><strong>6000 \u00c7evrim \u00d6mr\u00fc<\/strong><\/h3>\n<p>Bu uzun \u00e7evrim \u00f6mr\u00fc, onu zaman i\u00e7inde uygun maliyetli bir \u00e7\u00f6z\u00fcm haline getirir.<\/p>\n<\/div>\n<\/div>\n","protected":false},"excerpt":{"rendered":"<p>En yeni teknolojisini kullanan bu piller, y\u00fcksek verimlilik, h\u0131zl\u0131 \u015farj ve uzun \u00e7evrim \u00f6mr\u00fc gerektiren uygulamalar i\u00e7in tasarlanm\u0131\u015ft\u0131r. Lityum Pil<\/p>\n","protected":false},"featured_media":35666,"template":"","meta":[],"pwb-brand":[250],"product_brand":[],"product_cat":[124,2002,2003],"product_tag":[2257],"class_list":{"0":"post-35633","1":"product","2":"type-product","3":"status-publish","4":"has-post-thumbnail","6":"pwb-brand-exelon","7":"product_cat-akuler","8":"product_cat-lifepo4-lithium","9":"product_cat-lityum-akuler","10":"product_tag-exelon-24v-100-ah-lityum-aku","12":"first","13":"instock","14":"shipping-taxable","15":"product-type-simple"},"jetpack_sharing_enabled":true,"brands":[{"id":250,"name":"Exelon","slug":"exelon"}],"_links":{"self":[{"href":"https:\/\/ynrsolar.shop\/index.php\/wp-json\/wp\/v2\/product\/35633","targetHints":{"allow":["GET"]}}],"collection":[{"href":"https:\/\/ynrsolar.shop\/index.php\/wp-json\/wp\/v2\/product"}],"about":[{"href":"https:\/\/ynrsolar.shop\/index.php\/wp-json\/wp\/v2\/types\/product"}],"version-history":[{"count":1,"href":"https:\/\/ynrsolar.shop\/index.php\/wp-json\/wp\/v2\/product\/35633\/revisions"}],"predecessor-version":[{"id":35667,"href":"https:\/\/ynrsolar.shop\/index.php\/wp-json\/wp\/v2\/product\/35633\/revisions\/35667"}],"wp:featuredmedia":[{"embeddable":true,"href":"https:\/\/ynrsolar.shop\/index.php\/wp-json\/wp\/v2\/media\/35666"}],"wp:attachment":[{"href":"https:\/\/ynrsolar.shop\/index.php\/wp-json\/wp\/v2\/media?parent=35633"}],"wp:term":[{"taxonomy":"pwb-brand","embeddable":true,"href":"https:\/\/ynrsolar.shop\/index.php\/wp-json\/wp\/v2\/pwb-brand?post=35633"},{"taxonomy":"product_brand","embeddable":true,"href":"https:\/\/ynrsolar.shop\/index.php\/wp-json\/wp\/v2\/product_brand?post=35633"},{"taxonomy":"product_cat","embeddable":true,"href":"https:\/\/ynrsolar.shop\/index.php\/wp-json\/wp\/v2\/product_cat?post=35633"},{"taxonomy":"product_tag","embeddable":true,"href":"https:\/\/ynrsolar.shop\/index.php\/wp-json\/wp\/v2\/product_tag?post=35633"}],"curies":[{"name":"wp","href":"https:\/\/api.w.org\/{rel}","templated":true}]}}