{"id":35583,"date":"2025-04-14T14:13:47","date_gmt":"2025-04-14T11:13:47","guid":{"rendered":"https:\/\/ynrsolar.shop\/?post_type=product&#038;p=35583"},"modified":"2025-06-09T18:05:50","modified_gmt":"2025-06-09T15:05:50","slug":"pantec-62kw-500vdc-mppt-90-500v-invertor","status":"publish","type":"product","link":"https:\/\/ynrsolar.shop\/index.php\/urun\/pantec-62kw-500vdc-mppt-90-500v-invertor\/","title":{"rendered":"Pantec 6,2kw 500VDC Mppt 90-500V \u0130nvert\u00f6r"},"content":{"rendered":"<p>Pantec 6.2kw 500VDC Mppt 90-500V \u0130nvert\u00f6r<\/p>\n<p>Ak\u0131ll\u0131 \u0130nvert\u00f6r<\/p>\n","protected":false},"excerpt":{"rendered":"<p>Pantec 6.2kw 500VDC Mppt 90-500V \u0130nvert\u00f6r Ak\u0131ll\u0131 \u0130nvert\u00f6r<\/p>\n","protected":false},"featured_media":35649,"template":"","meta":[],"pwb-brand":[315],"product_brand":[],"product_cat":[1990,1987],"product_tag":[2243],"class_list":{"0":"post-35583","1":"product","2":"type-product","3":"status-publish","4":"has-post-thumbnail","6":"pwb-brand-pantec","7":"product_cat-akilli-inverterler","8":"product_cat-inverterler","9":"product_tag-pantec-6-2kw-500vdc-mppt-90-500v-invertor","11":"first","12":"instock","13":"shipping-taxable","14":"product-type-simple"},"jetpack_sharing_enabled":true,"brands":[{"id":315,"name":"Pantec","slug":"pantec"}],"_links":{"self":[{"href":"https:\/\/ynrsolar.shop\/index.php\/wp-json\/wp\/v2\/product\/35583","targetHints":{"allow":["GET"]}}],"collection":[{"href":"https:\/\/ynrsolar.shop\/index.php\/wp-json\/wp\/v2\/product"}],"about":[{"href":"https:\/\/ynrsolar.shop\/index.php\/wp-json\/wp\/v2\/types\/product"}],"version-history":[{"count":1,"href":"https:\/\/ynrsolar.shop\/index.php\/wp-json\/wp\/v2\/product\/35583\/revisions"}],"predecessor-version":[{"id":35652,"href":"https:\/\/ynrsolar.shop\/index.php\/wp-json\/wp\/v2\/product\/35583\/revisions\/35652"}],"wp:featuredmedia":[{"embeddable":true,"href":"https:\/\/ynrsolar.shop\/index.php\/wp-json\/wp\/v2\/media\/35649"}],"wp:attachment":[{"href":"https:\/\/ynrsolar.shop\/index.php\/wp-json\/wp\/v2\/media?parent=35583"}],"wp:term":[{"taxonomy":"pwb-brand","embeddable":true,"href":"https:\/\/ynrsolar.shop\/index.php\/wp-json\/wp\/v2\/pwb-brand?post=35583"},{"taxonomy":"product_brand","embeddable":true,"href":"https:\/\/ynrsolar.shop\/index.php\/wp-json\/wp\/v2\/product_brand?post=35583"},{"taxonomy":"product_cat","embeddable":true,"href":"https:\/\/ynrsolar.shop\/index.php\/wp-json\/wp\/v2\/product_cat?post=35583"},{"taxonomy":"product_tag","embeddable":true,"href":"https:\/\/ynrsolar.shop\/index.php\/wp-json\/wp\/v2\/product_tag?post=35583"}],"curies":[{"name":"wp","href":"https:\/\/api.w.org\/{rel}","templated":true}]}}