{"id":35582,"date":"2025-04-14T14:13:46","date_gmt":"2025-04-14T11:13:46","guid":{"rendered":"https:\/\/ynrsolar.shop\/?post_type=product&#038;p=35582"},"modified":"2025-06-09T18:06:16","modified_gmt":"2025-06-09T15:06:16","slug":"pantec-36kw-90-500v-tam-sinus-akilli-invertor","status":"publish","type":"product","link":"https:\/\/ynrsolar.shop\/index.php\/urun\/pantec-36kw-90-500v-tam-sinus-akilli-invertor\/","title":{"rendered":"Pantec 3,6kw 90-500V Tam Sin\u00fcs Ak\u0131ll\u0131 \u0130nvert\u00f6r"},"content":{"rendered":"<p>Pantec 3.6kw 90-500V Tam Sin\u00fcs Ak\u0131ll\u0131 \u0130nvert\u00f6r<\/p>\n<p>Ak\u0131ll\u0131 \u0130nvert\u00f6r<\/p>\n","protected":false},"excerpt":{"rendered":"<p>Pantec 3.6kw 90-500V Tam Sin\u00fcs Ak\u0131ll\u0131 \u0130nvert\u00f6r Ak\u0131ll\u0131 \u0130nvert\u00f6r<\/p>\n","protected":false},"featured_media":35647,"template":"","meta":[],"pwb-brand":[315],"product_brand":[],"product_cat":[1990,1987],"product_tag":[2242],"class_list":{"0":"post-35582","1":"product","2":"type-product","3":"status-publish","4":"has-post-thumbnail","6":"pwb-brand-pantec","7":"product_cat-akilli-inverterler","8":"product_cat-inverterler","9":"product_tag-pantec-3-6kw-90-500v-tam-sinus-akilli-invertor","11":"first","12":"instock","13":"shipping-taxable","14":"product-type-simple"},"jetpack_sharing_enabled":true,"brands":[{"id":315,"name":"Pantec","slug":"pantec"}],"_links":{"self":[{"href":"https:\/\/ynrsolar.shop\/index.php\/wp-json\/wp\/v2\/product\/35582","targetHints":{"allow":["GET"]}}],"collection":[{"href":"https:\/\/ynrsolar.shop\/index.php\/wp-json\/wp\/v2\/product"}],"about":[{"href":"https:\/\/ynrsolar.shop\/index.php\/wp-json\/wp\/v2\/types\/product"}],"version-history":[{"count":1,"href":"https:\/\/ynrsolar.shop\/index.php\/wp-json\/wp\/v2\/product\/35582\/revisions"}],"predecessor-version":[{"id":35651,"href":"https:\/\/ynrsolar.shop\/index.php\/wp-json\/wp\/v2\/product\/35582\/revisions\/35651"}],"wp:featuredmedia":[{"embeddable":true,"href":"https:\/\/ynrsolar.shop\/index.php\/wp-json\/wp\/v2\/media\/35647"}],"wp:attachment":[{"href":"https:\/\/ynrsolar.shop\/index.php\/wp-json\/wp\/v2\/media?parent=35582"}],"wp:term":[{"taxonomy":"pwb-brand","embeddable":true,"href":"https:\/\/ynrsolar.shop\/index.php\/wp-json\/wp\/v2\/pwb-brand?post=35582"},{"taxonomy":"product_brand","embeddable":true,"href":"https:\/\/ynrsolar.shop\/index.php\/wp-json\/wp\/v2\/product_brand?post=35582"},{"taxonomy":"product_cat","embeddable":true,"href":"https:\/\/ynrsolar.shop\/index.php\/wp-json\/wp\/v2\/product_cat?post=35582"},{"taxonomy":"product_tag","embeddable":true,"href":"https:\/\/ynrsolar.shop\/index.php\/wp-json\/wp\/v2\/product_tag?post=35582"}],"curies":[{"name":"wp","href":"https:\/\/api.w.org\/{rel}","templated":true}]}}