{"id":35581,"date":"2025-04-14T14:13:46","date_gmt":"2025-04-14T11:13:46","guid":{"rendered":"https:\/\/ynrsolar.shop\/?post_type=product&#038;p=35581"},"modified":"2025-06-09T18:06:45","modified_gmt":"2025-06-09T15:06:45","slug":"pantec-3kw-500vdc-100a-mppt-40-500v-invertor","status":"publish","type":"product","link":"https:\/\/ynrsolar.shop\/index.php\/urun\/pantec-3kw-500vdc-100a-mppt-40-500v-invertor\/","title":{"rendered":"Pantec 3kw 500VDC 100A Mppt 40-500V \u0130nvert\u00f6r"},"content":{"rendered":"<p>Pantec 3kw 500VDC 100A Mppt 40-500V \u0130nvert\u00f6r<\/p>\n<p>Ak\u0131ll\u0131 \u0130nvert\u00f6r<\/p>\n","protected":false},"excerpt":{"rendered":"<p>Pantec 3kw 500VDC 100A Mppt 40-500V \u0130nvert\u00f6r Ak\u0131ll\u0131 \u0130nvert\u00f6r<\/p>\n","protected":false},"featured_media":35649,"template":"","meta":[],"pwb-brand":[315],"product_brand":[],"product_cat":[1990,1987],"product_tag":[2241],"class_list":{"0":"post-35581","1":"product","2":"type-product","3":"status-publish","4":"has-post-thumbnail","6":"pwb-brand-pantec","7":"product_cat-akilli-inverterler","8":"product_cat-inverterler","9":"product_tag-pantec-3kw-500vdc-100a-mppt-40-500v-invertor","11":"first","12":"instock","13":"shipping-taxable","14":"product-type-simple"},"jetpack_sharing_enabled":true,"brands":[{"id":315,"name":"Pantec","slug":"pantec"}],"_links":{"self":[{"href":"https:\/\/ynrsolar.shop\/index.php\/wp-json\/wp\/v2\/product\/35581","targetHints":{"allow":["GET"]}}],"collection":[{"href":"https:\/\/ynrsolar.shop\/index.php\/wp-json\/wp\/v2\/product"}],"about":[{"href":"https:\/\/ynrsolar.shop\/index.php\/wp-json\/wp\/v2\/types\/product"}],"version-history":[{"count":1,"href":"https:\/\/ynrsolar.shop\/index.php\/wp-json\/wp\/v2\/product\/35581\/revisions"}],"predecessor-version":[{"id":35650,"href":"https:\/\/ynrsolar.shop\/index.php\/wp-json\/wp\/v2\/product\/35581\/revisions\/35650"}],"wp:featuredmedia":[{"embeddable":true,"href":"https:\/\/ynrsolar.shop\/index.php\/wp-json\/wp\/v2\/media\/35649"}],"wp:attachment":[{"href":"https:\/\/ynrsolar.shop\/index.php\/wp-json\/wp\/v2\/media?parent=35581"}],"wp:term":[{"taxonomy":"pwb-brand","embeddable":true,"href":"https:\/\/ynrsolar.shop\/index.php\/wp-json\/wp\/v2\/pwb-brand?post=35581"},{"taxonomy":"product_brand","embeddable":true,"href":"https:\/\/ynrsolar.shop\/index.php\/wp-json\/wp\/v2\/product_brand?post=35581"},{"taxonomy":"product_cat","embeddable":true,"href":"https:\/\/ynrsolar.shop\/index.php\/wp-json\/wp\/v2\/product_cat?post=35581"},{"taxonomy":"product_tag","embeddable":true,"href":"https:\/\/ynrsolar.shop\/index.php\/wp-json\/wp\/v2\/product_tag?post=35581"}],"curies":[{"name":"wp","href":"https:\/\/api.w.org\/{rel}","templated":true}]}}