{"id":35579,"date":"2025-04-14T14:13:46","date_gmt":"2025-04-14T11:13:46","guid":{"rendered":"https:\/\/ynrsolar.shop\/?post_type=product&#038;p=35579"},"modified":"2025-06-09T18:06:37","modified_gmt":"2025-06-09T15:06:37","slug":"pantec-128v-200ah-lifepo4-lityum-aku","status":"publish","type":"product","link":"https:\/\/ynrsolar.shop\/index.php\/urun\/pantec-128v-200ah-lifepo4-lityum-aku\/","title":{"rendered":"Pantec 12,8V 200Ah LiFePO4 Lityum Ak\u00fc"},"content":{"rendered":"<p data-sourcepos=\"3:1-3:331\"><strong>Pantec 12,8V 200Ah LiFePO4<\/strong> batarya, enerjiye olan ihtiyac\u0131n\u0131z\u0131 en \u00fcst d\u00fczeyde kar\u015f\u0131lamak i\u00e7in tasarlanm\u0131\u015f ve g\u00fcvenilir ve uzun \u00f6m\u00fcrl\u00fc bir \u00e7\u00f6z\u00fcmd\u00fcr.<\/p>\n<p data-sourcepos=\"3:1-3:331\"><strong>Neden Pantec LiFePO4 Batarya?<\/strong><\/p>\n<ul data-sourcepos=\"7:1-12:0\">\n<li data-sourcepos=\"7:1-7:152\"><strong>Uzun \u00d6m\u00fcr:<\/strong>\u00a03000&#8217;e varan de\u015farj d\u00f6ng\u00fcs\u00fc ile yakla\u015f\u0131k 10 y\u0131l boyunca size hizmet eder. Karavan\u0131n\u0131zdaki t\u00fcm cihazlar\u0131 sorunsuz bir \u015fekilde \u00e7al\u0131\u015ft\u0131rabilir, teknenizdeki elektronik ekipmanlar\u0131n\u0131 g\u00fcvenle kullanabilirsiniz.<\/li>\n<li data-sourcepos=\"10:1-10:136\"><strong>Derin De\u015farj Kabiliyeti:<\/strong> \u0130ki adet 200Ah jel ak\u00fcye e\u015f de\u011fer kapasiteye sahip oldu\u011fu i\u00e7in ve uzun s\u00fcreli enerji ihtiyac\u0131n\u0131z\u0131 kar\u015f\u0131lar.<\/li>\n<li data-sourcepos=\"11:1-12:0\"><strong>Geni\u015f Kullan\u0131m Alanlar\u0131:<\/strong> Karavan, tiny house, ba\u011f evi, hobi bah\u00e7esi gibi 12V sistemlerde kullan\u0131ma uygundur.<\/li>\n<\/ul>\n<p data-sourcepos=\"13:1-13:36\"><strong>Kullan\u0131m Alanlar\u0131 ve Avantajlar\u0131<\/strong><\/p>\n<ul data-sourcepos=\"15:1-19:0\">\n<li data-sourcepos=\"15:1-15:167\"><strong>Karavan ve Tiny House:<\/strong>\u00a0Tatiliniz boyunca enerjiden tasarruf ederken t\u00fcm konforunuzu ya\u015fay\u0131n. Buzdolab\u0131, ayd\u0131nlatma, su pompas\u0131 gibi t\u00fcm cihazlar\u0131n\u0131z\u0131 \u00e7al\u0131\u015ft\u0131r\u0131n.<\/li>\n<li data-sourcepos=\"16:1-16:150\"><strong>Tekne:<\/strong>\u00a0Denizde uzun s\u00fcreler kal\u0131rken bile enerjiniz t\u00fckenmesin. Bal\u0131k tutma ekipmanlar\u0131n\u0131zdan, ileti\u015fim cihazlar\u0131n\u0131za kadar her \u015feyi \u00e7al\u0131\u015ft\u0131r\u0131n.<\/li>\n<li data-sourcepos=\"17:1-17:214\"><strong>Ba\u011f Evi ve Hobi Bah\u00e7esi:<\/strong>\u00a0Elektrik \u015febekesine ba\u011fl\u0131 olmadan kendi enerjinizi \u00fcretin ve kullan\u0131n.<\/li>\n<\/ul>\n<p data-sourcepos=\"20:1-20:21\"><strong>Teknik \u00d6zellikler<\/strong><\/p>\n<ul data-sourcepos=\"22:1-33:0\">\n<li data-sourcepos=\"22:1-22:19\"><strong>Voltaj:<\/strong>\u00a012,8V<\/li>\n<li data-sourcepos=\"23:1-23:30\"><strong>Kapasite:<\/strong>\u00a0200Ah (2560Wh)<\/li>\n<li data-sourcepos=\"24:1-24:29\"><strong>Maks. De\u015farj Y\u00fck\u00fc:<\/strong>\u00a0200A<\/li>\n<li data-sourcepos=\"25:1-25:29\"><strong>Anl\u0131k De\u015farj Maks:<\/strong>\u00a0400A<\/li>\n<li data-sourcepos=\"26:1-26:28\"><strong>De\u015farj Dip Voltaj:<\/strong>\u00a010V<\/li>\n<li data-sourcepos=\"27:1-27:27\"><strong>\u015earj Ak\u0131m\u0131 Maks:<\/strong>\u00a0200A<\/li>\n<li data-sourcepos=\"28:1-28:30\"><strong>Maks. \u015earj Voltaj:<\/strong>\u00a014,6V<\/li>\n<li data-sourcepos=\"29:1-29:29\"><strong>\u0130\u00e7 Diren\u00e7:<\/strong>\u00a0&lt; 20m Ohm<\/li>\n<li data-sourcepos=\"30:1-30:34\"><strong>Boyutlar:<\/strong>\u00a0460 x 210 x 223 mm<\/li>\n<li data-sourcepos=\"31:1-31:23\"><strong>A\u011f\u0131rl\u0131k:<\/strong>\u00a020,03 kg<\/li>\n<li data-sourcepos=\"32:1-33:0\"><strong>Terminal:<\/strong>\u00a0M8 Civata<\/li>\n<\/ul>\n<p data-sourcepos=\"34:1-34:73\"><strong>Pantec 12,8V 200Ah LiFePO4 batarya<\/strong>\u00a0ile enerji ba\u011f\u0131ms\u0131zl\u0131\u011f\u0131n\u0131 ya\u015fay\u0131n!<\/p>\n","protected":false},"excerpt":{"rendered":"<p>Pantec 12,8V 200Ah LiFePO4 batarya, enerjiye olan ihtiyac\u0131n\u0131z\u0131 en \u00fcst d\u00fczeyde kar\u015f\u0131lamak i\u00e7in tasarlanm\u0131\u015f ve g\u00fcvenilir ve uzun \u00f6m\u00fcrl\u00fc bir<\/p>\n","protected":false},"featured_media":35645,"template":"","meta":[],"pwb-brand":[315],"product_brand":[],"product_cat":[124,2002,2003],"product_tag":[2239,2238],"class_list":{"0":"post-35579","1":"product","2":"type-product","3":"status-publish","4":"has-post-thumbnail","6":"pwb-brand-pantec","7":"product_cat-akuler","8":"product_cat-lifepo4-lithium","9":"product_cat-lityum-akuler","10":"product_tag-8v-200ah-lifepo4-lityum-aku","11":"product_tag-pantec-12","13":"first","14":"instock","15":"shipping-taxable","16":"product-type-simple"},"jetpack_sharing_enabled":true,"brands":[{"id":315,"name":"Pantec","slug":"pantec"}],"_links":{"self":[{"href":"https:\/\/ynrsolar.shop\/index.php\/wp-json\/wp\/v2\/product\/35579","targetHints":{"allow":["GET"]}}],"collection":[{"href":"https:\/\/ynrsolar.shop\/index.php\/wp-json\/wp\/v2\/product"}],"about":[{"href":"https:\/\/ynrsolar.shop\/index.php\/wp-json\/wp\/v2\/types\/product"}],"version-history":[{"count":1,"href":"https:\/\/ynrsolar.shop\/index.php\/wp-json\/wp\/v2\/product\/35579\/revisions"}],"predecessor-version":[{"id":35646,"href":"https:\/\/ynrsolar.shop\/index.php\/wp-json\/wp\/v2\/product\/35579\/revisions\/35646"}],"wp:featuredmedia":[{"embeddable":true,"href":"https:\/\/ynrsolar.shop\/index.php\/wp-json\/wp\/v2\/media\/35645"}],"wp:attachment":[{"href":"https:\/\/ynrsolar.shop\/index.php\/wp-json\/wp\/v2\/media?parent=35579"}],"wp:term":[{"taxonomy":"pwb-brand","embeddable":true,"href":"https:\/\/ynrsolar.shop\/index.php\/wp-json\/wp\/v2\/pwb-brand?post=35579"},{"taxonomy":"product_brand","embeddable":true,"href":"https:\/\/ynrsolar.shop\/index.php\/wp-json\/wp\/v2\/product_brand?post=35579"},{"taxonomy":"product_cat","embeddable":true,"href":"https:\/\/ynrsolar.shop\/index.php\/wp-json\/wp\/v2\/product_cat?post=35579"},{"taxonomy":"product_tag","embeddable":true,"href":"https:\/\/ynrsolar.shop\/index.php\/wp-json\/wp\/v2\/product_tag?post=35579"}],"curies":[{"name":"wp","href":"https:\/\/api.w.org\/{rel}","templated":true}]}}