{"id":35571,"date":"2025-04-14T14:13:44","date_gmt":"2025-04-14T11:13:44","guid":{"rendered":"https:\/\/ynrsolar.shop\/?post_type=product&#038;p=35571"},"modified":"2025-06-09T18:08:28","modified_gmt":"2025-06-09T15:08:28","slug":"havensis-minisolar-wifi-modul-rs485-uzaktan-izleme-modulu","status":"publish","type":"product","link":"https:\/\/ynrsolar.shop\/index.php\/urun\/havensis-minisolar-wifi-modul-rs485-uzaktan-izleme-modulu\/","title":{"rendered":"Havensis MiniSolar Wifi Mod\u00fcl RS485 Uzaktan \u0130zleme Mod\u00fcl\u00fc"},"content":{"rendered":"<p>Havensis MiniSolar-Wifi Mod\u00fcl RS485 &#8211; Uzaktan \u0130zleme Mod\u00fcl\u00fc<\/p>\n","protected":false},"excerpt":{"rendered":"<p>Havensis MiniSolar-Wifi Mod\u00fcl RS485 &#8211; Uzaktan \u0130zleme Mod\u00fcl\u00fc<\/p>\n","protected":false},"featured_media":35614,"template":"","meta":[],"pwb-brand":[232],"product_brand":[],"product_cat":[2000,1999],"product_tag":[2230],"class_list":{"0":"post-35571","1":"product","2":"type-product","3":"status-publish","4":"has-post-thumbnail","6":"pwb-brand-havensis","7":"product_cat-mppt-sarj-kontrol-cihazlari","8":"product_cat-sarj-kontrol-cihazlari","9":"product_tag-havensis-minisolar-wifi-modul-rs485-uzaktan-izleme-modulu","11":"first","12":"instock","13":"product-type-simple"},"jetpack_sharing_enabled":true,"brands":[{"id":232,"name":"Havensis","slug":"havensis"}],"_links":{"self":[{"href":"https:\/\/ynrsolar.shop\/index.php\/wp-json\/wp\/v2\/product\/35571","targetHints":{"allow":["GET"]}}],"collection":[{"href":"https:\/\/ynrsolar.shop\/index.php\/wp-json\/wp\/v2\/product"}],"about":[{"href":"https:\/\/ynrsolar.shop\/index.php\/wp-json\/wp\/v2\/types\/product"}],"version-history":[{"count":1,"href":"https:\/\/ynrsolar.shop\/index.php\/wp-json\/wp\/v2\/product\/35571\/revisions"}],"predecessor-version":[{"id":35615,"href":"https:\/\/ynrsolar.shop\/index.php\/wp-json\/wp\/v2\/product\/35571\/revisions\/35615"}],"wp:featuredmedia":[{"embeddable":true,"href":"https:\/\/ynrsolar.shop\/index.php\/wp-json\/wp\/v2\/media\/35614"}],"wp:attachment":[{"href":"https:\/\/ynrsolar.shop\/index.php\/wp-json\/wp\/v2\/media?parent=35571"}],"wp:term":[{"taxonomy":"pwb-brand","embeddable":true,"href":"https:\/\/ynrsolar.shop\/index.php\/wp-json\/wp\/v2\/pwb-brand?post=35571"},{"taxonomy":"product_brand","embeddable":true,"href":"https:\/\/ynrsolar.shop\/index.php\/wp-json\/wp\/v2\/product_brand?post=35571"},{"taxonomy":"product_cat","embeddable":true,"href":"https:\/\/ynrsolar.shop\/index.php\/wp-json\/wp\/v2\/product_cat?post=35571"},{"taxonomy":"product_tag","embeddable":true,"href":"https:\/\/ynrsolar.shop\/index.php\/wp-json\/wp\/v2\/product_tag?post=35571"}],"curies":[{"name":"wp","href":"https:\/\/api.w.org\/{rel}","templated":true}]}}