{"id":35569,"date":"2025-04-14T14:13:43","date_gmt":"2025-04-14T11:13:43","guid":{"rendered":"https:\/\/ynrsolar.shop\/?post_type=product&#038;p=35569"},"modified":"2025-06-09T18:08:50","modified_gmt":"2025-06-09T15:08:50","slug":"unisun-256v-200ah-lifepo4-batarya-6000-cycle-ekran-bluetooth","status":"publish","type":"product","link":"https:\/\/ynrsolar.shop\/index.php\/urun\/unisun-256v-200ah-lifepo4-batarya-6000-cycle-ekran-bluetooth\/","title":{"rendered":"Unisun 25,6V 200Ah LiFEPO4 Batarya 6000 Cycle Ekran Bluetooth"},"content":{"rendered":"<div class=\"elementor-element elementor-element-075b109 wd-width-100 elementor-widget elementor-widget-wd_title\" data-id=\"075b109\" data-element_type=\"widget\" data-widget_type=\"wd_title.default\">\n<div class=\"elementor-widget-container\">\n<div class=\"title-wrapper wd-set-mb reset-last-child wd-title-color-default wd-title-style-default wd-title-size-default text-left\">\n<div class=\"liner-continer\">\n<h4 class=\"woodmart-title-container title wd-fontsize-l\">Teknik \u00d6zellikler<\/h4>\n<\/div>\n<\/div>\n<\/div>\n<\/div>\n<div class=\"elementor-element elementor-element-2b82d50 elementor-widget elementor-widget-wd_list\" data-id=\"2b82d50\" data-element_type=\"widget\" data-widget_type=\"wd_list.default\">\n<div class=\"elementor-widget-container\">\n<ul class=\"wd-list color-scheme-custom wd-fontsize-xs wd-type-image wd-style-default text-left\">\n<li class=\"elementor-repeater-item-a12e0c8\"><span class=\"wd-list-content list-content\">Volt : 25.6V<\/span><\/li>\n<\/ul>\n<\/div>\n<\/div>\n<div class=\"elementor-element elementor-element-d472aa4 elementor-widget-divider--view-line elementor-widget elementor-widget-divider\" data-id=\"d472aa4\" data-element_type=\"widget\" data-widget_type=\"divider.default\"><\/div>\n<div class=\"elementor-element elementor-element-4705c75 elementor-widget elementor-widget-wd_list\" data-id=\"4705c75\" data-element_type=\"widget\" data-widget_type=\"wd_list.default\">\n<div class=\"elementor-widget-container\">\n<ul class=\"wd-list color-scheme-custom wd-fontsize-xs wd-type-image wd-style-default text-left\">\n<li class=\"elementor-repeater-item-a12e0c8\"><span class=\"wd-list-content list-content\">Amper : 200A<\/span><\/li>\n<\/ul>\n<\/div>\n<\/div>\n<div class=\"elementor-element elementor-element-5151662 elementor-widget-divider--view-line elementor-widget elementor-widget-divider\" data-id=\"5151662\" data-element_type=\"widget\" data-widget_type=\"divider.default\"><\/div>\n<div class=\"elementor-element elementor-element-ac79a62 elementor-widget elementor-widget-wd_list\" data-id=\"ac79a62\" data-element_type=\"widget\" data-widget_type=\"wd_list.default\">\n<div class=\"elementor-widget-container\">\n<ul class=\"wd-list color-scheme-custom wd-fontsize-xs wd-type-image wd-style-default text-left\">\n<li class=\"elementor-repeater-item-a12e0c8\"><span class=\"wd-list-content list-content\">\u00d6l\u00e7\u00fcler : ?<\/span><\/li>\n<\/ul>\n<\/div>\n<\/div>\n<div class=\"elementor-element elementor-element-576169f elementor-widget-divider--view-line elementor-widget elementor-widget-divider\" data-id=\"576169f\" data-element_type=\"widget\" data-widget_type=\"divider.default\"><\/div>\n<div class=\"elementor-element elementor-element-9143bdc elementor-widget elementor-widget-wd_list\" data-id=\"9143bdc\" data-element_type=\"widget\" data-widget_type=\"wd_list.default\">\n<div class=\"elementor-widget-container\">\n<ul class=\"wd-list color-scheme-custom wd-fontsize-xs wd-type-image wd-style-default text-left\">\n<li class=\"elementor-repeater-item-a12e0c8\"><span class=\"wd-list-content list-content\">A\u011f\u0131rl\u0131k : ?<\/span><\/li>\n<\/ul>\n<\/div>\n<\/div>\n<div class=\"elementor-element elementor-element-a2e5a90 elementor-widget-divider--view-line elementor-widget elementor-widget-divider\" data-id=\"a2e5a90\" data-element_type=\"widget\" data-widget_type=\"divider.default\">\n<div class=\"elementor-widget-container\">\n<div class=\"elementor-divider\"><\/div>\n<\/div>\n<\/div>\n","protected":false},"excerpt":{"rendered":"<p>Teknik \u00d6zellikler Volt : 25.6V Amper : 200A \u00d6l\u00e7\u00fcler : ? A\u011f\u0131rl\u0131k : ?<\/p>\n","protected":false},"featured_media":35610,"template":"","meta":[],"pwb-brand":[1792],"product_brand":[],"product_cat":[124,2002,2003],"product_tag":[2227,2228],"class_list":{"0":"post-35569","1":"product","2":"type-product","3":"status-publish","4":"has-post-thumbnail","6":"pwb-brand-unisun-energy","7":"product_cat-akuler","8":"product_cat-lifepo4-lithium","9":"product_cat-lityum-akuler","10":"product_tag-6v-200ah-lifepo4-batarya-6000-cycle-ekran-bluetooth","11":"product_tag-unisun-25","13":"first","14":"instock","15":"shipping-taxable","16":"product-type-simple"},"jetpack_sharing_enabled":true,"brands":[{"id":1792,"name":"Unisun Energy","slug":"unisun-energy"}],"_links":{"self":[{"href":"https:\/\/ynrsolar.shop\/index.php\/wp-json\/wp\/v2\/product\/35569","targetHints":{"allow":["GET"]}}],"collection":[{"href":"https:\/\/ynrsolar.shop\/index.php\/wp-json\/wp\/v2\/product"}],"about":[{"href":"https:\/\/ynrsolar.shop\/index.php\/wp-json\/wp\/v2\/types\/product"}],"version-history":[{"count":1,"href":"https:\/\/ynrsolar.shop\/index.php\/wp-json\/wp\/v2\/product\/35569\/revisions"}],"predecessor-version":[{"id":35611,"href":"https:\/\/ynrsolar.shop\/index.php\/wp-json\/wp\/v2\/product\/35569\/revisions\/35611"}],"wp:featuredmedia":[{"embeddable":true,"href":"https:\/\/ynrsolar.shop\/index.php\/wp-json\/wp\/v2\/media\/35610"}],"wp:attachment":[{"href":"https:\/\/ynrsolar.shop\/index.php\/wp-json\/wp\/v2\/media?parent=35569"}],"wp:term":[{"taxonomy":"pwb-brand","embeddable":true,"href":"https:\/\/ynrsolar.shop\/index.php\/wp-json\/wp\/v2\/pwb-brand?post=35569"},{"taxonomy":"product_brand","embeddable":true,"href":"https:\/\/ynrsolar.shop\/index.php\/wp-json\/wp\/v2\/product_brand?post=35569"},{"taxonomy":"product_cat","embeddable":true,"href":"https:\/\/ynrsolar.shop\/index.php\/wp-json\/wp\/v2\/product_cat?post=35569"},{"taxonomy":"product_tag","embeddable":true,"href":"https:\/\/ynrsolar.shop\/index.php\/wp-json\/wp\/v2\/product_tag?post=35569"}],"curies":[{"name":"wp","href":"https:\/\/api.w.org\/{rel}","templated":true}]}}