{"id":35508,"date":"2025-04-14T14:13:17","date_gmt":"2025-04-14T11:13:17","guid":{"rendered":"https:\/\/ynrsolar.shop\/?post_type=product&#038;p=35508"},"modified":"2025-06-09T18:49:32","modified_gmt":"2025-06-09T15:49:32","slug":"lexron-62kwa-mppt-tam-sinus-akilli-inverter","status":"publish","type":"product","link":"https:\/\/ynrsolar.shop\/index.php\/urun\/lexron-62kwa-mppt-tam-sinus-akilli-inverter\/","title":{"rendered":"Lexron 6,2Kwa Mppt Tam Sin\u00fcs Ak\u0131ll\u0131 \u0130nverter"},"content":{"rendered":"<table border=\"0\" width=\"357\" cellspacing=\"0\" cellpadding=\"0\">\n<tbody>\n<tr>\n<td class=\"xl66\" width=\"208\" height=\"19\">(G\u0130R\u0130\u015e) \u00c7al\u0131\u015fma Voltaj\u0131<\/td>\n<td class=\"xl67\" width=\"149\">230 VAC<\/td>\n<td><\/td>\n<\/tr>\n<tr>\n<td class=\"xl69\" width=\"208\" height=\"19\">Ayarlanabilir Voltaj Aral\u0131\u011f\u0131<\/td>\n<td class=\"xl70\" width=\"149\">90-280 VAC<\/td>\n<td><\/td>\n<\/tr>\n<tr>\n<td class=\"xl66\" width=\"208\" height=\"19\">Frekans Aral\u0131\u011f\u0131<\/td>\n<td class=\"xl67\" width=\"149\">50 Hz \/ 60 Hz<\/td>\n<td><\/td>\n<\/tr>\n<tr>\n<td class=\"xl69\" width=\"208\" height=\"19\">(\u00c7IKI\u015e) Max Verim<\/td>\n<td class=\"xl71\" width=\"149\">97%<\/td>\n<td><\/td>\n<\/tr>\n<tr>\n<td class=\"xl66\" width=\"208\" height=\"19\">Demeraj G\u00fcc\u00fc<\/td>\n<td class=\"xl67\" width=\"149\">12000 VA<\/td>\n<td><\/td>\n<\/tr>\n<tr>\n<td class=\"xl69\" width=\"208\" height=\"19\">(AK\u00dc)Voltaj\u0131<\/td>\n<td class=\"xl70\" width=\"149\">48 VDC<\/td>\n<td><\/td>\n<\/tr>\n<tr>\n<td class=\"xl66\" width=\"208\" height=\"19\">A\u015f\u0131r\u0131 Y\u00fck Korumas\u0131<\/td>\n<td class=\"xl67\" width=\"149\">63 VDC<\/td>\n<td><\/td>\n<\/tr>\n<tr>\n<td class=\"xl69\" width=\"208\" height=\"19\">Max \u015eebeke \u015earj Ak\u0131m\u0131<\/td>\n<td class=\"xl70\" width=\"149\">60 A<\/td>\n<td><\/td>\n<\/tr>\n<tr>\n<td class=\"xl66\" width=\"208\" height=\"19\">(SOLAR \u015eARJ) Ak\u0131m\u0131<\/td>\n<td class=\"xl67\" width=\"149\">100 A<\/td>\n<td><\/td>\n<\/tr>\n<tr>\n<td class=\"xl69\" width=\"208\" height=\"19\">A\u00e7\u0131k Devre Gerilimi (max)<\/td>\n<td class=\"xl70\" width=\"149\">500 VDC<\/td>\n<td><\/td>\n<\/tr>\n<tr>\n<td class=\"xl69\" width=\"208\" height=\"19\">Boyut(mm)<\/td>\n<td class=\"xl70\" width=\"149\">495*312*125<\/td>\n<td><\/td>\n<\/tr>\n<tr>\n<td class=\"xl66\" width=\"208\" height=\"19\">A\u011f\u0131rl\u0131k(kg)<\/td>\n<td class=\"xl68\" width=\"149\">10.5<\/td>\n<\/tr>\n<\/tbody>\n<\/table>\n","protected":false},"excerpt":{"rendered":"<p>(G\u0130R\u0130\u015e) \u00c7al\u0131\u015fma Voltaj\u0131 230 VAC Ayarlanabilir Voltaj Aral\u0131\u011f\u0131 90-280 VAC Frekans Aral\u0131\u011f\u0131 50 Hz \/ 60 Hz (\u00c7IKI\u015e) Max Verim<\/p>\n","protected":false},"featured_media":35547,"template":"","meta":[],"pwb-brand":[294],"product_brand":[],"product_cat":[1990,1987,1991],"product_tag":[2205],"class_list":{"0":"post-35508","1":"product","2":"type-product","3":"status-publish","4":"has-post-thumbnail","6":"pwb-brand-lexron","7":"product_cat-akilli-inverterler","8":"product_cat-inverterler","9":"product_cat-off-grid-inverterler","10":"product_tag-lexron-6-2kwa-mppt-tam-sinus-akilli-inverter","12":"first","13":"instock","14":"product-type-simple"},"jetpack_sharing_enabled":true,"brands":[{"id":294,"name":"Lexron","slug":"lexron"}],"_links":{"self":[{"href":"https:\/\/ynrsolar.shop\/index.php\/wp-json\/wp\/v2\/product\/35508","targetHints":{"allow":["GET"]}}],"collection":[{"href":"https:\/\/ynrsolar.shop\/index.php\/wp-json\/wp\/v2\/product"}],"about":[{"href":"https:\/\/ynrsolar.shop\/index.php\/wp-json\/wp\/v2\/types\/product"}],"version-history":[{"count":1,"href":"https:\/\/ynrsolar.shop\/index.php\/wp-json\/wp\/v2\/product\/35508\/revisions"}],"predecessor-version":[{"id":35548,"href":"https:\/\/ynrsolar.shop\/index.php\/wp-json\/wp\/v2\/product\/35508\/revisions\/35548"}],"wp:featuredmedia":[{"embeddable":true,"href":"https:\/\/ynrsolar.shop\/index.php\/wp-json\/wp\/v2\/media\/35547"}],"wp:attachment":[{"href":"https:\/\/ynrsolar.shop\/index.php\/wp-json\/wp\/v2\/media?parent=35508"}],"wp:term":[{"taxonomy":"pwb-brand","embeddable":true,"href":"https:\/\/ynrsolar.shop\/index.php\/wp-json\/wp\/v2\/pwb-brand?post=35508"},{"taxonomy":"product_brand","embeddable":true,"href":"https:\/\/ynrsolar.shop\/index.php\/wp-json\/wp\/v2\/product_brand?post=35508"},{"taxonomy":"product_cat","embeddable":true,"href":"https:\/\/ynrsolar.shop\/index.php\/wp-json\/wp\/v2\/product_cat?post=35508"},{"taxonomy":"product_tag","embeddable":true,"href":"https:\/\/ynrsolar.shop\/index.php\/wp-json\/wp\/v2\/product_tag?post=35508"}],"curies":[{"name":"wp","href":"https:\/\/api.w.org\/{rel}","templated":true}]}}