{"id":35492,"date":"2025-04-14T14:13:13","date_gmt":"2025-04-14T11:13:13","guid":{"rendered":"https:\/\/ynrsolar.shop\/?post_type=product&#038;p=35492"},"modified":"2025-06-09T18:53:52","modified_gmt":"2025-06-09T15:53:52","slug":"lexron-25watt-monokristal-gunes-paneli","status":"publish","type":"product","link":"https:\/\/ynrsolar.shop\/index.php\/urun\/lexron-25watt-monokristal-gunes-paneli\/","title":{"rendered":"Lexron 25Watt Monokristal G\u00fcne\u015f Paneli"},"content":{"rendered":"<h2>Lexron 25Watt Monokristal G\u00fcne\u015f Paneli<\/h2>\n<ul>\n<li>Y\u00fcksek D\u00f6n\u00fc\u015f\u00fcm Verimlili\u011fi<\/li>\n<li>Kendi Kendini Temizleyen ve Yans\u0131may\u0131 Azaltan Cam<\/li>\n<li>D\u00fc\u015f\u00fck I\u015f\u0131n\u0131mda Y\u00fcksek Verimlilik<\/li>\n<li>M\u00fckemmel Dayan\u0131m Kapasitesi<\/li>\n<li>Kolay Kurulum<\/li>\n<\/ul>\n<p><strong>*2 Y\u0131l \u00dcr\u00fcn Garantisi<br \/>\n*10 Y\u0131l Performans Garantisi<\/strong><\/p>\n","protected":false},"excerpt":{"rendered":"<p>Lexron 25Watt Monokristal G\u00fcne\u015f Paneli Y\u00fcksek D\u00f6n\u00fc\u015f\u00fcm Verimlili\u011fi Kendi Kendini Temizleyen ve Yans\u0131may\u0131 Azaltan Cam D\u00fc\u015f\u00fck I\u015f\u0131n\u0131mda Y\u00fcksek Verimlilik M\u00fckemmel<\/p>\n","protected":false},"featured_media":34269,"template":"","meta":[],"pwb-brand":[294],"product_brand":[],"product_cat":[1984,1986],"product_tag":[2188],"class_list":{"0":"post-35492","1":"product","2":"type-product","3":"status-publish","4":"has-post-thumbnail","6":"pwb-brand-lexron","7":"product_cat-gunes-paneli","8":"product_cat-mono-kristal-gunes-panelleri","9":"product_tag-lexron-25watt-monokristal-gunes-paneli","11":"first","12":"instock","13":"product-type-simple"},"jetpack_sharing_enabled":true,"brands":[{"id":294,"name":"Lexron","slug":"lexron"}],"_links":{"self":[{"href":"https:\/\/ynrsolar.shop\/index.php\/wp-json\/wp\/v2\/product\/35492","targetHints":{"allow":["GET"]}}],"collection":[{"href":"https:\/\/ynrsolar.shop\/index.php\/wp-json\/wp\/v2\/product"}],"about":[{"href":"https:\/\/ynrsolar.shop\/index.php\/wp-json\/wp\/v2\/types\/product"}],"version-history":[{"count":1,"href":"https:\/\/ynrsolar.shop\/index.php\/wp-json\/wp\/v2\/product\/35492\/revisions"}],"predecessor-version":[{"id":35525,"href":"https:\/\/ynrsolar.shop\/index.php\/wp-json\/wp\/v2\/product\/35492\/revisions\/35525"}],"wp:featuredmedia":[{"embeddable":true,"href":"https:\/\/ynrsolar.shop\/index.php\/wp-json\/wp\/v2\/media\/34269"}],"wp:attachment":[{"href":"https:\/\/ynrsolar.shop\/index.php\/wp-json\/wp\/v2\/media?parent=35492"}],"wp:term":[{"taxonomy":"pwb-brand","embeddable":true,"href":"https:\/\/ynrsolar.shop\/index.php\/wp-json\/wp\/v2\/pwb-brand?post=35492"},{"taxonomy":"product_brand","embeddable":true,"href":"https:\/\/ynrsolar.shop\/index.php\/wp-json\/wp\/v2\/product_brand?post=35492"},{"taxonomy":"product_cat","embeddable":true,"href":"https:\/\/ynrsolar.shop\/index.php\/wp-json\/wp\/v2\/product_cat?post=35492"},{"taxonomy":"product_tag","embeddable":true,"href":"https:\/\/ynrsolar.shop\/index.php\/wp-json\/wp\/v2\/product_tag?post=35492"}],"curies":[{"name":"wp","href":"https:\/\/api.w.org\/{rel}","templated":true}]}}