{"id":35490,"date":"2025-04-14T14:13:13","date_gmt":"2025-04-14T11:13:13","guid":{"rendered":"https:\/\/ynrsolar.shop\/?post_type=product&#038;p=35490"},"modified":"2025-06-09T18:54:11","modified_gmt":"2025-06-09T15:54:11","slug":"lexron-230w-half-cut-monokristal-gunes-paneli","status":"publish","type":"product","link":"https:\/\/ynrsolar.shop\/index.php\/urun\/lexron-230w-half-cut-monokristal-gunes-paneli\/","title":{"rendered":"Lexron 230W Half-Cut MonoKristal G\u00fcne\u015f Paneli"},"content":{"rendered":"<p>Lexron 230W Half-Cut MonoKristal G\u00fcne\u015f Paneli<\/p>\n<table border=\"0\" width=\"400\" cellspacing=\"0\" cellpadding=\"0\">\n<tbody>\n<tr>\n<td class=\"xl66\" width=\"204\" height=\"20\">\u00dcr\u00fcn Tan\u0131m\u0131<\/td>\n<td class=\"xl66\" width=\"14\"><\/td>\n<td class=\"xl66\" width=\"182\">HALF CUT 230W MONOKRISTAL<\/td>\n<\/tr>\n<tr>\n<td class=\"xl66\" width=\"204\" height=\"20\">\u00dcr\u00fcn Kodu<\/td>\n<td class=\"xl66\" width=\"14\">:<\/td>\n<td class=\"xl66\" width=\"182\">LXR-230M<\/td>\n<\/tr>\n<tr>\n<td class=\"xl66\" width=\"204\" height=\"20\">Marka<\/td>\n<td class=\"xl66\" width=\"14\">:<\/td>\n<td class=\"xl66\" width=\"182\">LEXRON<\/td>\n<\/tr>\n<tr>\n<td class=\"xl67\" width=\"204\" height=\"20\">Sertifikalar<\/td>\n<td class=\"xl67\" width=\"14\">:<\/td>\n<td class=\"xl67\" width=\"182\">CE, IEC<\/td>\n<\/tr>\n<tr>\n<td class=\"xl66\" width=\"204\" height=\"20\">Elektriksel \u00d6zellikler<\/td>\n<td class=\"xl66\" width=\"14\"><\/td>\n<td class=\"xl66\" width=\"182\"><\/td>\n<\/tr>\n<tr>\n<td class=\"xl67\" width=\"204\" height=\"20\">G\u00fc\u00e7<\/td>\n<td class=\"xl67\" width=\"14\">:<\/td>\n<td class=\"xl67\" width=\"182\">230W<\/td>\n<\/tr>\n<tr>\n<td class=\"xl67\" width=\"204\" height=\"20\">H\u00fccre Say\u0131s\u0131<\/td>\n<td class=\"xl67\" width=\"14\">:<\/td>\n<td class=\"xl67\" width=\"182\">72<\/td>\n<\/tr>\n<tr>\n<td class=\"xl67\" width=\"204\" height=\"20\">A\u00e7\u0131k Devre Voltaj\u0131 (Voc)<\/td>\n<td class=\"xl67\" width=\"14\">:<\/td>\n<td class=\"xl65\">25,38V<\/td>\n<\/tr>\n<tr>\n<td class=\"xl67\" width=\"204\" height=\"20\">Maks. Voltaj (Vmp)<\/td>\n<td class=\"xl67\" width=\"14\">:<\/td>\n<td class=\"xl65\">21,15V<\/td>\n<\/tr>\n<tr>\n<td class=\"xl67\" width=\"204\" height=\"20\">K\u0131sa Devre Ak\u0131m\u0131 (Isc)<\/td>\n<td class=\"xl67\" width=\"14\">:<\/td>\n<td class=\"xl65\">11,47A<\/td>\n<\/tr>\n<tr>\n<td class=\"xl67\" width=\"204\" height=\"20\">Maks. Ak\u0131m (Imp)<\/td>\n<td class=\"xl67\" width=\"14\">:<\/td>\n<td class=\"xl65\">10,87A<\/td>\n<\/tr>\n<tr>\n<td class=\"xl67\" width=\"204\" height=\"20\">Maks. Sistem Voltaj\u0131<\/td>\n<td class=\"xl67\" width=\"14\">:<\/td>\n<td class=\"xl65\">1000V<\/td>\n<\/tr>\n<tr>\n<td class=\"xl68\" height=\"20\">Mekanik \u00d6zellikler<\/td>\n<td class=\"xl68\"><\/td>\n<td class=\"xl66\" width=\"182\"><\/td>\n<\/tr>\n<tr>\n<td class=\"xl67\" width=\"204\" height=\"20\">Mod\u00fcl \u00d6l\u00e7\u00fcleri (mm)<\/td>\n<td class=\"xl67\" width=\"14\">:<\/td>\n<td class=\"xl69\">1581*716*30<\/td>\n<\/tr>\n<tr>\n<td class=\"xl67\" width=\"204\" height=\"20\">A\u011f\u0131rl\u0131k<\/td>\n<td class=\"xl67\" width=\"14\">:<\/td>\n<td class=\"xl67\" width=\"182\">13kg<\/td>\n<\/tr>\n<tr>\n<td class=\"xl70\" colspan=\"3\" height=\"20\">Standart Test Ko\u015fullar\u0131: Am=1.5 E=1000W\/m2 Tc=25\u2103<\/td>\n<\/tr>\n<\/tbody>\n<\/table>\n","protected":false},"excerpt":{"rendered":"<p>Lexron 230W Half-Cut MonoKristal G\u00fcne\u015f Paneli \u00dcr\u00fcn Tan\u0131m\u0131 HALF CUT 230W MONOKRISTAL \u00dcr\u00fcn Kodu : LXR-230M Marka : LEXRON Sertifikalar<\/p>\n","protected":false},"featured_media":35522,"template":"","meta":[],"pwb-brand":[294],"product_brand":[],"product_cat":[1984,1985],"product_tag":[1973],"class_list":{"0":"post-35490","1":"product","2":"type-product","3":"status-publish","4":"has-post-thumbnail","6":"pwb-brand-lexron","7":"product_cat-gunes-paneli","8":"product_cat-half-cut-gunes-panelleri","9":"product_tag-lexron-230w-half-cut-monokristal-gunes-paneli","11":"first","12":"instock","13":"product-type-simple"},"jetpack_sharing_enabled":true,"brands":[{"id":294,"name":"Lexron","slug":"lexron"}],"_links":{"self":[{"href":"https:\/\/ynrsolar.shop\/index.php\/wp-json\/wp\/v2\/product\/35490","targetHints":{"allow":["GET"]}}],"collection":[{"href":"https:\/\/ynrsolar.shop\/index.php\/wp-json\/wp\/v2\/product"}],"about":[{"href":"https:\/\/ynrsolar.shop\/index.php\/wp-json\/wp\/v2\/types\/product"}],"version-history":[{"count":1,"href":"https:\/\/ynrsolar.shop\/index.php\/wp-json\/wp\/v2\/product\/35490\/revisions"}],"predecessor-version":[{"id":35523,"href":"https:\/\/ynrsolar.shop\/index.php\/wp-json\/wp\/v2\/product\/35490\/revisions\/35523"}],"wp:featuredmedia":[{"embeddable":true,"href":"https:\/\/ynrsolar.shop\/index.php\/wp-json\/wp\/v2\/media\/35522"}],"wp:attachment":[{"href":"https:\/\/ynrsolar.shop\/index.php\/wp-json\/wp\/v2\/media?parent=35490"}],"wp:term":[{"taxonomy":"pwb-brand","embeddable":true,"href":"https:\/\/ynrsolar.shop\/index.php\/wp-json\/wp\/v2\/pwb-brand?post=35490"},{"taxonomy":"product_brand","embeddable":true,"href":"https:\/\/ynrsolar.shop\/index.php\/wp-json\/wp\/v2\/product_brand?post=35490"},{"taxonomy":"product_cat","embeddable":true,"href":"https:\/\/ynrsolar.shop\/index.php\/wp-json\/wp\/v2\/product_cat?post=35490"},{"taxonomy":"product_tag","embeddable":true,"href":"https:\/\/ynrsolar.shop\/index.php\/wp-json\/wp\/v2\/product_tag?post=35490"}],"curies":[{"name":"wp","href":"https:\/\/api.w.org\/{rel}","templated":true}]}}