{"id":35489,"date":"2025-04-14T14:13:13","date_gmt":"2025-04-14T11:13:13","guid":{"rendered":"https:\/\/ynrsolar.shop\/?post_type=product&#038;p=35489"},"modified":"2025-06-09T18:54:02","modified_gmt":"2025-06-09T15:54:02","slug":"dmr-solar-1kw-lityum-solar-jenarator-lityum-akulu","status":"publish","type":"product","link":"https:\/\/ynrsolar.shop\/index.php\/urun\/dmr-solar-1kw-lityum-solar-jenarator-lityum-akulu\/","title":{"rendered":"Dmr Solar 1Kw Lityum Solar Jenarat\u00f6r Lityum Ak\u00fcl\u00fc"},"content":{"rendered":"<p>Dmr Solar 1Kw Lityum Solar Jenarat\u00f6r Lityum Ak\u00fcl\u00fc<\/p>\n<p>Kutu \u0130\u00e7eri\u011fi:<\/p>\n<p>1Kw Ak\u0131ll\u0131 \u0130nverter Pwm (\u015eebeke-Jenarat\u00f6r Destekli) (1 Adet)<br \/>\n12.8V 100A Lityum Ak\u00fc (Lifepo4) (1 Adet)<br \/>\n\u0130nverter &amp; Ak\u00fc Aras\u0131 Dc Sigorta Set (100A) (1 Adet)<\/p>\n<p>Neler \u00c7al\u0131\u015ft\u0131r\u0131r :<\/p>\n<p>-Mini buzdolab\u0131 (6 Saat)<br \/>\n-Televizyon (G\u00fcnde 5 Saat)<br \/>\n-Laptop (G\u00fcnde 5 Saat)<br \/>\n-Ayd\u0131nlatma (10W*5 Lamba* G\u00fcnde 8 Saat)<br \/>\n-Telefon \u015earj\u0131 (S\u0131n\u0131rs\u0131z)<\/p>\n<p>\u015eebeke&#8217;den \u015earj<\/p>\n<p>Uygun G\u00fcne\u015f Paneli ile \u015earj<\/p>\n","protected":false},"excerpt":{"rendered":"<p>Dmr Solar 1Kw Lityum Solar Jenarat\u00f6r Lityum Ak\u00fcl\u00fc Kutu \u0130\u00e7eri\u011fi: 1Kw Ak\u0131ll\u0131 \u0130nverter Pwm (\u015eebeke-Jenarat\u00f6r Destekli) (1 Adet) 12.8V 100A<\/p>\n","protected":false},"featured_media":35520,"template":"","meta":[],"pwb-brand":[1755],"product_brand":[],"product_cat":[2086,2091,2023],"product_tag":[1970],"class_list":{"0":"post-35489","1":"product","2":"type-product","3":"status-publish","4":"has-post-thumbnail","6":"pwb-brand-dmr-tech","7":"product_cat-bag-bahce-hazir-paket","8":"product_cat-karavan-hazir-paket","9":"product_cat-paket-sistemler","10":"product_tag-solar-jenarator","12":"first","13":"instock","14":"product-type-simple"},"jetpack_sharing_enabled":true,"brands":[{"id":1755,"name":"Dmr Tech","slug":"dmr-tech"}],"_links":{"self":[{"href":"https:\/\/ynrsolar.shop\/index.php\/wp-json\/wp\/v2\/product\/35489","targetHints":{"allow":["GET"]}}],"collection":[{"href":"https:\/\/ynrsolar.shop\/index.php\/wp-json\/wp\/v2\/product"}],"about":[{"href":"https:\/\/ynrsolar.shop\/index.php\/wp-json\/wp\/v2\/types\/product"}],"version-history":[{"count":1,"href":"https:\/\/ynrsolar.shop\/index.php\/wp-json\/wp\/v2\/product\/35489\/revisions"}],"predecessor-version":[{"id":35521,"href":"https:\/\/ynrsolar.shop\/index.php\/wp-json\/wp\/v2\/product\/35489\/revisions\/35521"}],"wp:featuredmedia":[{"embeddable":true,"href":"https:\/\/ynrsolar.shop\/index.php\/wp-json\/wp\/v2\/media\/35520"}],"wp:attachment":[{"href":"https:\/\/ynrsolar.shop\/index.php\/wp-json\/wp\/v2\/media?parent=35489"}],"wp:term":[{"taxonomy":"pwb-brand","embeddable":true,"href":"https:\/\/ynrsolar.shop\/index.php\/wp-json\/wp\/v2\/pwb-brand?post=35489"},{"taxonomy":"product_brand","embeddable":true,"href":"https:\/\/ynrsolar.shop\/index.php\/wp-json\/wp\/v2\/product_brand?post=35489"},{"taxonomy":"product_cat","embeddable":true,"href":"https:\/\/ynrsolar.shop\/index.php\/wp-json\/wp\/v2\/product_cat?post=35489"},{"taxonomy":"product_tag","embeddable":true,"href":"https:\/\/ynrsolar.shop\/index.php\/wp-json\/wp\/v2\/product_tag?post=35489"}],"curies":[{"name":"wp","href":"https:\/\/api.w.org\/{rel}","templated":true}]}}