{"id":35444,"date":"2025-04-14T14:12:52","date_gmt":"2025-04-14T11:12:52","guid":{"rendered":"https:\/\/ynrsolar.shop\/?post_type=product&#038;p=35444"},"modified":"2025-06-09T18:54:48","modified_gmt":"2025-06-09T15:54:48","slug":"27kva-lityum-2700w-gunes-enerjisi-solar-paketi-lityum-akulu","status":"publish","type":"product","link":"https:\/\/ynrsolar.shop\/index.php\/urun\/27kva-lityum-2700w-gunes-enerjisi-solar-paketi-lityum-akulu\/","title":{"rendered":"2,7Kva Lityum 2700W G\u00fcne\u015f enerjisi Solar Paketi Lityum Ak\u00fcl\u00fc"},"content":{"rendered":"<p>Ynr Solar 2.7Kva (2700W) G\u00fcne\u015f enerjisi Solar Paketi Lityum Ak\u00fcl\u00fc<\/p>\n<p>24V \/ 2.7Kw Ak\u0131ll\u0131 \u0130nverter Mppt (\u015eebeke, Jenarat\u00f6r Destekli) (1 Adet)<br \/>\n550W Half-Cut MonoKristal G\u00fcne\u015f Paneli (4 Adet)<br \/>\n25.6V \/200A Lityum Ak\u00fc Lifepo4 (1 Adet)<br \/>\n6mm Solar Dc Kablo K\u0131rm\u0131z\u0131 (5 Metre)<br \/>\n6mm Solar Dc Kablo Siyah (5 Metre)<br \/>\nMc4 Konnekt\u00f6r (1 Adet) Kablo U\u00e7lar\u0131na Tak\u0131l\u0131<br \/>\nAk\u00fc &amp; \u0130nverter Aras\u0131 Kablo (1,5 Metre)<br \/>\n\u0130nverter &amp; Ak\u00fc Aras\u0131 Dc Sigorta Set (100A)<br \/>\n\u0130nverter &amp; G\u00fcne\u015f Paneli Dc Sigorta Set (16A 1 Set)<\/p>\n<p>(Sigorta Seti Takmadan Sisteminizi \u00c7al\u0131\u015ft\u0131rmay\u0131n\u0131z)<\/p>\n<p>Bu Paket ile Hangi Cihaz Ne Kadar \u00c7al\u0131\u015f\u0131r?<\/p>\n<p>&#8211; Buzdolab\u0131 (1 Adet A++ Enerji S\u0131n\u0131f\u0131 24 Saat)<br \/>\n&#8211; Diz\u00fcst\u00fc Bilgisayar (\u00c7evre Birimleri Hari\u00e7 12 Saat)<br \/>\n&#8211; Televizyon (1 Adet\u00a0 LDC LED 3 Saat)<br \/>\n&#8211; 8W Tasarruf Lambas\u0131 (LED Lambas\u0131 3 Adet 6 Saat)<br \/>\n&#8211; Cep Telefonu \u015earj\u0131 (K\u00fc\u00e7\u00fck Ev Aletleri)<\/p>\n<p>Not: Yukar\u0131da belirtilen kullan\u0131m s\u00fcreleri ve \u00fcretim de\u011ferleri, T\u00fcrkiye\u2019nin ortalama g\u00fcne\u015flenme s\u00fcresi (g\u00fcnl\u00fck 4 saat) \u00fczerinden hesaplanm\u0131\u015ft\u0131r. \u00dcretilen enerji ve t\u00fcketim s\u00fcreleri hava durumlar\u0131na ve b\u00f6lgelere g\u00f6re de\u011fi\u015fkenlik g\u00f6sterebilir.<\/p>\n<p>Kolay Kurulum: Kullan\u0131ma haz\u0131r paket, basit montaj ve kurulum ile h\u0131zl\u0131ca kullan\u0131ma ba\u015flanabilir.<br \/>\nY\u00fcksek Performans: \u00dcst\u00fcn kaliteli bile\u015fenler ile maksimum enerji verimlili\u011fi sa\u011flar.<br \/>\nDayan\u0131kl\u0131 ve G\u00fcvenilir: Jel ak\u00fcler ve kaliteli inverter ile uzun \u00f6m\u00fcrl\u00fc ve g\u00fcvenli enerji depolama.<br \/>\n\u00c7evre Dostu: Yenilenebilir enerji kullanarak \u00e7evreyi korur ve enerji tasarrufu sa\u011flar.<\/p>\n<p>\u00dcr\u00fcnler Stok Durumuna G\u00f6re Farkl\u0131l\u0131k G\u00f6sterebilir.<br \/>\nMontaj Hizmeti Bulunmaktad\u0131r (Fiyata Dahil De\u011fildir) Randevu \u0130le Yap\u0131lmaktad\u0131r.<\/p>\n","protected":false},"excerpt":{"rendered":"<p>Ynr Solar 2.7Kva (2700W) G\u00fcne\u015f enerjisi Solar Paketi Lityum Ak\u00fcl\u00fc 24V \/ 2.7Kw Ak\u0131ll\u0131 \u0130nverter Mppt (\u015eebeke, Jenarat\u00f6r Destekli) (1<\/p>\n","protected":false},"featured_media":35481,"template":"","meta":[],"pwb-brand":[],"product_brand":[],"product_cat":[2086,2081,2023],"product_tag":[1110,2183],"class_list":{"0":"post-35444","1":"product","2":"type-product","3":"status-publish","4":"has-post-thumbnail","6":"product_cat-bag-bahce-hazir-paket","7":"product_cat-off-grid-hazir-paket","8":"product_cat-paket-sistemler","9":"product_tag-1110","10":"product_tag-7kva-lityum-2700w-gunes-enerjisi-solar-paketi-lityum-akulu","12":"first","13":"instock","14":"shipping-taxable","15":"product-type-simple"},"jetpack_sharing_enabled":true,"brands":[],"_links":{"self":[{"href":"https:\/\/ynrsolar.shop\/index.php\/wp-json\/wp\/v2\/product\/35444","targetHints":{"allow":["GET"]}}],"collection":[{"href":"https:\/\/ynrsolar.shop\/index.php\/wp-json\/wp\/v2\/product"}],"about":[{"href":"https:\/\/ynrsolar.shop\/index.php\/wp-json\/wp\/v2\/types\/product"}],"version-history":[{"count":1,"href":"https:\/\/ynrsolar.shop\/index.php\/wp-json\/wp\/v2\/product\/35444\/revisions"}],"predecessor-version":[{"id":35482,"href":"https:\/\/ynrsolar.shop\/index.php\/wp-json\/wp\/v2\/product\/35444\/revisions\/35482"}],"wp:featuredmedia":[{"embeddable":true,"href":"https:\/\/ynrsolar.shop\/index.php\/wp-json\/wp\/v2\/media\/35481"}],"wp:attachment":[{"href":"https:\/\/ynrsolar.shop\/index.php\/wp-json\/wp\/v2\/media?parent=35444"}],"wp:term":[{"taxonomy":"pwb-brand","embeddable":true,"href":"https:\/\/ynrsolar.shop\/index.php\/wp-json\/wp\/v2\/pwb-brand?post=35444"},{"taxonomy":"product_brand","embeddable":true,"href":"https:\/\/ynrsolar.shop\/index.php\/wp-json\/wp\/v2\/product_brand?post=35444"},{"taxonomy":"product_cat","embeddable":true,"href":"https:\/\/ynrsolar.shop\/index.php\/wp-json\/wp\/v2\/product_cat?post=35444"},{"taxonomy":"product_tag","embeddable":true,"href":"https:\/\/ynrsolar.shop\/index.php\/wp-json\/wp\/v2\/product_tag?post=35444"}],"curies":[{"name":"wp","href":"https:\/\/api.w.org\/{rel}","templated":true}]}}