{"id":35431,"date":"2025-04-14T14:12:49","date_gmt":"2025-04-14T11:12:49","guid":{"rendered":"https:\/\/ynrsolar.shop\/?post_type=product&#038;p=35431"},"modified":"2025-06-09T18:56:52","modified_gmt":"2025-06-09T15:56:52","slug":"36kw-mppt-3600w-gunes-enerjisi-solar-paket-jel-aku","status":"publish","type":"product","link":"https:\/\/ynrsolar.shop\/index.php\/urun\/36kw-mppt-3600w-gunes-enerjisi-solar-paket-jel-aku\/","title":{"rendered":"3,6Kw Mppt 3600W G\u00fcne\u015f Enerjisi Solar Paket Jel Ak\u00fc"},"content":{"rendered":"<p>Ynr Solar 3.6Kw Mppt (3600W) G\u00fcne\u015f Enerjisi Solar Paket Jel Ak\u00fc<\/p>\n<p>24V \/ 3.6Kw Ak\u0131ll\u0131 \u0130nverter Mppt (\u015eebeke, Jenarat\u00f6r Destekli) (1 Adet)<br \/>\n550W Half-Cut MonoKristal G\u00fcne\u015f Paneli (4 Adet)<br \/>\n12V\/200A Jel Ak\u00fc Derin D\u00f6ng\u00fc (2 Adet)<br \/>\n6mm Solar Dc Kablo K\u0131rm\u0131z\u0131 (5 Metre)<br \/>\n6mm Solar Dc Kablo Siyah (5 Metre)<br \/>\nMc4 Konnekt\u00f6r (1 Adet) Kablo U\u00e7lar\u0131na Tak\u0131l\u0131<br \/>\nAk\u00fcler Aras\u0131 Seri Ba\u011flant\u0131 Kablosu (1 Adet)<br \/>\nAk\u00fc \u015earj Kontrol Aras\u0131 Kablo (1,5 Metre)<br \/>\n2&#8217;L\u00fc Brunch Paralel Ba\u011flant\u0131 Konnekt\u00f6r (1 Adet)<br \/>\nPaneller Aras\u0131 Uzatma Kablo (2 Adet)<br \/>\n\u0130nverter &amp; Ak\u00fc Aras\u0131 Dc Sigorta Set (100A)<br \/>\n\u0130nverter &amp; G\u00fcne\u015f Paneli Dc Sigorta Set (16A)<\/p>\n<p>&nbsp;<\/p>\n<p>Bu Paket ile Hangi Cihaz Ne Kadar \u00c7al\u0131\u015f\u0131r?<\/p>\n<p>&#8211; Orta Boy Buzdolab\u0131 (A++ Enerji S\u0131n\u0131f\u0131 24 Saat)<br \/>\n&#8211; Diz\u00fcst\u00fc Bilgisayar (\u00c7evre Birimleri Hari\u00e7 4 Saat)<br \/>\n&#8211; Televizyon (1 Adet 90 Ekran LDC LED 8 Saat)<br \/>\n&#8211; 11W Tasarruf Lambas\u0131 (LED Lambas\u0131 4 Adet 8 Saat Tasaruf Lambas\u0131 4 Adet 8 Saat)<br \/>\n&#8211; Cep Telefonu \u015earj\u0131 \/ Oyuncak \u015earj\u0131 \/ MP3, Radyo Player \u015earj\u0131 (1\u2019er Adet S\u0131n\u0131rs\u0131z S\u00fcreyle)<\/p>\n<p>&nbsp;<\/p>\n<p>Not:\u00a0Yukar\u0131da belirtilen kullan\u0131m s\u00fcreleri ve \u00fcretim de\u011ferleri, T\u00fcrkiye\u2019nin ortalama g\u00fcne\u015flenme s\u00fcresi (g\u00fcnl\u00fck 4 saat) \u00fczerinden hesaplanm\u0131\u015ft\u0131r. \u00dcretilen enerji ve t\u00fcketim s\u00fcreleri hava durumlar\u0131na ve b\u00f6lgelere g\u00f6re de\u011fi\u015fkenlik g\u00f6sterebilir.<\/p>\n<p>Kolay Kurulum:\u00a0Kullan\u0131ma haz\u0131r paket, basit montaj ve kurulum ile h\u0131zl\u0131ca kullan\u0131ma ba\u015flanabilir.<br \/>\nY\u00fcksek Performans:\u00a0\u00dcst\u00fcn kaliteli bile\u015fenler ile maksimum enerji verimlili\u011fi sa\u011flar.<br \/>\nDayan\u0131kl\u0131 ve G\u00fcvenilir:\u00a0Jel ak\u00fcler ve kaliteli inverter ile uzun \u00f6m\u00fcrl\u00fc ve g\u00fcvenli enerji depolama.<br \/>\n\u00c7evre Dostu:\u00a0Yenilenebilir enerji kullanarak \u00e7evreyi korur ve enerji tasarrufu sa\u011flar.<\/p>\n<p>\u00dcr\u00fcnler Stok Durumuna G\u00f6re Farkl\u0131l\u0131k G\u00f6sterebilir.<br \/>\nMontaj Hizmeti Bulunmaktad\u0131r (Fiyata Dahil De\u011fildir) Randevu \u0130le Yap\u0131lmaktad\u0131r.<\/p>\n<p>&nbsp;<\/p>\n<p>&nbsp;<\/p>\n<p>Ynr Solar G\u00fcne\u015f Enerjisi Sistemleri \u00dczerine Arad\u0131\u011f\u0131n\u0131z Her \u015fey Tek Bir Adres&#8217; te<\/p>\n<p>Paket Tasarlamak veya \u00dcr\u00fcnlerde De\u011fi\u015fiklik Yapmak i\u00e7in Bizlere Ula\u015fabilirsiniz.<\/p>\n<p>Enerjinizi Do\u011fa Dostu \u00dcr\u00fcnler ile G\u00fcne\u015f&#8217; ten Gelen Enerji ile Kar\u015f\u0131layabilirsiniz.<\/p>\n","protected":false},"excerpt":{"rendered":"<p>Ynr Solar 3.6Kw Mppt (3600W) G\u00fcne\u015f Enerjisi Solar Paket Jel Ak\u00fc 24V \/ 3.6Kw Ak\u0131ll\u0131 \u0130nverter Mppt (\u015eebeke, Jenarat\u00f6r Destekli)<\/p>\n","protected":false},"featured_media":35327,"template":"","meta":[],"pwb-brand":[],"product_brand":[],"product_cat":[2086,2080,2081,2023],"product_tag":[2167,2168],"class_list":{"0":"post-35431","1":"product","2":"type-product","3":"status-publish","4":"has-post-thumbnail","6":"product_cat-bag-bahce-hazir-paket","7":"product_cat-konteyner-paket-sistemler","8":"product_cat-off-grid-hazir-paket","9":"product_cat-paket-sistemler","10":"product_tag-2167","11":"product_tag-6kw-mppt-3600w-gunes-enerjisi-solar-paket-jel-aku","13":"first","14":"instock","15":"shipping-taxable","16":"product-type-simple"},"jetpack_sharing_enabled":true,"brands":[],"_links":{"self":[{"href":"https:\/\/ynrsolar.shop\/index.php\/wp-json\/wp\/v2\/product\/35431","targetHints":{"allow":["GET"]}}],"collection":[{"href":"https:\/\/ynrsolar.shop\/index.php\/wp-json\/wp\/v2\/product"}],"about":[{"href":"https:\/\/ynrsolar.shop\/index.php\/wp-json\/wp\/v2\/types\/product"}],"version-history":[{"count":1,"href":"https:\/\/ynrsolar.shop\/index.php\/wp-json\/wp\/v2\/product\/35431\/revisions"}],"predecessor-version":[{"id":35464,"href":"https:\/\/ynrsolar.shop\/index.php\/wp-json\/wp\/v2\/product\/35431\/revisions\/35464"}],"wp:featuredmedia":[{"embeddable":true,"href":"https:\/\/ynrsolar.shop\/index.php\/wp-json\/wp\/v2\/media\/35327"}],"wp:attachment":[{"href":"https:\/\/ynrsolar.shop\/index.php\/wp-json\/wp\/v2\/media?parent=35431"}],"wp:term":[{"taxonomy":"pwb-brand","embeddable":true,"href":"https:\/\/ynrsolar.shop\/index.php\/wp-json\/wp\/v2\/pwb-brand?post=35431"},{"taxonomy":"product_brand","embeddable":true,"href":"https:\/\/ynrsolar.shop\/index.php\/wp-json\/wp\/v2\/product_brand?post=35431"},{"taxonomy":"product_cat","embeddable":true,"href":"https:\/\/ynrsolar.shop\/index.php\/wp-json\/wp\/v2\/product_cat?post=35431"},{"taxonomy":"product_tag","embeddable":true,"href":"https:\/\/ynrsolar.shop\/index.php\/wp-json\/wp\/v2\/product_tag?post=35431"}],"curies":[{"name":"wp","href":"https:\/\/api.w.org\/{rel}","templated":true}]}}