{"id":35353,"date":"2025-04-14T14:12:22","date_gmt":"2025-04-14T11:12:22","guid":{"rendered":"https:\/\/ynrsolar.shop\/?post_type=product&#038;p=35353"},"modified":"2025-06-09T19:01:50","modified_gmt":"2025-06-09T16:01:50","slug":"hegel-48v-550w-dc-solar-salyangoz-pompa","status":"publish","type":"product","link":"https:\/\/ynrsolar.shop\/index.php\/urun\/hegel-48v-550w-dc-solar-salyangoz-pompa\/","title":{"rendered":"Hegel 48V 550W Dc Solar Salyangoz Pompa"},"content":{"rendered":"<p><b>DC SOLAR SALYANGOZ POMPA\u00a048V 550W\u00a0<\/b><\/p>\n<p>HEGEL SCPM SOLAR SALYANGOZ Y\u00dcZEY POMPASI<\/p>\n<p><b>Uygulamalar<\/b><\/p>\n<p>Y\u00fczeyden su aktar\u0131m\u0131 i\u00e7in kullan\u0131l\u0131r<br \/>\nSCPM solar salyangoz y\u00fczey pompalar\u0131 y\u00fcksek kaliteli \u00fcr\u00fcnlerdir,<br \/>\n\u0130\u00e7me suyu temini, hayvanc\u0131l\u0131k, sulama ve daha k\u00fc\u00e7\u00fck sulama uygulamalar\u0131 i\u00e7in tasarlanm\u0131\u015ft\u0131r.<br \/>\nSCPM pompa sistemleri suyu ekonomik, temiz ve g\u00fcvenilir bir \u015fekilde her yere ula\u015ft\u0131r\u0131r.<\/p>\n<p><b>Faydalar\u0131<\/b><\/p>\n<p>Kal\u0131c\u0131 m\u0131knat\u0131sl\u0131 f\u0131r\u00e7as\u0131z DC pompa<br \/>\nMPPT ile m\u00fckemmel verimlilik, erken ba\u015flar ve ge\u00e7 biter<br \/>\n\u00c7ok y\u00f6nl\u00fc koruma i\u015flevi, memnun kullan\u0131c\u0131 deneyimi sunar<br \/>\nY\u00fcksek kaliteli malzemeler daha uzun \u00e7al\u0131\u015fma \u00f6mr\u00fcn\u00fc garanti eder<br \/>\nBasit kullan\u0131m i\u00e7in \u00e7oklu LED ekran<br \/>\nHarici pompa s\u00fcr\u00fcc\u00fcs\u00fc<br \/>\nMontaj i\u00e7in gerekli bir\u00e7ok aksesuar<\/p>\n","protected":false},"excerpt":{"rendered":"<p>DC SOLAR SALYANGOZ POMPA\u00a048V 550W\u00a0 HEGEL SCPM SOLAR SALYANGOZ Y\u00dcZEY POMPASI Uygulamalar Y\u00fczeyden su aktar\u0131m\u0131 i\u00e7in kullan\u0131l\u0131r SCPM solar salyangoz<\/p>\n","protected":false},"featured_media":35390,"template":"","meta":[],"pwb-brand":[278],"product_brand":[],"product_cat":[2008,1995],"product_tag":[2134],"class_list":{"0":"post-35353","1":"product","2":"type-product","3":"status-publish","4":"has-post-thumbnail","6":"pwb-brand-hegel","7":"product_cat-pompalar","8":"product_cat-tarimsal-sulama-sistemleri","9":"product_tag-hegel-48v-550w-dc-solar-salyangoz-pompa","11":"first","12":"instock","13":"shipping-taxable","14":"product-type-simple"},"jetpack_sharing_enabled":true,"brands":[{"id":278,"name":"Hegel","slug":"hegel"}],"_links":{"self":[{"href":"https:\/\/ynrsolar.shop\/index.php\/wp-json\/wp\/v2\/product\/35353","targetHints":{"allow":["GET"]}}],"collection":[{"href":"https:\/\/ynrsolar.shop\/index.php\/wp-json\/wp\/v2\/product"}],"about":[{"href":"https:\/\/ynrsolar.shop\/index.php\/wp-json\/wp\/v2\/types\/product"}],"version-history":[{"count":1,"href":"https:\/\/ynrsolar.shop\/index.php\/wp-json\/wp\/v2\/product\/35353\/revisions"}],"predecessor-version":[{"id":35393,"href":"https:\/\/ynrsolar.shop\/index.php\/wp-json\/wp\/v2\/product\/35353\/revisions\/35393"}],"wp:featuredmedia":[{"embeddable":true,"href":"https:\/\/ynrsolar.shop\/index.php\/wp-json\/wp\/v2\/media\/35390"}],"wp:attachment":[{"href":"https:\/\/ynrsolar.shop\/index.php\/wp-json\/wp\/v2\/media?parent=35353"}],"wp:term":[{"taxonomy":"pwb-brand","embeddable":true,"href":"https:\/\/ynrsolar.shop\/index.php\/wp-json\/wp\/v2\/pwb-brand?post=35353"},{"taxonomy":"product_brand","embeddable":true,"href":"https:\/\/ynrsolar.shop\/index.php\/wp-json\/wp\/v2\/product_brand?post=35353"},{"taxonomy":"product_cat","embeddable":true,"href":"https:\/\/ynrsolar.shop\/index.php\/wp-json\/wp\/v2\/product_cat?post=35353"},{"taxonomy":"product_tag","embeddable":true,"href":"https:\/\/ynrsolar.shop\/index.php\/wp-json\/wp\/v2\/product_tag?post=35353"}],"curies":[{"name":"wp","href":"https:\/\/api.w.org\/{rel}","templated":true}]}}