{"id":35268,"date":"2025-04-14T14:11:21","date_gmt":"2025-04-14T11:11:21","guid":{"rendered":"https:\/\/ynrsolar.shop\/?post_type=product&#038;p=35268"},"modified":"2025-06-09T19:07:16","modified_gmt":"2025-06-09T16:07:16","slug":"eco-1kva-pwm-1000w-gunes-enerjisi-solar-paket","status":"publish","type":"product","link":"https:\/\/ynrsolar.shop\/index.php\/urun\/eco-1kva-pwm-1000w-gunes-enerjisi-solar-paket\/","title":{"rendered":"Eco 1Kva Pwm 1000W G\u00fcne\u015f Enerjisi Solar Paket"},"content":{"rendered":"<div id=\"tab-description\" class=\"mf-Tabs-panel mf-Tabs-panel--description panel entry-content\" role=\"tabpanel\" aria-labelledby=\"tab-title-description\">\n<div class=\"tab-content-wrapper\">\n<p>1Kva (1000W) G\u00fcne\u015f Enerjisi Solar Paket<\/p>\n<p>205W Half-Cut MonoKristal G\u00fcne\u015f Paneli (2 Adet)<br \/>\n12V\/150A Jel Ak\u00fc Derin D\u00f6ng\u00fc (2 Adet)<br \/>\n12v\/1Kw Ak\u0131ll\u0131 \u0130nverter Pwm (\u015eebeke, Jenarat\u00f6r Destekli) (1 Adet)<br \/>\n6mm Solar Dc Kablo K\u0131rm\u0131z\u0131 (5 Metre)<br \/>\n6mm Solar Dc Kablo Siyah (5 Metre)<br \/>\nMc4 Konnekt\u00f6r (1 Adet) Kablo U\u00e7lar\u0131na Tak\u0131l\u0131<br \/>\n2\u2019li Y Brunch Konnekt\u00f6r (1 Adet)<br \/>\nAk\u00fc &amp; \u0130nverter\u00a0 Aras\u0131 Kablo (1,5 Metre K\u0131rm\u0131z\u0131-Siyah)<\/p>\n<p>Neler \u00c7al\u0131\u015ft\u0131r\u0131r :<\/p>\n<p>Mini buzdolab\u0131\u00a0(T\u00fcm G\u00fcn)<br \/>\nTelevizyon (G\u00fcnde 2 Saat)<br \/>\nLaptop\u00a0(G\u00fcnde 5 Saat)<br \/>\nAyd\u0131nlatma (25W*5 Lamba* G\u00fcnde 4 Saat)<br \/>\nTelefon \u015earj\u0131\u00a0(S\u0131n\u0131rs\u0131z)<\/p>\n<p>Not:\u00a0Yukar\u0131da belirtilen kullan\u0131m s\u00fcreleri ve \u00fcretim de\u011ferleri, T\u00fcrkiye\u2019nin ortalama g\u00fcne\u015flenme s\u00fcresi (g\u00fcnl\u00fck 4 saat) \u00fczerinden hesaplanm\u0131\u015ft\u0131r. \u00dcretilen enerji ve t\u00fcketim s\u00fcreleri hava durumlar\u0131na ve b\u00f6lgelere g\u00f6re de\u011fi\u015fkenlik g\u00f6sterebilir.<\/p>\n<p>Kolay Kurulum:\u00a0Kullan\u0131ma haz\u0131r paket, basit montaj ve kurulum ile h\u0131zl\u0131ca kullan\u0131ma ba\u015flanabilir.<br \/>\nY\u00fcksek Performans:\u00a0\u00dcst\u00fcn kaliteli bile\u015fenler ile maksimum enerji verimlili\u011fi sa\u011flar.<br \/>\nDayan\u0131kl\u0131 ve G\u00fcvenilir:\u00a0Jel ak\u00fcler ve kaliteli inverter ile uzun \u00f6m\u00fcrl\u00fc ve g\u00fcvenli enerji depolama.<br \/>\n\u00c7evre Dostu:\u00a0Yenilenebilir enerji kullanarak \u00e7evreyi korur ve enerji tasarrufu sa\u011flar.<\/p>\n<p>\u00dcr\u00fcnler Stok Durumuna G\u00f6re Farkl\u0131l\u0131k G\u00f6sterebilir.<br \/>\nMontaj Hizmeti Bulunmaktad\u0131r (Fiyata Dahil De\u011fildir) Randevu \u0130le Yap\u0131lmaktad\u0131r.<\/p>\n<\/div>\n<\/div>\n","protected":false},"excerpt":{"rendered":"<p>1Kva (1000W) G\u00fcne\u015f Enerjisi Solar Paket 205W Half-Cut MonoKristal G\u00fcne\u015f Paneli (2 Adet) 12V\/150A Jel Ak\u00fc Derin D\u00f6ng\u00fc (2 Adet)<\/p>\n","protected":false},"featured_media":35318,"template":"","meta":[],"pwb-brand":[],"product_brand":[],"product_cat":[2086,2080,2081,2023],"product_tag":[2107],"class_list":{"0":"post-35268","1":"product","2":"type-product","3":"status-publish","4":"has-post-thumbnail","6":"product_cat-bag-bahce-hazir-paket","7":"product_cat-konteyner-paket-sistemler","8":"product_cat-off-grid-hazir-paket","9":"product_cat-paket-sistemler","10":"product_tag-eco-1kva-pwm-1000w-gunes-enerjisi-solar-paket","12":"first","13":"instock","14":"shipping-taxable","15":"product-type-simple"},"jetpack_sharing_enabled":true,"brands":[],"_links":{"self":[{"href":"https:\/\/ynrsolar.shop\/index.php\/wp-json\/wp\/v2\/product\/35268","targetHints":{"allow":["GET"]}}],"collection":[{"href":"https:\/\/ynrsolar.shop\/index.php\/wp-json\/wp\/v2\/product"}],"about":[{"href":"https:\/\/ynrsolar.shop\/index.php\/wp-json\/wp\/v2\/types\/product"}],"version-history":[{"count":1,"href":"https:\/\/ynrsolar.shop\/index.php\/wp-json\/wp\/v2\/product\/35268\/revisions"}],"predecessor-version":[{"id":35319,"href":"https:\/\/ynrsolar.shop\/index.php\/wp-json\/wp\/v2\/product\/35268\/revisions\/35319"}],"wp:featuredmedia":[{"embeddable":true,"href":"https:\/\/ynrsolar.shop\/index.php\/wp-json\/wp\/v2\/media\/35318"}],"wp:attachment":[{"href":"https:\/\/ynrsolar.shop\/index.php\/wp-json\/wp\/v2\/media?parent=35268"}],"wp:term":[{"taxonomy":"pwb-brand","embeddable":true,"href":"https:\/\/ynrsolar.shop\/index.php\/wp-json\/wp\/v2\/pwb-brand?post=35268"},{"taxonomy":"product_brand","embeddable":true,"href":"https:\/\/ynrsolar.shop\/index.php\/wp-json\/wp\/v2\/product_brand?post=35268"},{"taxonomy":"product_cat","embeddable":true,"href":"https:\/\/ynrsolar.shop\/index.php\/wp-json\/wp\/v2\/product_cat?post=35268"},{"taxonomy":"product_tag","embeddable":true,"href":"https:\/\/ynrsolar.shop\/index.php\/wp-json\/wp\/v2\/product_tag?post=35268"}],"curies":[{"name":"wp","href":"https:\/\/api.w.org\/{rel}","templated":true}]}}