{"id":35263,"date":"2025-04-14T14:11:18","date_gmt":"2025-04-14T11:11:18","guid":{"rendered":"https:\/\/ynrsolar.shop\/?post_type=product&#038;p=35263"},"modified":"2025-06-09T19:07:54","modified_gmt":"2025-06-09T16:07:54","slug":"1200w-tv-aydinlatma-gunes-enerjisi-solar-paket","status":"publish","type":"product","link":"https:\/\/ynrsolar.shop\/index.php\/urun\/1200w-tv-aydinlatma-gunes-enerjisi-solar-paket\/","title":{"rendered":"1200W Tv Ayd\u0131nlatma G\u00fcne\u015f Enerjisi Solar Paket"},"content":{"rendered":"<p>1200W Tv &#8211; Ayd\u0131nlatma G\u00fcne\u015f Enerjisi Solar Paket Jel Ak\u00fcl\u00fc<\/p>\n<p>Ynr Solar 1200W Tv &#8211; Ayd\u0131nlatma G\u00fcne\u015f Enerjisi Solar Paket Jel Ak\u00fcl\u00fc<\/p>\n<p>12V \/ 1200W Modifiye Sin\u00fcs \u0130nverter (1 Adet)<br \/>\n170W Polikristal G\u00fcne\u015f Paneli (2 Adet)<br \/>\n12V \/ 100A Jel Ak\u00fc Derin D\u00f6ng\u00fc (1 Adet)<br \/>\n4mm Solar Dc Kablo K\u0131rm\u0131z\u0131 (5 Metre)<br \/>\n4mm Solar Dc Kablo Siyah (5 Metre)<br \/>\nMc4 Konnekt\u00f6r (1 Adet) Kablo U\u00e7lar\u0131na Tak\u0131l\u0131<br \/>\n2&#8217;li Y Brunch Konnekt\u00f6r Set (1 Adet)<br \/>\nAk\u00fc &amp; \u015earj Kontrol Aras\u0131 Kablo (1,5 Metre)<\/p>\n<p>Bu Paket ile Hangi Cihaz Ne Kadar \u00c7al\u0131\u015f\u0131r?<\/p>\n<p>&#8211; Led Tv 55 Ekran (1 Adet 4 Saat)<br \/>\n&#8211; Uydu Al\u0131c\u0131s\u0131 (1 Adet 4 Saat)<br \/>\n&#8211; 10W Led Lamba (3 Adet 5 Saat)<br \/>\n&#8211; Cep Telefonu &amp; Bilgisayar \u015earj\u0131 (S\u0131n\u0131rs\u0131z)<\/p>\n<p>Not: Yukar\u0131da belirtilen kullan\u0131m s\u00fcreleri ve \u00fcretim de\u011ferleri, T\u00fcrkiye\u2019nin ortalama g\u00fcne\u015flenme s\u00fcresi (g\u00fcnl\u00fck 4 saat) \u00fczerinden hesaplanm\u0131\u015ft\u0131r. \u00dcretilen enerji ve t\u00fcketim s\u00fcreleri hava durumlar\u0131na ve b\u00f6lgelere g\u00f6re de\u011fi\u015fkenlik g\u00f6sterebilir.<\/p>\n<p>Kolay Kurulum: Kullan\u0131ma haz\u0131r paket, basit montaj ve kurulum ile h\u0131zl\u0131ca kullan\u0131ma ba\u015flanabilir.<br \/>\nY\u00fcksek Performans: \u00dcst\u00fcn kaliteli bile\u015fenler ile maksimum enerji verimlili\u011fi sa\u011flar.<br \/>\nDayan\u0131kl\u0131 ve G\u00fcvenilir: Jel ak\u00fcler ve kaliteli inverter ile uzun \u00f6m\u00fcrl\u00fc ve g\u00fcvenli enerji depolama.<br \/>\n\u00c7evre Dostu: Yenilenebilir enerji kullanarak \u00e7evreyi korur ve enerji tasarrufu sa\u011flar.<\/p>\n<p>\u00dcr\u00fcnler Stok Durumuna G\u00f6re Farkl\u0131l\u0131k G\u00f6sterebilir.<br \/>\nMontaj Hizmeti Bulunmaktad\u0131r (Fiyata Dahil De\u011fildir) Randevu \u0130le Yap\u0131lmaktad\u0131r.<\/p>\n","protected":false},"excerpt":{"rendered":"<p>1200W Tv &#8211; Ayd\u0131nlatma G\u00fcne\u015f Enerjisi Solar Paket Jel Ak\u00fcl\u00fc Ynr Solar 1200W Tv &#8211; Ayd\u0131nlatma G\u00fcne\u015f Enerjisi Solar Paket<\/p>\n","protected":false},"featured_media":35299,"template":"","meta":[],"pwb-brand":[],"product_brand":[],"product_cat":[2086,2023],"product_tag":[2098],"class_list":{"0":"post-35263","1":"product","2":"type-product","3":"status-publish","4":"has-post-thumbnail","6":"product_cat-bag-bahce-hazir-paket","7":"product_cat-paket-sistemler","8":"product_tag-1200w-tv-aydinlatma-gunes-enerjisi-solar-paket","10":"first","11":"instock","12":"shipping-taxable","13":"product-type-simple"},"jetpack_sharing_enabled":true,"brands":[],"_links":{"self":[{"href":"https:\/\/ynrsolar.shop\/index.php\/wp-json\/wp\/v2\/product\/35263","targetHints":{"allow":["GET"]}}],"collection":[{"href":"https:\/\/ynrsolar.shop\/index.php\/wp-json\/wp\/v2\/product"}],"about":[{"href":"https:\/\/ynrsolar.shop\/index.php\/wp-json\/wp\/v2\/types\/product"}],"version-history":[{"count":1,"href":"https:\/\/ynrsolar.shop\/index.php\/wp-json\/wp\/v2\/product\/35263\/revisions"}],"predecessor-version":[{"id":35300,"href":"https:\/\/ynrsolar.shop\/index.php\/wp-json\/wp\/v2\/product\/35263\/revisions\/35300"}],"wp:featuredmedia":[{"embeddable":true,"href":"https:\/\/ynrsolar.shop\/index.php\/wp-json\/wp\/v2\/media\/35299"}],"wp:attachment":[{"href":"https:\/\/ynrsolar.shop\/index.php\/wp-json\/wp\/v2\/media?parent=35263"}],"wp:term":[{"taxonomy":"pwb-brand","embeddable":true,"href":"https:\/\/ynrsolar.shop\/index.php\/wp-json\/wp\/v2\/pwb-brand?post=35263"},{"taxonomy":"product_brand","embeddable":true,"href":"https:\/\/ynrsolar.shop\/index.php\/wp-json\/wp\/v2\/product_brand?post=35263"},{"taxonomy":"product_cat","embeddable":true,"href":"https:\/\/ynrsolar.shop\/index.php\/wp-json\/wp\/v2\/product_cat?post=35263"},{"taxonomy":"product_tag","embeddable":true,"href":"https:\/\/ynrsolar.shop\/index.php\/wp-json\/wp\/v2\/product_tag?post=35263"}],"curies":[{"name":"wp","href":"https:\/\/api.w.org\/{rel}","templated":true}]}}