{"id":35199,"date":"2025-04-14T14:10:49","date_gmt":"2025-04-14T11:10:49","guid":{"rendered":"https:\/\/ynrsolar.shop\/?post_type=product&#038;p=35199"},"modified":"2025-06-09T19:11:31","modified_gmt":"2025-06-09T16:11:31","slug":"lexron-350w-solar-flat-aydinlatma","status":"publish","type":"product","link":"https:\/\/ynrsolar.shop\/index.php\/urun\/lexron-350w-solar-flat-aydinlatma\/","title":{"rendered":"Lexron 350W Solar Flat Ayd\u0131nlatma"},"content":{"rendered":"<table border=\"0\" width=\"289\" cellspacing=\"0\" cellpadding=\"0\">\n<tbody>\n<tr>\n<td width=\"128\" height=\"20\">Model<\/td>\n<td width=\"161\">300W Solar Ayd\u0131nlatma<\/td>\n<\/tr>\n<tr>\n<td height=\"20\">Led Tipi<\/td>\n<td>240 Adet 2835 LED<\/td>\n<\/tr>\n<tr>\n<td height=\"20\">Batarya Tipi<\/td>\n<td>LiFePO4 3.2V 20AH<\/td>\n<\/tr>\n<tr>\n<td height=\"20\">Solar Panel Tipi<\/td>\n<td>Polycrystalline 16W 4,5V<\/td>\n<\/tr>\n<tr>\n<td height=\"20\">Renk S\u0131cakl\u0131\u011f\u0131<\/td>\n<td>3000K-6500K<\/td>\n<\/tr>\n<tr>\n<td height=\"20\">\u00c7al\u0131\u015fma S\u0131cakl\u0131\u011f\u0131<\/td>\n<td>\u00a0-40\u00b0C ~ 60\u00b0C<\/td>\n<\/tr>\n<tr>\n<td height=\"20\">IP Derecesi<\/td>\n<td>IP65<\/td>\n<\/tr>\n<tr>\n<td height=\"20\">\u00dcr\u00fcn \u00d6l\u00e7\u00fcleri (mm)<\/td>\n<td>720*230*40 mm<\/td>\n<\/tr>\n<tr>\n<td height=\"20\">A\u011f\u0131rl\u0131\u011f\u0131 (kg)<\/td>\n<td class=\"xl65\">2,5 kg<\/td>\n<\/tr>\n<\/tbody>\n<\/table>\n","protected":false},"excerpt":{"rendered":"<p>Model 300W Solar Ayd\u0131nlatma Led Tipi 240 Adet 2835 LED Batarya Tipi LiFePO4 3.2V 20AH Solar Panel Tipi Polycrystalline 16W<\/p>\n","protected":false},"featured_media":35241,"template":"","meta":[],"pwb-brand":[294],"product_brand":[],"product_cat":[2075,2076,2077],"product_tag":[2078],"class_list":{"0":"post-35199","1":"product","2":"type-product","3":"status-publish","4":"has-post-thumbnail","6":"pwb-brand-lexron","7":"product_cat-bahce-ve-sokak-aydinlatmalari","8":"product_cat-solar-bahce-aydinlatmalari","9":"product_cat-solar-sokak-aydinlatmalari","10":"product_tag-lexron-350w-solar-flat-aydinlatma","12":"first","13":"instock","14":"product-type-simple"},"jetpack_sharing_enabled":true,"brands":[{"id":294,"name":"Lexron","slug":"lexron"}],"_links":{"self":[{"href":"https:\/\/ynrsolar.shop\/index.php\/wp-json\/wp\/v2\/product\/35199","targetHints":{"allow":["GET"]}}],"collection":[{"href":"https:\/\/ynrsolar.shop\/index.php\/wp-json\/wp\/v2\/product"}],"about":[{"href":"https:\/\/ynrsolar.shop\/index.php\/wp-json\/wp\/v2\/types\/product"}],"version-history":[{"count":1,"href":"https:\/\/ynrsolar.shop\/index.php\/wp-json\/wp\/v2\/product\/35199\/revisions"}],"predecessor-version":[{"id":35242,"href":"https:\/\/ynrsolar.shop\/index.php\/wp-json\/wp\/v2\/product\/35199\/revisions\/35242"}],"wp:featuredmedia":[{"embeddable":true,"href":"https:\/\/ynrsolar.shop\/index.php\/wp-json\/wp\/v2\/media\/35241"}],"wp:attachment":[{"href":"https:\/\/ynrsolar.shop\/index.php\/wp-json\/wp\/v2\/media?parent=35199"}],"wp:term":[{"taxonomy":"pwb-brand","embeddable":true,"href":"https:\/\/ynrsolar.shop\/index.php\/wp-json\/wp\/v2\/pwb-brand?post=35199"},{"taxonomy":"product_brand","embeddable":true,"href":"https:\/\/ynrsolar.shop\/index.php\/wp-json\/wp\/v2\/product_brand?post=35199"},{"taxonomy":"product_cat","embeddable":true,"href":"https:\/\/ynrsolar.shop\/index.php\/wp-json\/wp\/v2\/product_cat?post=35199"},{"taxonomy":"product_tag","embeddable":true,"href":"https:\/\/ynrsolar.shop\/index.php\/wp-json\/wp\/v2\/product_tag?post=35199"}],"curies":[{"name":"wp","href":"https:\/\/api.w.org\/{rel}","templated":true}]}}