{"id":35198,"date":"2025-04-14T14:10:49","date_gmt":"2025-04-14T11:10:49","guid":{"rendered":"https:\/\/ynrsolar.shop\/?post_type=product&#038;p=35198"},"modified":"2025-06-09T19:11:22","modified_gmt":"2025-06-09T16:11:22","slug":"alpex-elektrikli-cit-cihazi-25000v-ac-kapat-model-tam-set","status":"publish","type":"product","link":"https:\/\/ynrsolar.shop\/index.php\/urun\/alpex-elektrikli-cit-cihazi-25000v-ac-kapat-model-tam-set\/","title":{"rendered":"Alpex Elektrikli \u00c7it Cihaz\u0131 25000V A\u00e7 Kapat Model Tam Set"},"content":{"rendered":"<p>\u00d6ZELL\u0130KLER<\/p>\n<p>S\u00fcrekli \u00c7al\u0131\u015fabilme \u00d6zelli\u011fi<\/p>\n<p>K\u0131sa Devre Korumas\u0131<\/p>\n<p>% 100 Yerli Mal\u0131<\/p>\n<p>2 Y\u0131l Garanti<\/p>\n<p>Uv Dayan\u0131ml\u0131 Tasar\u0131m<\/p>\n<p>Adapt\u00f6r Ve G\u00fcne\u015f Panelli Sistem \u0130le \u00c7al\u0131\u015fabilme<\/p>\n<p>Led \u0130kaz I\u015f\u0131kl\u0131<\/p>\n<p>50.000 Metre Tel Mesafesi<\/p>\n<p>&nbsp;<\/p>\n<p>PAKET \u0130\u00c7ER\u0130\u011e\u0130<\/p>\n<p>Merkezi \u00dcnite<\/p>\n<p>14 Amper Ak\u00fc<\/p>\n<p>3 Amper \u015earj kontrol cihaz\u0131<\/p>\n<p>100 Adet \u0130zalat\u00f6r<\/p>\n<p>500 Metre \u0130p Tel<\/p>\n<p>2 Adet Siyah Kap\u0131 Yay Seti<\/p>\n<p>50 Watt Monokristal G\u00fcne\u015f Paneli<\/p>\n<p>Topraklama Kaz\u0131\u011f\u0131<\/p>\n<p>\u0130zalat\u00f6r S\u0131kma Aparat\u0131<\/p>\n","protected":false},"excerpt":{"rendered":"<p>\u00d6ZELL\u0130KLER S\u00fcrekli \u00c7al\u0131\u015fabilme \u00d6zelli\u011fi K\u0131sa Devre Korumas\u0131 % 100 Yerli Mal\u0131 2 Y\u0131l Garanti Uv Dayan\u0131ml\u0131 Tasar\u0131m Adapt\u00f6r Ve G\u00fcne\u015f<\/p>\n","protected":false},"featured_media":35239,"template":"","meta":[],"pwb-brand":[161],"product_brand":[],"product_cat":[2072],"product_tag":[2074],"class_list":{"0":"post-35198","1":"product","2":"type-product","3":"status-publish","4":"has-post-thumbnail","6":"pwb-brand-alpex","7":"product_cat-arici-solar-set","8":"product_tag-alpex-elektrikli-cit-cihazi-25000v-ac-kapat-model-tam-set","10":"first","11":"instock","12":"product-type-simple"},"jetpack_sharing_enabled":true,"brands":[{"id":161,"name":"Alpex","slug":"alpex"}],"_links":{"self":[{"href":"https:\/\/ynrsolar.shop\/index.php\/wp-json\/wp\/v2\/product\/35198","targetHints":{"allow":["GET"]}}],"collection":[{"href":"https:\/\/ynrsolar.shop\/index.php\/wp-json\/wp\/v2\/product"}],"about":[{"href":"https:\/\/ynrsolar.shop\/index.php\/wp-json\/wp\/v2\/types\/product"}],"version-history":[{"count":1,"href":"https:\/\/ynrsolar.shop\/index.php\/wp-json\/wp\/v2\/product\/35198\/revisions"}],"predecessor-version":[{"id":35240,"href":"https:\/\/ynrsolar.shop\/index.php\/wp-json\/wp\/v2\/product\/35198\/revisions\/35240"}],"wp:featuredmedia":[{"embeddable":true,"href":"https:\/\/ynrsolar.shop\/index.php\/wp-json\/wp\/v2\/media\/35239"}],"wp:attachment":[{"href":"https:\/\/ynrsolar.shop\/index.php\/wp-json\/wp\/v2\/media?parent=35198"}],"wp:term":[{"taxonomy":"pwb-brand","embeddable":true,"href":"https:\/\/ynrsolar.shop\/index.php\/wp-json\/wp\/v2\/pwb-brand?post=35198"},{"taxonomy":"product_brand","embeddable":true,"href":"https:\/\/ynrsolar.shop\/index.php\/wp-json\/wp\/v2\/product_brand?post=35198"},{"taxonomy":"product_cat","embeddable":true,"href":"https:\/\/ynrsolar.shop\/index.php\/wp-json\/wp\/v2\/product_cat?post=35198"},{"taxonomy":"product_tag","embeddable":true,"href":"https:\/\/ynrsolar.shop\/index.php\/wp-json\/wp\/v2\/product_tag?post=35198"}],"curies":[{"name":"wp","href":"https:\/\/api.w.org\/{rel}","templated":true}]}}