{"id":35197,"date":"2025-04-14T14:10:49","date_gmt":"2025-04-14T11:10:49","guid":{"rendered":"https:\/\/ynrsolar.shop\/?post_type=product&#038;p=35197"},"modified":"2025-06-09T19:11:02","modified_gmt":"2025-06-09T16:11:02","slug":"alpex-elektrikli-cit-cihazi-25000v-ac-kapa-model-panelli-set","status":"publish","type":"product","link":"https:\/\/ynrsolar.shop\/index.php\/urun\/alpex-elektrikli-cit-cihazi-25000v-ac-kapa-model-panelli-set\/","title":{"rendered":"Alpex Elektrikli \u00c7it Cihaz\u0131 25000V A\u00e7 Kapa Model Panelli Set"},"content":{"rendered":"<ul>\n<li>S\u00dcREKL\u0130 \u00c7ALI\u015eAB\u0130LME \u00d6ZELL\u0130\u011e\u0130<\/li>\n<li>KISA DEVRE KORUMASI<\/li>\n<li>%100 YERL\u0130 \u00dcRET\u0130M<\/li>\n<li>2 YIL GARANT\u0130<\/li>\n<li>SU GE\u00c7\u0130RMEZ UV DAYANIMLI TASARIM<\/li>\n<li>220 VOLT,G\u00dcNE\u015e PANEL\u0130 VE AK\u00dc \u0130LE \u00c7ALI\u015eAB\u0130LME<\/li>\n<\/ul>\n<ul>\n<li>LED \u0130KAZ I\u015eIKLI<\/li>\n<li>50,000 METRE ETK\u0130L\u0130 TEL MENZ\u0130L\u0130<\/li>\n<\/ul>\n<p>PAKET \u0130\u00c7ER\u0130\u011e\u0130<\/p>\n<ul>\n<li>MERKEZ\u0130 \u00dcN\u0130TE<\/li>\n<li>14 AMPER AK\u00dcL\u00dc<\/li>\n<li>50 WATT SOLAR PANEL<\/li>\n<li>TOPRAKLAMA \u00c7UBU\u011eU<\/li>\n<\/ul>\n","protected":false},"excerpt":{"rendered":"<p>S\u00dcREKL\u0130 \u00c7ALI\u015eAB\u0130LME \u00d6ZELL\u0130\u011e\u0130 KISA DEVRE KORUMASI %100 YERL\u0130 \u00dcRET\u0130M 2 YIL GARANT\u0130 SU GE\u00c7\u0130RMEZ UV DAYANIMLI TASARIM 220 VOLT,G\u00dcNE\u015e PANEL\u0130<\/p>\n","protected":false},"featured_media":35237,"template":"","meta":[],"pwb-brand":[161],"product_brand":[],"product_cat":[2072],"product_tag":[2073],"class_list":{"0":"post-35197","1":"product","2":"type-product","3":"status-publish","4":"has-post-thumbnail","6":"pwb-brand-alpex","7":"product_cat-arici-solar-set","8":"product_tag-alpex-elektrikli-cit-cihazi-25000v-ac-kapa-model-panelli-set","10":"first","11":"instock","12":"product-type-simple"},"jetpack_sharing_enabled":true,"brands":[{"id":161,"name":"Alpex","slug":"alpex"}],"_links":{"self":[{"href":"https:\/\/ynrsolar.shop\/index.php\/wp-json\/wp\/v2\/product\/35197","targetHints":{"allow":["GET"]}}],"collection":[{"href":"https:\/\/ynrsolar.shop\/index.php\/wp-json\/wp\/v2\/product"}],"about":[{"href":"https:\/\/ynrsolar.shop\/index.php\/wp-json\/wp\/v2\/types\/product"}],"version-history":[{"count":1,"href":"https:\/\/ynrsolar.shop\/index.php\/wp-json\/wp\/v2\/product\/35197\/revisions"}],"predecessor-version":[{"id":35238,"href":"https:\/\/ynrsolar.shop\/index.php\/wp-json\/wp\/v2\/product\/35197\/revisions\/35238"}],"wp:featuredmedia":[{"embeddable":true,"href":"https:\/\/ynrsolar.shop\/index.php\/wp-json\/wp\/v2\/media\/35237"}],"wp:attachment":[{"href":"https:\/\/ynrsolar.shop\/index.php\/wp-json\/wp\/v2\/media?parent=35197"}],"wp:term":[{"taxonomy":"pwb-brand","embeddable":true,"href":"https:\/\/ynrsolar.shop\/index.php\/wp-json\/wp\/v2\/pwb-brand?post=35197"},{"taxonomy":"product_brand","embeddable":true,"href":"https:\/\/ynrsolar.shop\/index.php\/wp-json\/wp\/v2\/product_brand?post=35197"},{"taxonomy":"product_cat","embeddable":true,"href":"https:\/\/ynrsolar.shop\/index.php\/wp-json\/wp\/v2\/product_cat?post=35197"},{"taxonomy":"product_tag","embeddable":true,"href":"https:\/\/ynrsolar.shop\/index.php\/wp-json\/wp\/v2\/product_tag?post=35197"}],"curies":[{"name":"wp","href":"https:\/\/api.w.org\/{rel}","templated":true}]}}