{"id":35196,"date":"2025-04-14T14:10:49","date_gmt":"2025-04-14T11:10:49","guid":{"rendered":"https:\/\/ynrsolar.shop\/?post_type=product&#038;p=35196"},"modified":"2025-06-09T19:11:14","modified_gmt":"2025-06-09T16:11:14","slug":"alpex-elektrikli-cit-cihazi-25000-volt-ac-kapa-model","status":"publish","type":"product","link":"https:\/\/ynrsolar.shop\/index.php\/urun\/alpex-elektrikli-cit-cihazi-25000-volt-ac-kapa-model\/","title":{"rendered":"Alpex Elektrikli \u00c7it Cihaz\u0131 25000 Volt A\u00e7 Kapa Model"},"content":{"rendered":"<p>6 JOUL<\/p>\n<p>S\u00dcREKL\u0130 \u00c7ALI\u015eAB\u0130LME \u00d6ZELL\u0130\u011e\u0130<\/p>\n<p>KISA DEVRE KORUMASI<\/p>\n<p>%100 YERL\u0130 \u00dcRET\u0130M<\/p>\n<p>2 YIL\u00a0GARANT\u0130L\u0130<\/p>\n<p>UV DAYANIMLI TASARIM<\/p>\n<p>G\u00dcNE\u015e PANELL\u0130\u00a0\u00a0AK\u00dc \u0130LE \u00c7ALI\u015eAB\u0130LME AYRICA\u00a0\u00a0ADAPT\u00d6R \u0130LE \u00c7ALI\u015eAB\u0130LME \u00d6ZELL\u0130\u011e\u0130<\/p>\n<p>LED \u0130KAZ I\u015eIKLI<\/p>\n<p>ADAPT\u00d6R DAH\u0130L<\/p>\n","protected":false},"excerpt":{"rendered":"<p>6 JOUL S\u00dcREKL\u0130 \u00c7ALI\u015eAB\u0130LME \u00d6ZELL\u0130\u011e\u0130 KISA DEVRE KORUMASI %100 YERL\u0130 \u00dcRET\u0130M 2 YIL\u00a0GARANT\u0130L\u0130 UV DAYANIMLI TASARIM G\u00dcNE\u015e PANELL\u0130\u00a0\u00a0AK\u00dc \u0130LE \u00c7ALI\u015eAB\u0130LME<\/p>\n","protected":false},"featured_media":35235,"template":"","meta":[],"pwb-brand":[161],"product_brand":[],"product_cat":[2072],"product_tag":[1810],"class_list":{"0":"post-35196","1":"product","2":"type-product","3":"status-publish","4":"has-post-thumbnail","6":"pwb-brand-alpex","7":"product_cat-arici-solar-set","8":"product_tag-alpex-elektrikli-cit-cihazi-25000-volt-ac-kapa-model","10":"first","11":"instock","12":"shipping-taxable","13":"product-type-simple"},"jetpack_sharing_enabled":true,"brands":[{"id":161,"name":"Alpex","slug":"alpex"}],"_links":{"self":[{"href":"https:\/\/ynrsolar.shop\/index.php\/wp-json\/wp\/v2\/product\/35196","targetHints":{"allow":["GET"]}}],"collection":[{"href":"https:\/\/ynrsolar.shop\/index.php\/wp-json\/wp\/v2\/product"}],"about":[{"href":"https:\/\/ynrsolar.shop\/index.php\/wp-json\/wp\/v2\/types\/product"}],"version-history":[{"count":1,"href":"https:\/\/ynrsolar.shop\/index.php\/wp-json\/wp\/v2\/product\/35196\/revisions"}],"predecessor-version":[{"id":35236,"href":"https:\/\/ynrsolar.shop\/index.php\/wp-json\/wp\/v2\/product\/35196\/revisions\/35236"}],"wp:featuredmedia":[{"embeddable":true,"href":"https:\/\/ynrsolar.shop\/index.php\/wp-json\/wp\/v2\/media\/35235"}],"wp:attachment":[{"href":"https:\/\/ynrsolar.shop\/index.php\/wp-json\/wp\/v2\/media?parent=35196"}],"wp:term":[{"taxonomy":"pwb-brand","embeddable":true,"href":"https:\/\/ynrsolar.shop\/index.php\/wp-json\/wp\/v2\/pwb-brand?post=35196"},{"taxonomy":"product_brand","embeddable":true,"href":"https:\/\/ynrsolar.shop\/index.php\/wp-json\/wp\/v2\/product_brand?post=35196"},{"taxonomy":"product_cat","embeddable":true,"href":"https:\/\/ynrsolar.shop\/index.php\/wp-json\/wp\/v2\/product_cat?post=35196"},{"taxonomy":"product_tag","embeddable":true,"href":"https:\/\/ynrsolar.shop\/index.php\/wp-json\/wp\/v2\/product_tag?post=35196"}],"curies":[{"name":"wp","href":"https:\/\/api.w.org\/{rel}","templated":true}]}}