{"id":35131,"date":"2025-04-14T14:10:26","date_gmt":"2025-04-14T11:10:26","guid":{"rendered":"https:\/\/ynrsolar.shop\/?post_type=product&#038;p=35131"},"modified":"2025-06-09T19:16:30","modified_gmt":"2025-06-09T16:16:30","slug":"unisun-11kva-11000w-48vdc-sunpolo-unisun-hybrid-smart-tam-sinus-inverter","status":"publish","type":"product","link":"https:\/\/ynrsolar.shop\/index.php\/urun\/unisun-11kva-11000w-48vdc-sunpolo-unisun-hybrid-smart-tam-sinus-inverter\/","title":{"rendered":"Unisun 11Kva 11000W 48VDC Sunpolo Unisun Hybrid Smart Tam Sin\u00fcs Inverter"},"content":{"rendered":"<div class=\"elementor-element elementor-element-075b109 wd-width-100 elementor-widget elementor-widget-wd_title\" data-id=\"075b109\" data-element_type=\"widget\" data-widget_type=\"wd_title.default\">\n<div class=\"elementor-widget-container\">\n<div class=\"title-wrapper set-mb-s reset-last-child wd-title-color-default wd-title-style-default wd-title-size-default text-left\">\n<div class=\"liner-continer\">\n<h4 class=\"woodmart-title-container title wd-fontsize-l\">Teknik \u00d6zellikler<\/h4>\n<\/div>\n<\/div>\n<\/div>\n<\/div>\n<div class=\"elementor-element elementor-element-2b82d50 elementor-widget elementor-widget-wd_list\" data-id=\"2b82d50\" data-element_type=\"widget\" data-widget_type=\"wd_list.default\">\n<div class=\"elementor-widget-container\">\n<ul class=\"wd-list color-scheme-custom wd-fontsize-xs wd-list-type-image wd-list-style- wd-justify-left\">\n<li class=\"elementor-repeater-item-a12e0c8\"><img decoding=\"async\" class=\"attachment-30x30 size-30x30\" src=\"https:\/\/www.unisun.com.tr\/wp-content\/uploads\/2021\/08\/battery-charge-30x30.png\" sizes=\"(max-width: 30px) 100vw, 30px\" srcset=\"https:\/\/www.unisun.com.tr\/wp-content\/uploads\/2021\/08\/battery-charge-30x30.png 30w, https:\/\/www.unisun.com.tr\/wp-content\/uploads\/2021\/08\/battery-charge-300x300.png 300w, https:\/\/www.unisun.com.tr\/wp-content\/uploads\/2021\/08\/battery-charge-150x150.png 150w, https:\/\/www.unisun.com.tr\/wp-content\/uploads\/2021\/08\/battery-charge-430x430.png 430w, https:\/\/www.unisun.com.tr\/wp-content\/uploads\/2021\/08\/battery-charge.png 512w\" alt=\"\" width=\"30\" height=\"30\" \/><span class=\"list-content\">\u0130nverter Kapasitesi : 11 Kw 1100W<\/span><\/li>\n<\/ul>\n<\/div>\n<\/div>\n<div class=\"elementor-element elementor-element-d472aa4 elementor-widget-divider--view-line elementor-widget elementor-widget-divider\" data-id=\"d472aa4\" data-element_type=\"widget\" data-widget_type=\"divider.default\"><\/div>\n<div class=\"elementor-element elementor-element-4705c75 elementor-widget elementor-widget-wd_list\" data-id=\"4705c75\" data-element_type=\"widget\" data-widget_type=\"wd_list.default\">\n<div class=\"elementor-widget-container\">\n<ul class=\"wd-list color-scheme-custom wd-fontsize-xs wd-list-type-image wd-list-style- wd-justify-left\">\n<li class=\"elementor-repeater-item-a12e0c8\"><img decoding=\"async\" class=\"attachment-30x30 size-30x30\" src=\"https:\/\/www.unisun.com.tr\/wp-content\/uploads\/2021\/08\/battery-charge-30x30.png\" sizes=\"(max-width: 30px) 100vw, 30px\" srcset=\"https:\/\/www.unisun.com.tr\/wp-content\/uploads\/2021\/08\/battery-charge-30x30.png 30w, https:\/\/www.unisun.com.tr\/wp-content\/uploads\/2021\/08\/battery-charge-300x300.png 300w, https:\/\/www.unisun.com.tr\/wp-content\/uploads\/2021\/08\/battery-charge-150x150.png 150w, https:\/\/www.unisun.com.tr\/wp-content\/uploads\/2021\/08\/battery-charge-430x430.png 430w, https:\/\/www.unisun.com.tr\/wp-content\/uploads\/2021\/08\/battery-charge.png 512w\" alt=\"\" width=\"30\" height=\"30\" \/><span class=\"list-content\">Amper : 188Ah<\/span><\/li>\n<\/ul>\n<\/div>\n<\/div>\n<div class=\"elementor-element elementor-element-5151662 elementor-widget-divider--view-line elementor-widget elementor-widget-divider\" data-id=\"5151662\" data-element_type=\"widget\" data-widget_type=\"divider.default\"><\/div>\n<div class=\"elementor-element elementor-element-ac79a62 elementor-widget elementor-widget-wd_list\" data-id=\"ac79a62\" data-element_type=\"widget\" data-widget_type=\"wd_list.default\">\n<div class=\"elementor-widget-container\">\n<ul class=\"wd-list color-scheme-custom wd-fontsize-xs wd-list-type-image wd-list-style- wd-justify-left\">\n<li class=\"elementor-repeater-item-a12e0c8\"><img decoding=\"async\" class=\"attachment-30x30 size-30x30\" src=\"https:\/\/www.unisun.com.tr\/wp-content\/uploads\/2021\/08\/battery-charge-30x30.png\" sizes=\"(max-width: 30px) 100vw, 30px\" srcset=\"https:\/\/www.unisun.com.tr\/wp-content\/uploads\/2021\/08\/battery-charge-30x30.png 30w, https:\/\/www.unisun.com.tr\/wp-content\/uploads\/2021\/08\/battery-charge-300x300.png 300w, https:\/\/www.unisun.com.tr\/wp-content\/uploads\/2021\/08\/battery-charge-150x150.png 150w, https:\/\/www.unisun.com.tr\/wp-content\/uploads\/2021\/08\/battery-charge-430x430.png 430w, https:\/\/www.unisun.com.tr\/wp-content\/uploads\/2021\/08\/battery-charge.png 512w\" alt=\"\" width=\"30\" height=\"30\" \/><span class=\"list-content\">Pil Kapasitesi : 250 Ah<\/span><\/li>\n<\/ul>\n<\/div>\n<\/div>\n<div class=\"elementor-element elementor-element-576169f elementor-widget-divider--view-line elementor-widget elementor-widget-divider\" data-id=\"576169f\" data-element_type=\"widget\" data-widget_type=\"divider.default\"><\/div>\n<div class=\"elementor-element elementor-element-9143bdc elementor-widget elementor-widget-wd_list\" data-id=\"9143bdc\" data-element_type=\"widget\" data-widget_type=\"wd_list.default\">\n<div class=\"elementor-widget-container\">\n<ul class=\"wd-list color-scheme-custom wd-fontsize-xs wd-list-type-image wd-list-style- wd-justify-left\">\n<li class=\"elementor-repeater-item-a12e0c8\"><img decoding=\"async\" class=\"attachment-30x30 size-30x30\" src=\"https:\/\/www.unisun.com.tr\/wp-content\/uploads\/2021\/08\/battery-charge-30x30.png\" sizes=\"(max-width: 30px) 100vw, 30px\" srcset=\"https:\/\/www.unisun.com.tr\/wp-content\/uploads\/2021\/08\/battery-charge-30x30.png 30w, https:\/\/www.unisun.com.tr\/wp-content\/uploads\/2021\/08\/battery-charge-300x300.png 300w, https:\/\/www.unisun.com.tr\/wp-content\/uploads\/2021\/08\/battery-charge-150x150.png 150w, https:\/\/www.unisun.com.tr\/wp-content\/uploads\/2021\/08\/battery-charge-430x430.png 430w, https:\/\/www.unisun.com.tr\/wp-content\/uploads\/2021\/08\/battery-charge.png 512w\" alt=\"\" width=\"30\" height=\"30\" \/><span class=\"list-content\">Maksimum PV G\u00fcc\u00fc : 1100 W<\/span><\/li>\n<\/ul>\n<\/div>\n<\/div>\n<div class=\"elementor-element elementor-element-a2e5a90 elementor-widget-divider--view-line elementor-widget elementor-widget-divider\" data-id=\"a2e5a90\" data-element_type=\"widget\" data-widget_type=\"divider.default\">\n<div class=\"elementor-divider\">\n<p>G\u00fcne\u015f enerjisiyle enerji verimlili\u011finizi zirveye ta\u015f\u0131y\u0131n! Hybrit Smart Tam Sin\u00fcs MPPT invert\u00f6r\u00fcm\u00fcz, yenilik\u00e7i MPPT teknolojisi ile g\u00fcne\u015f enerjisini en verimli \u015fekilde kullanman\u0131z\u0131 sa\u011flar. Tam sin\u00fcs dalga formu \u00fcretme \u00f6zelli\u011fiyle hassas elektronik cihazlar\u0131n\u0131z\u0131n g\u00fcvenli\u011fini garanti alt\u0131na al\u0131r. Ak\u0131ll\u0131 enerji y\u00f6netimi sayesinde, enerji t\u00fcketimini optimize eder ve kesintisiz enerji kayna\u011f\u0131 sa\u011flar. Dayan\u0131kl\u0131 tasar\u0131m\u0131 ve g\u00fcvenilir performans\u0131 ile Hybrit Smart Tam Sin\u00fcs MPPT invert\u00f6r, evinizde, i\u015fyerinizde ve end\u00fcstriyel uygulamalarda g\u00fcvenilir bir \u00e7\u00f6z\u00fcm sunar. Yenilik\u00e7i teknoloji ile gelece\u011fe ad\u0131m at\u0131n!<\/p>\n<p class=\"p1\">MPPT (Maximum Power Point Tracking g\u00fcne\u015f enerjisi sistemlerinde kullan\u0131lan bir teknolojidir. G\u00fcne\u015f panellerinden gelen enerjiyi en verimli \u015fekilde kullanmak i\u00e7in panellerin optimum \u00e7al\u0131\u015fma noktas\u0131n\u0131 izleyip belirler. Bu sayede enerji verimlili\u011fi artar ve daha fazla enerji elde edilir.)<\/p>\n<h5 class=\"p1\"><strong>Hybrit<\/strong><\/h5>\n<p class=\"p1\">Hybrit invert\u00f6r, hem g\u00fcne\u015f enerjisi panelleri hem de di\u011fer enerji kaynaklar\u0131 (genellikle bir jenerat\u00f6r veya \u015febeke elektri\u011fi) ile \u00e7al\u0131\u015fabilen bir t\u00fcr invert\u00f6rd\u00fcr. Hybrit (veya hibrit) \u00f6zelli\u011fi, bu invert\u00f6rlerin hem g\u00fcne\u015f enerjisiyle \u00fcretilen elektri\u011fi hem de di\u011fer enerji kaynaklar\u0131ndan gelen elektri\u011fi y\u00f6netebilme yetene\u011fini ifade eder.<\/p>\n<h5 class=\"p1\">Ak\u0131\u015f<\/h5>\n<p class=\"p1\">Ak\u0131ll\u0131 invert\u00f6rler, entegre sens\u00f6rler ve ak\u0131ll\u0131 yaz\u0131l\u0131m kullanarak elektrik \u00fcretim ve t\u00fcketim verilerini s\u00fcrekli olarak izleyen ve analiz eden cihazlard\u0131r. Bu \u00f6zellikler sayesinde ak\u0131ll\u0131 invert\u00f6rler, enerji \u00fcretimini ve kullan\u0131m\u0131n\u0131 optimize edebilirler.<\/p>\n<h4 class=\"p1\">Dalga Tipi<\/h4>\n<p class=\"p1\">Tam Sin\u00fcs Tam Sin\u00fcs \u0130nvert\u00f6rler, do\u011fru sin\u00fcs dalga formunu olu\u015fturarak alternatif ak\u0131m (AC) elektri\u011fi \u00fcretebilen cihazlard\u0131r. Bu, tipik olarak evlerimizde ve i\u015fyerlerimizde kulland\u0131\u011f\u0131m\u0131z elektrik prizlerinden gelen elektri\u011fin dalga formuna benzer bir elektrik \u00fcretebildikleri anlam\u0131na gelir. Di\u011fer invert\u00f6r tipleri, \u00f6zellikle modifiye sin\u00fcs ve kare dalga invert\u00f6rler, daha d\u00fczensiz dalga formlar\u0131 \u00fcretebilirler. Ancak, bir\u00e7ok modern elektronik cihaz, tam sin\u00fcs dalga formuna ihtiya\u00e7 duyar. Tam sin\u00fcs invert\u00f6rler, bu cihazlarla uyumlu ve stabil bir g\u00fc\u00e7 kayna\u011f\u0131 sa\u011flar. Tam sin\u00fcs dalga formuna sahip olman\u0131n avantajlar\u0131 \u015funlard\u0131r: Ev Cihazlar\u0131yla Uyum: Baz\u0131 hassas elektronik cihazlar, tam sin\u00fcs dalga formu gerektirir. Bu t\u00fcr cihazlar, tam sin\u00fcs invert\u00f6rlerle daha g\u00fcvenli ve daha verimli bir \u015fekilde \u00e7al\u0131\u015fabilir. D\u00fc\u015f\u00fck G\u00fcr\u00fclt\u00fc Seviyesi: Tam sin\u00fcs invert\u00f6rler, elektronik cihazlarda daha az g\u00fcr\u00fclt\u00fc ve rahats\u0131z edici titre\u015fim \u00fcretir, bu da cihazlar\u0131n daha sessiz \u00e7al\u0131\u015fmas\u0131n\u0131 sa\u011flar. Daha Uzun Cihaz \u00d6mr\u00fc: Tam sin\u00fcs dalga formu, elektronik cihazlar\u0131n daha uzun \u00f6m\u00fcrl\u00fc olmas\u0131na yard\u0131mc\u0131 olabilir, \u00e7\u00fcnk\u00fc d\u00fczensiz dalga formlar\u0131 baz\u0131 cihazlar i\u00e7in a\u015f\u0131r\u0131 \u0131s\u0131nmaya veya hatal\u0131 \u00e7al\u0131\u015fmaya neden olabilir. Geni\u015f Uygulama Alan\u0131: Tam sin\u00fcs invert\u00f6rler, genellikle evlerde, ofislerde, teknoloji merkezlerinde, t\u0131bbi cihazlarda ve di\u011fer hassas elektronik sistemlerde kullan\u0131l\u0131r. Sonu\u00e7 olarak, tam sin\u00fcs invert\u00f6rler, elektronik cihazlar\u0131n\u0131z\u0131n do\u011fru ve g\u00fcvenilir bir \u015fekilde \u00e7al\u0131\u015fmas\u0131n\u0131 sa\u011flayan \u00f6nemli bir \u00f6zelliktir.<\/p>\n<\/div>\n<\/div>\n","protected":false},"excerpt":{"rendered":"<p>Teknik \u00d6zellikler \u0130nverter Kapasitesi : 11 Kw 1100W Amper : 188Ah Pil Kapasitesi : 250 Ah Maksimum PV G\u00fcc\u00fc :<\/p>\n","protected":false},"featured_media":35180,"template":"","meta":[],"pwb-brand":[1792],"product_brand":[],"product_cat":[1990,1987,1991],"product_tag":[2065],"class_list":{"0":"post-35131","1":"product","2":"type-product","3":"status-publish","4":"has-post-thumbnail","6":"pwb-brand-unisun-energy","7":"product_cat-akilli-inverterler","8":"product_cat-inverterler","9":"product_cat-off-grid-inverterler","10":"product_tag-unisun-11kva-11000w-48vdc-sunpolo-unisun-hybrid-smart-tam-sinus-inverter","12":"first","13":"instock","14":"product-type-simple"},"jetpack_sharing_enabled":true,"brands":[{"id":1792,"name":"Unisun Energy","slug":"unisun-energy"}],"_links":{"self":[{"href":"https:\/\/ynrsolar.shop\/index.php\/wp-json\/wp\/v2\/product\/35131","targetHints":{"allow":["GET"]}}],"collection":[{"href":"https:\/\/ynrsolar.shop\/index.php\/wp-json\/wp\/v2\/product"}],"about":[{"href":"https:\/\/ynrsolar.shop\/index.php\/wp-json\/wp\/v2\/types\/product"}],"version-history":[{"count":1,"href":"https:\/\/ynrsolar.shop\/index.php\/wp-json\/wp\/v2\/product\/35131\/revisions"}],"predecessor-version":[{"id":35181,"href":"https:\/\/ynrsolar.shop\/index.php\/wp-json\/wp\/v2\/product\/35131\/revisions\/35181"}],"wp:featuredmedia":[{"embeddable":true,"href":"https:\/\/ynrsolar.shop\/index.php\/wp-json\/wp\/v2\/media\/35180"}],"wp:attachment":[{"href":"https:\/\/ynrsolar.shop\/index.php\/wp-json\/wp\/v2\/media?parent=35131"}],"wp:term":[{"taxonomy":"pwb-brand","embeddable":true,"href":"https:\/\/ynrsolar.shop\/index.php\/wp-json\/wp\/v2\/pwb-brand?post=35131"},{"taxonomy":"product_brand","embeddable":true,"href":"https:\/\/ynrsolar.shop\/index.php\/wp-json\/wp\/v2\/product_brand?post=35131"},{"taxonomy":"product_cat","embeddable":true,"href":"https:\/\/ynrsolar.shop\/index.php\/wp-json\/wp\/v2\/product_cat?post=35131"},{"taxonomy":"product_tag","embeddable":true,"href":"https:\/\/ynrsolar.shop\/index.php\/wp-json\/wp\/v2\/product_tag?post=35131"}],"curies":[{"name":"wp","href":"https:\/\/api.w.org\/{rel}","templated":true}]}}