{"id":35124,"date":"2025-04-14T14:10:24","date_gmt":"2025-04-14T11:10:24","guid":{"rendered":"https:\/\/ynrsolar.shop\/?post_type=product&#038;p=35124"},"modified":"2025-06-09T19:17:50","modified_gmt":"2025-06-09T16:17:50","slug":"mexxsun-tam-sinus-24v-1000w","status":"publish","type":"product","link":"https:\/\/ynrsolar.shop\/index.php\/urun\/mexxsun-tam-sinus-24v-1000w\/","title":{"rendered":"Mexxsun Tam Sin\u00fcs 24V 1000W"},"content":{"rendered":"<div class=\"product-info-rows\">\n<div class=\"product-info-row\"><span class=\"product-info-row-title\">Marka<\/span><span class=\"product-info-row-seperator\">:<\/span><span class=\"product-info-row-value\">MEXXSUN<\/span><\/div>\n<div class=\"product-info-row\"><span class=\"product-info-row-title\">\u00dcr\u00fcn Kodu<\/span><span class=\"product-info-row-seperator\">:<\/span><span class=\"product-info-row-value\">NV001.24TSMX.003<\/span><\/div>\n<div class=\"product-info-row\"><span class=\"product-info-row-title\">Miktar Tipi<\/span><span class=\"product-info-row-seperator\">:<\/span><span class=\"product-info-row-value\">Adet<\/span><\/div>\n<div class=\"product-info-row\"><span class=\"product-info-row-title\">Kategori Ad\u0131<\/span><span class=\"product-info-row-seperator\">:<\/span><span class=\"product-info-row-value\">Tam Sin\u00fcs \u0130nverterler<\/span><\/div>\n<\/div>\n","protected":false},"excerpt":{"rendered":"<p>Marka:MEXXSUN \u00dcr\u00fcn Kodu:NV001.24TSMX.003 Miktar Tipi:Adet Kategori Ad\u0131:Tam Sin\u00fcs \u0130nverterler<\/p>\n","protected":false},"featured_media":35166,"template":"","meta":[],"pwb-brand":[347],"product_brand":[],"product_cat":[1987,1994],"product_tag":[],"class_list":{"0":"post-35124","1":"product","2":"type-product","3":"status-publish","4":"has-post-thumbnail","6":"pwb-brand-mexxsun","7":"product_cat-inverterler","8":"product_cat-tam-sinus-inverter","10":"first","11":"instock","12":"product-type-simple"},"jetpack_sharing_enabled":true,"brands":[{"id":347,"name":"Mexxsun","slug":"mexxsun"}],"_links":{"self":[{"href":"https:\/\/ynrsolar.shop\/index.php\/wp-json\/wp\/v2\/product\/35124","targetHints":{"allow":["GET"]}}],"collection":[{"href":"https:\/\/ynrsolar.shop\/index.php\/wp-json\/wp\/v2\/product"}],"about":[{"href":"https:\/\/ynrsolar.shop\/index.php\/wp-json\/wp\/v2\/types\/product"}],"version-history":[{"count":1,"href":"https:\/\/ynrsolar.shop\/index.php\/wp-json\/wp\/v2\/product\/35124\/revisions"}],"predecessor-version":[{"id":35170,"href":"https:\/\/ynrsolar.shop\/index.php\/wp-json\/wp\/v2\/product\/35124\/revisions\/35170"}],"wp:featuredmedia":[{"embeddable":true,"href":"https:\/\/ynrsolar.shop\/index.php\/wp-json\/wp\/v2\/media\/35166"}],"wp:attachment":[{"href":"https:\/\/ynrsolar.shop\/index.php\/wp-json\/wp\/v2\/media?parent=35124"}],"wp:term":[{"taxonomy":"pwb-brand","embeddable":true,"href":"https:\/\/ynrsolar.shop\/index.php\/wp-json\/wp\/v2\/pwb-brand?post=35124"},{"taxonomy":"product_brand","embeddable":true,"href":"https:\/\/ynrsolar.shop\/index.php\/wp-json\/wp\/v2\/product_brand?post=35124"},{"taxonomy":"product_cat","embeddable":true,"href":"https:\/\/ynrsolar.shop\/index.php\/wp-json\/wp\/v2\/product_cat?post=35124"},{"taxonomy":"product_tag","embeddable":true,"href":"https:\/\/ynrsolar.shop\/index.php\/wp-json\/wp\/v2\/product_tag?post=35124"}],"curies":[{"name":"wp","href":"https:\/\/api.w.org\/{rel}","templated":true}]}}