{"id":35121,"date":"2025-04-14T14:10:24","date_gmt":"2025-04-14T11:10:24","guid":{"rendered":"https:\/\/ynrsolar.shop\/?post_type=product&#038;p=35121"},"modified":"2025-06-09T19:18:07","modified_gmt":"2025-06-09T16:18:07","slug":"mc4-y-branch-disi-erkek-set","status":"publish","type":"product","link":"https:\/\/ynrsolar.shop\/index.php\/urun\/mc4-y-branch-disi-erkek-set\/","title":{"rendered":"Mc4 Y Branch Di\u015fi-Erkek Set"},"content":{"rendered":"<p>T Branch Connector 2-1: G\u00fcne\u015f enerjisi sistemlerinizin verimlili\u011fini art\u0131rmak i\u00e7in tasarlanm\u0131\u015f m\u00fckemmel bir \u00e7\u00f6z\u00fcm. Bu dayan\u0131kl\u0131 ve g\u00fcvenilir ba\u011flant\u0131 eleman\u0131, g\u00fcne\u015f panellerini birle\u015ftirmek ve enerji \u00fcretimini optimize etmek i\u00e7in kullan\u0131l\u0131r. Y\u00fcksek kaliteli malzemelerden \u00fcretilmi\u015f olan bu ba\u011flant\u0131 eleman\u0131, uzun \u00f6m\u00fcr ve g\u00fcvenilirlik sunar. G\u00fcne\u015f enerjisi projelerinizde kullanabilece\u011finiz en g\u00fcvenilir ve etkili \u00e7\u00f6z\u00fcm i\u00e7in T Branch Connector 2-1\u2019i tercih edin. Enerji tasarrufunu maksimuma \u00e7\u0131kar\u0131n, g\u00fcne\u015f enerjisi \u00fcretiminde lider olun!<\/p>\n","protected":false},"excerpt":{"rendered":"<p>T Branch Connector 2-1: G\u00fcne\u015f enerjisi sistemlerinizin verimlili\u011fini art\u0131rmak i\u00e7in tasarlanm\u0131\u015f m\u00fckemmel bir \u00e7\u00f6z\u00fcm. Bu dayan\u0131kl\u0131 ve g\u00fcvenilir ba\u011flant\u0131 eleman\u0131,<\/p>\n","protected":false},"featured_media":35164,"template":"","meta":[],"pwb-brand":[],"product_brand":[],"product_cat":[2059,2056],"product_tag":[1924],"class_list":{"0":"post-35121","1":"product","2":"type-product","3":"status-publish","4":"has-post-thumbnail","6":"product_cat-konnektorler","7":"product_cat-solar-montaj-ekipmanlari","8":"product_tag-mc4-y-branch-disi-erkek-set","10":"first","11":"instock","12":"product-type-simple"},"jetpack_sharing_enabled":true,"brands":[],"_links":{"self":[{"href":"https:\/\/ynrsolar.shop\/index.php\/wp-json\/wp\/v2\/product\/35121","targetHints":{"allow":["GET"]}}],"collection":[{"href":"https:\/\/ynrsolar.shop\/index.php\/wp-json\/wp\/v2\/product"}],"about":[{"href":"https:\/\/ynrsolar.shop\/index.php\/wp-json\/wp\/v2\/types\/product"}],"version-history":[{"count":1,"href":"https:\/\/ynrsolar.shop\/index.php\/wp-json\/wp\/v2\/product\/35121\/revisions"}],"predecessor-version":[{"id":35165,"href":"https:\/\/ynrsolar.shop\/index.php\/wp-json\/wp\/v2\/product\/35121\/revisions\/35165"}],"wp:featuredmedia":[{"embeddable":true,"href":"https:\/\/ynrsolar.shop\/index.php\/wp-json\/wp\/v2\/media\/35164"}],"wp:attachment":[{"href":"https:\/\/ynrsolar.shop\/index.php\/wp-json\/wp\/v2\/media?parent=35121"}],"wp:term":[{"taxonomy":"pwb-brand","embeddable":true,"href":"https:\/\/ynrsolar.shop\/index.php\/wp-json\/wp\/v2\/pwb-brand?post=35121"},{"taxonomy":"product_brand","embeddable":true,"href":"https:\/\/ynrsolar.shop\/index.php\/wp-json\/wp\/v2\/product_brand?post=35121"},{"taxonomy":"product_cat","embeddable":true,"href":"https:\/\/ynrsolar.shop\/index.php\/wp-json\/wp\/v2\/product_cat?post=35121"},{"taxonomy":"product_tag","embeddable":true,"href":"https:\/\/ynrsolar.shop\/index.php\/wp-json\/wp\/v2\/product_tag?post=35121"}],"curies":[{"name":"wp","href":"https:\/\/api.w.org\/{rel}","templated":true}]}}