{"id":35051,"date":"2025-04-14T14:09:58","date_gmt":"2025-04-14T11:09:58","guid":{"rendered":"https:\/\/ynrsolar.shop\/?post_type=product&#038;p=35051"},"modified":"2025-06-09T19:21:06","modified_gmt":"2025-06-09T16:21:06","slug":"orbus-12v-2000w-tam-sinus-inverter","status":"publish","type":"product","link":"https:\/\/ynrsolar.shop\/index.php\/urun\/orbus-12v-2000w-tam-sinus-inverter\/","title":{"rendered":"Orbus 12V 2000W Tam Sin\u00fcs \u0130nverter"},"content":{"rendered":"<p>Orbus 12V 2000W Tam Sin\u00fcs \u0130nvert\u00f6r<\/p>\n<div>\u00c7\u0131k\u0131\u015f G\u00fcc\u00fc: 2000 Watt<\/div>\n<div>Giri\u015f Voltaj\u0131: 12V<\/div>\n<div>\u00c7\u0131k\u0131\u015f Voltaj\u0131: 220V<\/div>\n<div>Frekans: 50Hz<\/div>\n<div>\u00c7\u0131k\u0131\u015f \u015eekli: Tam Sin\u00fcs<\/div>\n<div>Verimlilik: %85-%90<\/div>\n<div>Is\u0131l Dayan\u0131kl\u0131l\u0131k: +65 Derece \/ -5 Derece<\/div>\n<div>A\u015f\u0131r\u0131 Y\u00fck Alarm\u0131: Var<\/div>\n<div>K\u0131sa Devre Koruma: Var<\/div>\n<div>So\u011futma Fan\u0131: Var<\/div>\n<div>Sigorta: Var<\/div>\n","protected":false},"excerpt":{"rendered":"<p>Orbus 12V 2000W Tam Sin\u00fcs \u0130nvert\u00f6r \u00c7\u0131k\u0131\u015f G\u00fcc\u00fc: 2000 Watt Giri\u015f Voltaj\u0131: 12V \u00c7\u0131k\u0131\u015f Voltaj\u0131: 220V Frekans: 50Hz \u00c7\u0131k\u0131\u015f \u015eekli:<\/p>\n","protected":false},"featured_media":35098,"template":"","meta":[],"pwb-brand":[210],"product_brand":[],"product_cat":[1987,1994],"product_tag":[1729],"class_list":{"0":"post-35051","1":"product","2":"type-product","3":"status-publish","4":"has-post-thumbnail","6":"pwb-brand-orbus","7":"product_cat-inverterler","8":"product_cat-tam-sinus-inverter","9":"product_tag-orbus-12v-2000w-tam-sinus-inverter","11":"first","12":"instock","13":"product-type-simple"},"jetpack_sharing_enabled":true,"brands":[{"id":210,"name":"Orbus","slug":"orbus"}],"_links":{"self":[{"href":"https:\/\/ynrsolar.shop\/index.php\/wp-json\/wp\/v2\/product\/35051","targetHints":{"allow":["GET"]}}],"collection":[{"href":"https:\/\/ynrsolar.shop\/index.php\/wp-json\/wp\/v2\/product"}],"about":[{"href":"https:\/\/ynrsolar.shop\/index.php\/wp-json\/wp\/v2\/types\/product"}],"version-history":[{"count":1,"href":"https:\/\/ynrsolar.shop\/index.php\/wp-json\/wp\/v2\/product\/35051\/revisions"}],"predecessor-version":[{"id":35102,"href":"https:\/\/ynrsolar.shop\/index.php\/wp-json\/wp\/v2\/product\/35051\/revisions\/35102"}],"wp:featuredmedia":[{"embeddable":true,"href":"https:\/\/ynrsolar.shop\/index.php\/wp-json\/wp\/v2\/media\/35098"}],"wp:attachment":[{"href":"https:\/\/ynrsolar.shop\/index.php\/wp-json\/wp\/v2\/media?parent=35051"}],"wp:term":[{"taxonomy":"pwb-brand","embeddable":true,"href":"https:\/\/ynrsolar.shop\/index.php\/wp-json\/wp\/v2\/pwb-brand?post=35051"},{"taxonomy":"product_brand","embeddable":true,"href":"https:\/\/ynrsolar.shop\/index.php\/wp-json\/wp\/v2\/product_brand?post=35051"},{"taxonomy":"product_cat","embeddable":true,"href":"https:\/\/ynrsolar.shop\/index.php\/wp-json\/wp\/v2\/product_cat?post=35051"},{"taxonomy":"product_tag","embeddable":true,"href":"https:\/\/ynrsolar.shop\/index.php\/wp-json\/wp\/v2\/product_tag?post=35051"}],"curies":[{"name":"wp","href":"https:\/\/api.w.org\/{rel}","templated":true}]}}