{"id":35050,"date":"2025-04-14T14:09:58","date_gmt":"2025-04-14T11:09:58","guid":{"rendered":"https:\/\/ynrsolar.shop\/?post_type=product&#038;p=35050"},"modified":"2025-06-09T19:21:14","modified_gmt":"2025-06-09T16:21:14","slug":"orbus-24v-3000w-tam-sinus-inverter","status":"publish","type":"product","link":"https:\/\/ynrsolar.shop\/index.php\/urun\/orbus-24v-3000w-tam-sinus-inverter\/","title":{"rendered":"Orbus 24V 3000W Tam Sin\u00fcs \u0130nverter"},"content":{"rendered":"<p>Ak\u0131ll\u0131 sistemler olarak tasarlanan tam sin\u00fcs inverter ile \u00fcretilen elektrik enerjisi, do\u011fru ak\u0131mdan alternatife ak\u0131ma aktar\u0131l\u0131r. Inverter do\u011fru ak\u0131m ve alternatif ak\u0131m aras\u0131nda denge kurdu\u011fu i\u00e7in a\u015f\u0131r\u0131 elektrik y\u00fcklenmesi nedeniyle, teknik ve donan\u0131msal sorunlar \u00f6nlenir. Tam sin\u00fcs invert\u00f6rler, modifiye sin\u00fcs invert\u00f6rlere g\u00f6re ani voltaj art\u0131\u015f ve d\u00fc\u015f\u00fc\u015f\u00fcn\u00fc tolere etmede daha ba\u015far\u0131l\u0131d\u0131r. Tam sin\u00fcs inverterlar daha y\u00fcksek verimli ve daha maliyetlidir. Tam sin\u00fcs dalga, t\u00fcm uygulamalarda sorunsuz kullan\u0131labilmektedir. Tam sin\u00fcs inverter ile cihazlar daha az \u0131s\u0131n\u0131r. Tam sin\u00fcs inverter ile \u00e7al\u0131\u015fan bir\u00e7ok cihaz, modifiye sin\u00fcs inverter ile de \u00e7al\u0131\u015fabilir.<\/p>\n<p><strong>Kullan\u0131m Alanlar\u0131:<\/strong>\u00a0G\u00fcne\u015f enerjisi sistemleri, solar sokak ayd\u0131nlatma sistemleri, trafik \u0131\u015f\u0131klar\u0131, ta\u015f\u0131t, ambulans, tekne, karavan, bilgisayar, yaz\u0131c\u0131, taray\u0131c\u0131, dijital kameralar, elektrikli fanlar, enerji tasarruflu lambalar, sa\u00e7 kurutma makinesi gibi elektrikli ev aletleri.<\/p>\n<ul>\n<li>2 y\u0131l garanti<\/li>\n<li>CE, ROHS ve E-mark onayl\u0131<\/li>\n<li>Tam sin\u00fcs \u00e7\u0131k\u0131\u015f (THD &lt; %3)<\/li>\n<li>\u015eebeke \u00e7\u0131k\u0131\u015f\u0131na benzer AC \u00e7\u0131k\u0131\u015f\u0131<\/li>\n<li>Tamamen izoleli giri\u015f ve \u00e7\u0131k\u0131\u015f<\/li>\n<li>USB \u00e7\u0131k\u0131\u015f portu<\/li>\n<\/ul>\n","protected":false},"excerpt":{"rendered":"<p>Ak\u0131ll\u0131 sistemler olarak tasarlanan tam sin\u00fcs inverter ile \u00fcretilen elektrik enerjisi, do\u011fru ak\u0131mdan alternatife ak\u0131ma aktar\u0131l\u0131r. Inverter do\u011fru ak\u0131m ve<\/p>\n","protected":false},"featured_media":35100,"template":"","meta":[],"pwb-brand":[210],"product_brand":[],"product_cat":[1987,1994],"product_tag":[1728],"class_list":{"0":"post-35050","1":"product","2":"type-product","3":"status-publish","4":"has-post-thumbnail","6":"pwb-brand-orbus","7":"product_cat-inverterler","8":"product_cat-tam-sinus-inverter","9":"product_tag-orbus-12v-3000w-tam-sinus-inverter","11":"first","12":"instock","13":"product-type-simple"},"jetpack_sharing_enabled":true,"brands":[{"id":210,"name":"Orbus","slug":"orbus"}],"_links":{"self":[{"href":"https:\/\/ynrsolar.shop\/index.php\/wp-json\/wp\/v2\/product\/35050","targetHints":{"allow":["GET"]}}],"collection":[{"href":"https:\/\/ynrsolar.shop\/index.php\/wp-json\/wp\/v2\/product"}],"about":[{"href":"https:\/\/ynrsolar.shop\/index.php\/wp-json\/wp\/v2\/types\/product"}],"version-history":[{"count":1,"href":"https:\/\/ynrsolar.shop\/index.php\/wp-json\/wp\/v2\/product\/35050\/revisions"}],"predecessor-version":[{"id":35101,"href":"https:\/\/ynrsolar.shop\/index.php\/wp-json\/wp\/v2\/product\/35050\/revisions\/35101"}],"wp:featuredmedia":[{"embeddable":true,"href":"https:\/\/ynrsolar.shop\/index.php\/wp-json\/wp\/v2\/media\/35100"}],"wp:attachment":[{"href":"https:\/\/ynrsolar.shop\/index.php\/wp-json\/wp\/v2\/media?parent=35050"}],"wp:term":[{"taxonomy":"pwb-brand","embeddable":true,"href":"https:\/\/ynrsolar.shop\/index.php\/wp-json\/wp\/v2\/pwb-brand?post=35050"},{"taxonomy":"product_brand","embeddable":true,"href":"https:\/\/ynrsolar.shop\/index.php\/wp-json\/wp\/v2\/product_brand?post=35050"},{"taxonomy":"product_cat","embeddable":true,"href":"https:\/\/ynrsolar.shop\/index.php\/wp-json\/wp\/v2\/product_cat?post=35050"},{"taxonomy":"product_tag","embeddable":true,"href":"https:\/\/ynrsolar.shop\/index.php\/wp-json\/wp\/v2\/product_tag?post=35050"}],"curies":[{"name":"wp","href":"https:\/\/api.w.org\/{rel}","templated":true}]}}