{"id":35048,"date":"2025-04-14T14:09:58","date_gmt":"2025-04-14T11:09:58","guid":{"rendered":"https:\/\/ynrsolar.shop\/?post_type=product&#038;p=35048"},"modified":"2025-06-09T19:21:32","modified_gmt":"2025-06-09T16:21:32","slug":"orbus-eco-12v-3000w-modifiye-sinus-inverter","status":"publish","type":"product","link":"https:\/\/ynrsolar.shop\/index.php\/urun\/orbus-eco-12v-3000w-modifiye-sinus-inverter\/","title":{"rendered":"Orbus Eco 12V 3000W Modifiye Sin\u00fcs \u0130nverter"},"content":{"rendered":"<p><strong>G\u00dc\u00c7:<\/strong> 3000W<br \/>\n<strong>PEAK (5sn):<\/strong> 6000W<br \/>\n<strong>G\u0130R\u0130\u015e VOLTAJ:<\/strong>\u00a012V DC<br \/>\n<strong>\u00c7IKI\u015e VOLTAJ:<\/strong>\u00a0220V AC<br \/>\n<strong>KARE DALGA<\/strong><\/p>\n","protected":false},"excerpt":{"rendered":"<p>G\u00dc\u00c7: 3000W PEAK (5sn): 6000W G\u0130R\u0130\u015e VOLTAJ:\u00a012V DC \u00c7IKI\u015e VOLTAJ:\u00a0220V AC KARE DALGA<\/p>\n","protected":false},"featured_media":35096,"template":"","meta":[],"pwb-brand":[210],"product_brand":[],"product_cat":[1987,1992],"product_tag":[1727],"class_list":{"0":"post-35048","1":"product","2":"type-product","3":"status-publish","4":"has-post-thumbnail","6":"pwb-brand-orbus","7":"product_cat-inverterler","8":"product_cat-modifiye-sinus-inverterler","9":"product_tag-orbus-12v-3000w-modifiye-sinus-inverter","11":"first","12":"instock","13":"product-type-simple"},"jetpack_sharing_enabled":true,"brands":[{"id":210,"name":"Orbus","slug":"orbus"}],"_links":{"self":[{"href":"https:\/\/ynrsolar.shop\/index.php\/wp-json\/wp\/v2\/product\/35048","targetHints":{"allow":["GET"]}}],"collection":[{"href":"https:\/\/ynrsolar.shop\/index.php\/wp-json\/wp\/v2\/product"}],"about":[{"href":"https:\/\/ynrsolar.shop\/index.php\/wp-json\/wp\/v2\/types\/product"}],"version-history":[{"count":1,"href":"https:\/\/ynrsolar.shop\/index.php\/wp-json\/wp\/v2\/product\/35048\/revisions"}],"predecessor-version":[{"id":35097,"href":"https:\/\/ynrsolar.shop\/index.php\/wp-json\/wp\/v2\/product\/35048\/revisions\/35097"}],"wp:featuredmedia":[{"embeddable":true,"href":"https:\/\/ynrsolar.shop\/index.php\/wp-json\/wp\/v2\/media\/35096"}],"wp:attachment":[{"href":"https:\/\/ynrsolar.shop\/index.php\/wp-json\/wp\/v2\/media?parent=35048"}],"wp:term":[{"taxonomy":"pwb-brand","embeddable":true,"href":"https:\/\/ynrsolar.shop\/index.php\/wp-json\/wp\/v2\/pwb-brand?post=35048"},{"taxonomy":"product_brand","embeddable":true,"href":"https:\/\/ynrsolar.shop\/index.php\/wp-json\/wp\/v2\/product_brand?post=35048"},{"taxonomy":"product_cat","embeddable":true,"href":"https:\/\/ynrsolar.shop\/index.php\/wp-json\/wp\/v2\/product_cat?post=35048"},{"taxonomy":"product_tag","embeddable":true,"href":"https:\/\/ynrsolar.shop\/index.php\/wp-json\/wp\/v2\/product_tag?post=35048"}],"curies":[{"name":"wp","href":"https:\/\/api.w.org\/{rel}","templated":true}]}}