{"id":35044,"date":"2025-04-14T14:09:56","date_gmt":"2025-04-14T11:09:56","guid":{"rendered":"https:\/\/ynrsolar.shop\/?post_type=product&#038;p=35044"},"modified":"2025-06-09T19:22:23","modified_gmt":"2025-06-09T16:22:23","slug":"orbus-eco12v-1200w-modifiye-sinus-inverter","status":"publish","type":"product","link":"https:\/\/ynrsolar.shop\/index.php\/urun\/orbus-eco12v-1200w-modifiye-sinus-inverter\/","title":{"rendered":"Orbus Eco12V 1200W Modifiye Sin\u00fcs \u0130nverter"},"content":{"rendered":"<div data-hveid=\"CB8QAQ\" data-ved=\"2ahUKEwiNxfn4s_6JAxUMSvEDHYIsEpYQj7gIegQIHxAB\">\n<div class=\"dnXCYb\" tabindex=\"0\" role=\"button\" aria-controls=\"_fQ5IZ82SLoyUxc8PgtnIsAk_41\" aria-expanded=\"true\">\n<div class=\"JlqpRe\"><span class=\"JCzEY tNxQIb\"><span class=\"CSkcDe\">Modifiye sin\u00fcs inverter ile ne \u00e7al\u0131\u015ft\u0131r\u0131l\u0131r?<\/span><\/span><\/div>\n<div class=\"p8Jhnd\">\n<div class=\"aj35ze\"><\/div>\n<\/div>\n<div class=\"L3Ezfd\" data-ved=\"2ahUKEwiNxfn4s_6JAxUMSvEDHYIsEpYQuk56BAgfEAI\"><\/div>\n<\/div>\n<\/div>\n<div id=\"_fQ5IZ82SLoyUxc8PgtnIsAk_41\" class=\"bCOlv\" data-ved=\"2ahUKEwiNxfn4s_6JAxUMSvEDHYIsEpYQ7NUEegQIHxAE\">\n<div class=\"IZE3Td\">\n<div class=\"r2fjmd t0bRye Sbgr0\" data-hveid=\"CB8QBQ\" data-ved=\"2ahUKEwiNxfn4s_6JAxUMSvEDHYIsEpYQu04oAHoECB8QBQ\">\n<div id=\"fQ5IZ82SLoyUxc8PgtnIsAk__25\">\n<div class=\"wDYxhc\" data-md=\"61\">\n<div class=\"LGOjhe\" data-attrid=\"wa:\/description\" data-hveid=\"CCYQAA\"><span class=\"ILfuVd\" lang=\"tr\"><span class=\"hgKElc\">Modifiye sin\u00fcs inverter, tam sin\u00fcs inverterlerin \u00e7al\u0131\u015ft\u0131rd\u0131\u011f\u0131\u00a0<b>televizyon, bilgisayar, \u00e7ama\u015f\u0131r makinesi, tost makinesi gibi k\u00fc\u00e7\u00fck ev aletleri, buzdolab\u0131 gibi hemen hemen t\u00fcm elektronik cihazlar\u0131 \u00e7al\u0131\u015ft\u0131r\u0131r<\/b>. \u00d6zellikle yat ve karavanlarda s\u0131k\u00e7a tercih edilen modifiye sin\u00fcs inverterlerd\u0131r.<\/span><\/span><\/div>\n<\/div>\n<div data-attrid=\"wa:\/description\" data-hveid=\"CCYQAA\">\n<ul>\n<li>\u00dcr\u00fcn : \u0130nvert\u00f6r<\/li>\n<li>Giri\u015f : DC 12 V<\/li>\n<li>\u00c7\u0131k\u0131\u015f : 220 Volt AC 50 Hz<\/li>\n<li>Tip : Modifeld Sinus<\/li>\n<li>Kaliteli, Uzun \u00f6m\u00fcrl\u00fc kullan\u0131m<\/li>\n<li>CE Belgeli<\/li>\n<li>Kare Dalga<\/li>\n<li>K\u0131sa devre korumal\u0131d\u0131r.<\/li>\n<li>A\u015f\u0131r\u0131 y\u00fck ve \u0131s\u0131nma durumunda sesli ikaz mevcuttur.<\/li>\n<li>Koruma Sigorta<\/li>\n<\/ul>\n<\/div>\n<\/div>\n<\/div>\n<\/div>\n<\/div>\n","protected":false},"excerpt":{"rendered":"<p>Modifiye sin\u00fcs inverter ile ne \u00e7al\u0131\u015ft\u0131r\u0131l\u0131r? Modifiye sin\u00fcs inverter, tam sin\u00fcs inverterlerin \u00e7al\u0131\u015ft\u0131rd\u0131\u011f\u0131\u00a0televizyon, bilgisayar, \u00e7ama\u015f\u0131r makinesi, tost makinesi gibi k\u00fc\u00e7\u00fck<\/p>\n","protected":false},"featured_media":35088,"template":"","meta":[],"pwb-brand":[210],"product_brand":[],"product_cat":[1987,1992],"product_tag":[1723],"class_list":{"0":"post-35044","1":"product","2":"type-product","3":"status-publish","4":"has-post-thumbnail","6":"pwb-brand-orbus","7":"product_cat-inverterler","8":"product_cat-modifiye-sinus-inverterler","9":"product_tag-orbus-12v-1200w-modifiye-sinus-inverter","11":"first","12":"instock","13":"product-type-simple"},"jetpack_sharing_enabled":true,"brands":[{"id":210,"name":"Orbus","slug":"orbus"}],"_links":{"self":[{"href":"https:\/\/ynrsolar.shop\/index.php\/wp-json\/wp\/v2\/product\/35044","targetHints":{"allow":["GET"]}}],"collection":[{"href":"https:\/\/ynrsolar.shop\/index.php\/wp-json\/wp\/v2\/product"}],"about":[{"href":"https:\/\/ynrsolar.shop\/index.php\/wp-json\/wp\/v2\/types\/product"}],"version-history":[{"count":1,"href":"https:\/\/ynrsolar.shop\/index.php\/wp-json\/wp\/v2\/product\/35044\/revisions"}],"predecessor-version":[{"id":35089,"href":"https:\/\/ynrsolar.shop\/index.php\/wp-json\/wp\/v2\/product\/35044\/revisions\/35089"}],"wp:featuredmedia":[{"embeddable":true,"href":"https:\/\/ynrsolar.shop\/index.php\/wp-json\/wp\/v2\/media\/35088"}],"wp:attachment":[{"href":"https:\/\/ynrsolar.shop\/index.php\/wp-json\/wp\/v2\/media?parent=35044"}],"wp:term":[{"taxonomy":"pwb-brand","embeddable":true,"href":"https:\/\/ynrsolar.shop\/index.php\/wp-json\/wp\/v2\/pwb-brand?post=35044"},{"taxonomy":"product_brand","embeddable":true,"href":"https:\/\/ynrsolar.shop\/index.php\/wp-json\/wp\/v2\/product_brand?post=35044"},{"taxonomy":"product_cat","embeddable":true,"href":"https:\/\/ynrsolar.shop\/index.php\/wp-json\/wp\/v2\/product_cat?post=35044"},{"taxonomy":"product_tag","embeddable":true,"href":"https:\/\/ynrsolar.shop\/index.php\/wp-json\/wp\/v2\/product_tag?post=35044"}],"curies":[{"name":"wp","href":"https:\/\/api.w.org\/{rel}","templated":true}]}}