{"id":35041,"date":"2025-04-14T14:09:54","date_gmt":"2025-04-14T11:09:54","guid":{"rendered":"https:\/\/ynrsolar.shop\/?post_type=product&#038;p=35041"},"modified":"2025-06-09T19:22:56","modified_gmt":"2025-06-09T16:22:56","slug":"orbus-12v-150w-modifiye-sinus-inverter","status":"publish","type":"product","link":"https:\/\/ynrsolar.shop\/index.php\/urun\/orbus-12v-150w-modifiye-sinus-inverter\/","title":{"rendered":"Orbus 12V 150W Modifiye Sin\u00fcs \u0130nverter"},"content":{"rendered":"<p>rbus 12V 150W Modifiye Sin\u00fcs \u0130nvert\u00f6r<\/p>\n<div>\n<ul>\n<li>\u00dcr\u00fcn : \u0130nvert\u00f6r<\/li>\n<li>Giri\u015f : DC 12 V<\/li>\n<li>\u00c7\u0131k\u0131\u015f : 220 Volt AC 50 Hz<\/li>\n<li>S\u00fcrekli G\u00fc\u00e7 : 150 Watt<\/li>\n<li>Tip : Modifeld Sinus<\/li>\n<li>Maksimum G\u00fc\u00e7 : 300 Watt<\/li>\n<li>Kaliteli, Uzun \u00f6m\u00fcrl\u00fc kullan\u0131m<\/li>\n<li>CE Belgeli<\/li>\n<li>Kare Dalga<\/li>\n<li>K\u0131sa devre korumal\u0131d\u0131r.<\/li>\n<li>A\u015f\u0131r\u0131 y\u00fck ve \u0131s\u0131nma durumunda sesli ikaz mevcuttur.<\/li>\n<li>Koruma Sigorta<\/li>\n<\/ul>\n<\/div>\n","protected":false},"excerpt":{"rendered":"<p>rbus 12V 150W Modifiye Sin\u00fcs \u0130nvert\u00f6r \u00dcr\u00fcn : \u0130nvert\u00f6r Giri\u015f : DC 12 V \u00c7\u0131k\u0131\u015f : 220 Volt AC 50<\/p>\n","protected":false},"featured_media":35082,"template":"","meta":[],"pwb-brand":[210],"product_brand":[],"product_cat":[1987,1992],"product_tag":[1721],"class_list":{"0":"post-35041","1":"product","2":"type-product","3":"status-publish","4":"has-post-thumbnail","6":"pwb-brand-orbus","7":"product_cat-inverterler","8":"product_cat-modifiye-sinus-inverterler","9":"product_tag-orbus-12v-150w-modifiye-sinus-inverter","11":"first","12":"instock","13":"product-type-simple"},"jetpack_sharing_enabled":true,"brands":[{"id":210,"name":"Orbus","slug":"orbus"}],"_links":{"self":[{"href":"https:\/\/ynrsolar.shop\/index.php\/wp-json\/wp\/v2\/product\/35041","targetHints":{"allow":["GET"]}}],"collection":[{"href":"https:\/\/ynrsolar.shop\/index.php\/wp-json\/wp\/v2\/product"}],"about":[{"href":"https:\/\/ynrsolar.shop\/index.php\/wp-json\/wp\/v2\/types\/product"}],"version-history":[{"count":1,"href":"https:\/\/ynrsolar.shop\/index.php\/wp-json\/wp\/v2\/product\/35041\/revisions"}],"predecessor-version":[{"id":35083,"href":"https:\/\/ynrsolar.shop\/index.php\/wp-json\/wp\/v2\/product\/35041\/revisions\/35083"}],"wp:featuredmedia":[{"embeddable":true,"href":"https:\/\/ynrsolar.shop\/index.php\/wp-json\/wp\/v2\/media\/35082"}],"wp:attachment":[{"href":"https:\/\/ynrsolar.shop\/index.php\/wp-json\/wp\/v2\/media?parent=35041"}],"wp:term":[{"taxonomy":"pwb-brand","embeddable":true,"href":"https:\/\/ynrsolar.shop\/index.php\/wp-json\/wp\/v2\/pwb-brand?post=35041"},{"taxonomy":"product_brand","embeddable":true,"href":"https:\/\/ynrsolar.shop\/index.php\/wp-json\/wp\/v2\/product_brand?post=35041"},{"taxonomy":"product_cat","embeddable":true,"href":"https:\/\/ynrsolar.shop\/index.php\/wp-json\/wp\/v2\/product_cat?post=35041"},{"taxonomy":"product_tag","embeddable":true,"href":"https:\/\/ynrsolar.shop\/index.php\/wp-json\/wp\/v2\/product_tag?post=35041"}],"curies":[{"name":"wp","href":"https:\/\/api.w.org\/{rel}","templated":true}]}}