{"id":35040,"date":"2025-04-14T14:09:54","date_gmt":"2025-04-14T11:09:54","guid":{"rendered":"https:\/\/ynrsolar.shop\/?post_type=product&#038;p=35040"},"modified":"2025-06-09T19:22:49","modified_gmt":"2025-06-09T16:22:49","slug":"orbus-12v-2000w-modifiye-sinus-sarjli-inverter","status":"publish","type":"product","link":"https:\/\/ynrsolar.shop\/index.php\/urun\/orbus-12v-2000w-modifiye-sinus-sarjli-inverter\/","title":{"rendered":"Orbus 12V 2000W Modifiye Sin\u00fcs \u015earjl\u0131 \u0130nverter"},"content":{"rendered":"<p>Orbus 12V 2000W Modifiye Sin\u00fcs \u015earjl\u0131 \u0130nverter<\/p>\n<div class=\"left margin_top font_small\">\n<p><strong>G\u00dc\u00c7:<\/strong> 600W<br \/>\n<strong>PEAK (5sn):<\/strong> 1200W<br \/>\n<strong>G\u0130R\u0130\u015e VOLTAJ:<\/strong> 12V DC<br \/>\n<strong>\u00c7IKI\u015e VOLTAJ:<\/strong> 220V AC<br \/>\n<strong>KARE DALGA<\/strong><\/p>\n<\/div>\n","protected":false},"excerpt":{"rendered":"<p>Orbus 12V 2000W Modifiye Sin\u00fcs \u015earjl\u0131 \u0130nverter G\u00dc\u00c7: 600W PEAK (5sn): 1200W G\u0130R\u0130\u015e VOLTAJ: 12V DC \u00c7IKI\u015e VOLTAJ: 220V AC<\/p>\n","protected":false},"featured_media":35080,"template":"","meta":[],"pwb-brand":[210],"product_brand":[],"product_cat":[1987,1992],"product_tag":[1720],"class_list":{"0":"post-35040","1":"product","2":"type-product","3":"status-publish","4":"has-post-thumbnail","6":"pwb-brand-orbus","7":"product_cat-inverterler","8":"product_cat-modifiye-sinus-inverterler","9":"product_tag-orbus-12v-2000w-modifiye-sarjli","11":"first","12":"instock","13":"product-type-simple"},"jetpack_sharing_enabled":true,"brands":[{"id":210,"name":"Orbus","slug":"orbus"}],"_links":{"self":[{"href":"https:\/\/ynrsolar.shop\/index.php\/wp-json\/wp\/v2\/product\/35040","targetHints":{"allow":["GET"]}}],"collection":[{"href":"https:\/\/ynrsolar.shop\/index.php\/wp-json\/wp\/v2\/product"}],"about":[{"href":"https:\/\/ynrsolar.shop\/index.php\/wp-json\/wp\/v2\/types\/product"}],"version-history":[{"count":1,"href":"https:\/\/ynrsolar.shop\/index.php\/wp-json\/wp\/v2\/product\/35040\/revisions"}],"predecessor-version":[{"id":35081,"href":"https:\/\/ynrsolar.shop\/index.php\/wp-json\/wp\/v2\/product\/35040\/revisions\/35081"}],"wp:featuredmedia":[{"embeddable":true,"href":"https:\/\/ynrsolar.shop\/index.php\/wp-json\/wp\/v2\/media\/35080"}],"wp:attachment":[{"href":"https:\/\/ynrsolar.shop\/index.php\/wp-json\/wp\/v2\/media?parent=35040"}],"wp:term":[{"taxonomy":"pwb-brand","embeddable":true,"href":"https:\/\/ynrsolar.shop\/index.php\/wp-json\/wp\/v2\/pwb-brand?post=35040"},{"taxonomy":"product_brand","embeddable":true,"href":"https:\/\/ynrsolar.shop\/index.php\/wp-json\/wp\/v2\/product_brand?post=35040"},{"taxonomy":"product_cat","embeddable":true,"href":"https:\/\/ynrsolar.shop\/index.php\/wp-json\/wp\/v2\/product_cat?post=35040"},{"taxonomy":"product_tag","embeddable":true,"href":"https:\/\/ynrsolar.shop\/index.php\/wp-json\/wp\/v2\/product_tag?post=35040"}],"curies":[{"name":"wp","href":"https:\/\/api.w.org\/{rel}","templated":true}]}}