{"id":35008,"date":"2025-04-14T14:09:31","date_gmt":"2025-04-14T11:09:31","guid":{"rendered":"https:\/\/ynrsolar.shop\/?post_type=product&#038;p=35008"},"modified":"2025-06-09T19:23:14","modified_gmt":"2025-06-09T16:23:14","slug":"orbus-eco-16kw-12v-mppt-akilli-inverter","status":"publish","type":"product","link":"https:\/\/ynrsolar.shop\/index.php\/urun\/orbus-eco-16kw-12v-mppt-akilli-inverter\/","title":{"rendered":"Orbus ECO 1,6kW 12V Mppt Ak\u0131ll\u0131 \u0130nverter"},"content":{"rendered":"<p>Entegre MPPT \u015farj kontrol cihaz<br \/>\nTam sin\u00fcs ak\u0131ll\u0131 inverter<br \/>\n\u015eebeke gerilimi, jenerat\u00f6r ve g\u00fcne\u015f panellerinle uyumlu<br \/>\n2 y\u0131l garanti<br \/>\nA\u015f\u0131r\u0131 y\u00fck, a\u015f\u0131r\u0131 s\u0131cakl\u0131k ve k\u0131sa devre korumas\u0131<br \/>\nParalel Ba\u011flant\u0131 \u00f6zelli\u011fi yoktur.<br \/>\nJel ak\u00fcler ile kullan\u0131ma uygundur.<\/p>\n","protected":false},"excerpt":{"rendered":"<p>Entegre MPPT \u015farj kontrol cihaz Tam sin\u00fcs ak\u0131ll\u0131 inverter \u015eebeke gerilimi, jenerat\u00f6r ve g\u00fcne\u015f panellerinle uyumlu 2 y\u0131l garanti A\u015f\u0131r\u0131<\/p>\n","protected":false},"featured_media":35061,"template":"","meta":[],"pwb-brand":[210],"product_brand":[],"product_cat":[1990,1987,1991],"product_tag":[1718],"class_list":{"0":"post-35008","1":"product","2":"type-product","3":"status-publish","4":"has-post-thumbnail","6":"pwb-brand-orbus","7":"product_cat-akilli-inverterler","8":"product_cat-inverterler","9":"product_cat-off-grid-inverterler","10":"product_tag-orbus-1-6kw-akilli-inverter","12":"first","13":"instock","14":"product-type-simple"},"jetpack_sharing_enabled":true,"brands":[{"id":210,"name":"Orbus","slug":"orbus"}],"_links":{"self":[{"href":"https:\/\/ynrsolar.shop\/index.php\/wp-json\/wp\/v2\/product\/35008","targetHints":{"allow":["GET"]}}],"collection":[{"href":"https:\/\/ynrsolar.shop\/index.php\/wp-json\/wp\/v2\/product"}],"about":[{"href":"https:\/\/ynrsolar.shop\/index.php\/wp-json\/wp\/v2\/types\/product"}],"version-history":[{"count":1,"href":"https:\/\/ynrsolar.shop\/index.php\/wp-json\/wp\/v2\/product\/35008\/revisions"}],"predecessor-version":[{"id":35077,"href":"https:\/\/ynrsolar.shop\/index.php\/wp-json\/wp\/v2\/product\/35008\/revisions\/35077"}],"wp:featuredmedia":[{"embeddable":true,"href":"https:\/\/ynrsolar.shop\/index.php\/wp-json\/wp\/v2\/media\/35061"}],"wp:attachment":[{"href":"https:\/\/ynrsolar.shop\/index.php\/wp-json\/wp\/v2\/media?parent=35008"}],"wp:term":[{"taxonomy":"pwb-brand","embeddable":true,"href":"https:\/\/ynrsolar.shop\/index.php\/wp-json\/wp\/v2\/pwb-brand?post=35008"},{"taxonomy":"product_brand","embeddable":true,"href":"https:\/\/ynrsolar.shop\/index.php\/wp-json\/wp\/v2\/product_brand?post=35008"},{"taxonomy":"product_cat","embeddable":true,"href":"https:\/\/ynrsolar.shop\/index.php\/wp-json\/wp\/v2\/product_cat?post=35008"},{"taxonomy":"product_tag","embeddable":true,"href":"https:\/\/ynrsolar.shop\/index.php\/wp-json\/wp\/v2\/product_tag?post=35008"}],"curies":[{"name":"wp","href":"https:\/\/api.w.org\/{rel}","templated":true}]}}