{"id":35004,"date":"2025-04-14T14:09:29","date_gmt":"2025-04-14T11:09:29","guid":{"rendered":"https:\/\/ynrsolar.shop\/?post_type=product&#038;p=35004"},"modified":"2025-06-09T19:23:54","modified_gmt":"2025-06-09T16:23:54","slug":"450w-esnek-gunes-paneli-solar-panel-marin-tipi-ht72-166m","status":"publish","type":"product","link":"https:\/\/ynrsolar.shop\/index.php\/urun\/450w-esnek-gunes-paneli-solar-panel-marin-tipi-ht72-166m\/","title":{"rendered":"450W Esnek G\u00fcne\u015f Paneli Solar Panel Marin Tipi Ht72-166M"},"content":{"rendered":"<p>450w Esnek G\u00fcne\u015f Paneli Solar Panel<\/p>\n<p>HT72-166 ( Module Efficiency 20.6% No.of Cells 144(6 \u00d7 24)<\/p>\n<p>Weight 6.3Kg Dimensions 2105mm \u00d7 1035mm \u00d7 2mm Lm)<\/p>\n<p>Comprehensive and First-rate High Efficiency Low LID and cell with Half-cut Technology Big Size: Cell 166 \u00d7 83 mm Monocrystallin<\/p>\n","protected":false},"excerpt":{"rendered":"<p>450w Esnek G\u00fcne\u015f Paneli Solar Panel HT72-166 ( Module Efficiency 20.6% No.of Cells 144(6 \u00d7 24) Weight 6.3Kg Dimensions 2105mm<\/p>\n","protected":false},"featured_media":34316,"template":"","meta":[],"pwb-brand":[483],"product_brand":[],"product_cat":[1997,1984],"product_tag":[1715],"class_list":{"0":"post-35004","1":"product","2":"type-product","3":"status-publish","4":"has-post-thumbnail","6":"pwb-brand-ht-saae","7":"product_cat-flexible-esnek-gunes-panelleri","8":"product_cat-gunes-paneli","9":"product_tag-450w-esnek-panel","11":"first","12":"instock","13":"featured","14":"product-type-simple"},"jetpack_sharing_enabled":true,"brands":[{"id":483,"name":"HT Saae","slug":"ht-saae"}],"_links":{"self":[{"href":"https:\/\/ynrsolar.shop\/index.php\/wp-json\/wp\/v2\/product\/35004","targetHints":{"allow":["GET"]}}],"collection":[{"href":"https:\/\/ynrsolar.shop\/index.php\/wp-json\/wp\/v2\/product"}],"about":[{"href":"https:\/\/ynrsolar.shop\/index.php\/wp-json\/wp\/v2\/types\/product"}],"version-history":[{"count":1,"href":"https:\/\/ynrsolar.shop\/index.php\/wp-json\/wp\/v2\/product\/35004\/revisions"}],"predecessor-version":[{"id":35071,"href":"https:\/\/ynrsolar.shop\/index.php\/wp-json\/wp\/v2\/product\/35004\/revisions\/35071"}],"wp:featuredmedia":[{"embeddable":true,"href":"https:\/\/ynrsolar.shop\/index.php\/wp-json\/wp\/v2\/media\/34316"}],"wp:attachment":[{"href":"https:\/\/ynrsolar.shop\/index.php\/wp-json\/wp\/v2\/media?parent=35004"}],"wp:term":[{"taxonomy":"pwb-brand","embeddable":true,"href":"https:\/\/ynrsolar.shop\/index.php\/wp-json\/wp\/v2\/pwb-brand?post=35004"},{"taxonomy":"product_brand","embeddable":true,"href":"https:\/\/ynrsolar.shop\/index.php\/wp-json\/wp\/v2\/product_brand?post=35004"},{"taxonomy":"product_cat","embeddable":true,"href":"https:\/\/ynrsolar.shop\/index.php\/wp-json\/wp\/v2\/product_cat?post=35004"},{"taxonomy":"product_tag","embeddable":true,"href":"https:\/\/ynrsolar.shop\/index.php\/wp-json\/wp\/v2\/product_tag?post=35004"}],"curies":[{"name":"wp","href":"https:\/\/api.w.org\/{rel}","templated":true}]}}