{"id":35003,"date":"2025-04-14T14:09:29","date_gmt":"2025-04-14T11:09:29","guid":{"rendered":"https:\/\/ynrsolar.shop\/?post_type=product&#038;p=35003"},"modified":"2025-06-09T19:24:12","modified_gmt":"2025-06-09T16:24:12","slug":"linetech-15kw-infini-wp-max-48v-mppt-hybrid-ip65-solar-akilli-inverter","status":"publish","type":"product","link":"https:\/\/ynrsolar.shop\/index.php\/urun\/linetech-15kw-infini-wp-max-48v-mppt-hybrid-ip65-solar-akilli-inverter\/","title":{"rendered":"Linetech 15Kw INFINI WP Max 48V Mppt Hybrid IP65 Solar Ak\u0131ll\u0131 \u0130nverter"},"content":{"rendered":"<p><strong>MAX 48V 15KW MPPT Hybrid IP65 Solar Ak\u0131ll\u0131 Inverter<\/strong><\/p>\n<div>\n<h4>\u2022 IP65 suya ve toza dayan\u0131kl\u0131 olmas\u0131, invert\u00f6r\u00fcn \u00e7e\u015fitli \u00e7al\u0131\u015fma ko\u015fullar\u0131nda kullan\u0131labilir olmas\u0131n\u0131 sa\u011flar.<\/h4>\n<\/div>\n<div>\n<h4>\u2022 Mobil izleme i\u00e7in dahili Wi-Fi (Uygulama mevcuttur)<\/h4>\n<\/div>\n<div>\n<h4>\u2022 %150 dengesiz y\u00fck deste\u011fi<\/h4>\n<\/div>\n<div>\n<h4>\u2022 Ak\u0131ll\u0131 y\u00fck y\u00f6netimi i\u00e7in iste\u011fe ba\u011fl\u0131 ikili \u00e7\u0131k\u0131\u015flar (sat\u0131\u015flar\u0131 kontrol edin)<\/h4>\n<\/div>\n<div>\n<h4>\u2022 Dahili AC ba\u011fl\u0131 i\u015flevi<\/h4>\n<\/div>\n<div>\n<h4>\u2022 Kullan\u0131c\u0131 taraf\u0131ndan ayarlanabilen \u015farj ak\u0131m\u0131 ve voltaj\u0131<\/h4>\n<\/div>\n<div>\n<h4>\u2022 BMS i\u00e7in ayr\u0131lm\u0131\u015f ileti\u015fim portu (RS485)<\/h4>\n<\/div>\n<div>\n<h4>\u2022 6 \u00fcniteye kadar paralel \u00e7al\u0131\u015fma<\/h4>\n<\/div>\n","protected":false},"excerpt":{"rendered":"<p>MAX 48V 15KW MPPT Hybrid IP65 Solar Ak\u0131ll\u0131 Inverter \u2022 IP65 suya ve toza dayan\u0131kl\u0131 olmas\u0131, invert\u00f6r\u00fcn \u00e7e\u015fitli \u00e7al\u0131\u015fma ko\u015fullar\u0131nda<\/p>\n","protected":false},"featured_media":35069,"template":"","meta":[],"pwb-brand":[],"product_brand":[],"product_cat":[1990,1988,1987,1991],"product_tag":[1714],"class_list":{"0":"post-35003","1":"product","2":"type-product","3":"status-publish","4":"has-post-thumbnail","6":"product_cat-akilli-inverterler","7":"product_cat-hibrit-inverterler","8":"product_cat-inverterler","9":"product_cat-off-grid-inverterler","10":"product_tag-linetech-max-infini-wp-15kw-max-48v-mppt-hybrid-ip65-solar-akilli-inverter","12":"first","13":"instock","14":"product-type-simple"},"jetpack_sharing_enabled":true,"brands":[],"_links":{"self":[{"href":"https:\/\/ynrsolar.shop\/index.php\/wp-json\/wp\/v2\/product\/35003","targetHints":{"allow":["GET"]}}],"collection":[{"href":"https:\/\/ynrsolar.shop\/index.php\/wp-json\/wp\/v2\/product"}],"about":[{"href":"https:\/\/ynrsolar.shop\/index.php\/wp-json\/wp\/v2\/types\/product"}],"version-history":[{"count":1,"href":"https:\/\/ynrsolar.shop\/index.php\/wp-json\/wp\/v2\/product\/35003\/revisions"}],"predecessor-version":[{"id":35070,"href":"https:\/\/ynrsolar.shop\/index.php\/wp-json\/wp\/v2\/product\/35003\/revisions\/35070"}],"wp:featuredmedia":[{"embeddable":true,"href":"https:\/\/ynrsolar.shop\/index.php\/wp-json\/wp\/v2\/media\/35069"}],"wp:attachment":[{"href":"https:\/\/ynrsolar.shop\/index.php\/wp-json\/wp\/v2\/media?parent=35003"}],"wp:term":[{"taxonomy":"pwb-brand","embeddable":true,"href":"https:\/\/ynrsolar.shop\/index.php\/wp-json\/wp\/v2\/pwb-brand?post=35003"},{"taxonomy":"product_brand","embeddable":true,"href":"https:\/\/ynrsolar.shop\/index.php\/wp-json\/wp\/v2\/product_brand?post=35003"},{"taxonomy":"product_cat","embeddable":true,"href":"https:\/\/ynrsolar.shop\/index.php\/wp-json\/wp\/v2\/product_cat?post=35003"},{"taxonomy":"product_tag","embeddable":true,"href":"https:\/\/ynrsolar.shop\/index.php\/wp-json\/wp\/v2\/product_tag?post=35003"}],"curies":[{"name":"wp","href":"https:\/\/api.w.org\/{rel}","templated":true}]}}