{"id":34997,"date":"2025-04-14T14:09:25","date_gmt":"2025-04-14T11:09:25","guid":{"rendered":"https:\/\/ynrsolar.shop\/?post_type=product&#038;p=34997"},"modified":"2025-06-09T19:27:14","modified_gmt":"2025-06-09T16:27:14","slug":"unisun-energy-512v-100ah-lifepo4-dijital-ekranli-lityum-aku","status":"publish","type":"product","link":"https:\/\/ynrsolar.shop\/index.php\/urun\/unisun-energy-512v-100ah-lifepo4-dijital-ekranli-lityum-aku\/","title":{"rendered":"Unisun Energy 51,2V 100Ah LifePo4 Dijital Ekranl\u0131 Lityum Ak\u00fc"},"content":{"rendered":"<p>Unisun Energy 51.2V 100 Ah LifePo4 Dijital Ekranl\u0131 Lityum Ak\u00fc<\/p>\n<p>Prizmatik H\u00fccre Kullan\u0131lm\u0131\u015ft\u0131r<\/p>\n","protected":false},"excerpt":{"rendered":"<p>Unisun Energy 51.2V 100 Ah LifePo4 Dijital Ekranl\u0131 Lityum Ak\u00fc Prizmatik H\u00fccre Kullan\u0131lm\u0131\u015ft\u0131r<\/p>\n","protected":false},"featured_media":35057,"template":"","meta":[],"pwb-brand":[1792],"product_brand":[],"product_cat":[124,2003],"product_tag":[1708],"class_list":{"0":"post-34997","1":"product","2":"type-product","3":"status-publish","4":"has-post-thumbnail","6":"pwb-brand-unisun-energy","7":"product_cat-akuler","8":"product_cat-lityum-akuler","9":"product_tag-51-2v-100-ah-lifepo4-dijital-lityum-aku","11":"first","12":"instock","13":"product-type-simple"},"jetpack_sharing_enabled":true,"brands":[{"id":1792,"name":"Unisun Energy","slug":"unisun-energy"}],"_links":{"self":[{"href":"https:\/\/ynrsolar.shop\/index.php\/wp-json\/wp\/v2\/product\/34997","targetHints":{"allow":["GET"]}}],"collection":[{"href":"https:\/\/ynrsolar.shop\/index.php\/wp-json\/wp\/v2\/product"}],"about":[{"href":"https:\/\/ynrsolar.shop\/index.php\/wp-json\/wp\/v2\/types\/product"}],"version-history":[{"count":1,"href":"https:\/\/ynrsolar.shop\/index.php\/wp-json\/wp\/v2\/product\/34997\/revisions"}],"predecessor-version":[{"id":35058,"href":"https:\/\/ynrsolar.shop\/index.php\/wp-json\/wp\/v2\/product\/34997\/revisions\/35058"}],"wp:featuredmedia":[{"embeddable":true,"href":"https:\/\/ynrsolar.shop\/index.php\/wp-json\/wp\/v2\/media\/35057"}],"wp:attachment":[{"href":"https:\/\/ynrsolar.shop\/index.php\/wp-json\/wp\/v2\/media?parent=34997"}],"wp:term":[{"taxonomy":"pwb-brand","embeddable":true,"href":"https:\/\/ynrsolar.shop\/index.php\/wp-json\/wp\/v2\/pwb-brand?post=34997"},{"taxonomy":"product_brand","embeddable":true,"href":"https:\/\/ynrsolar.shop\/index.php\/wp-json\/wp\/v2\/product_brand?post=34997"},{"taxonomy":"product_cat","embeddable":true,"href":"https:\/\/ynrsolar.shop\/index.php\/wp-json\/wp\/v2\/product_cat?post=34997"},{"taxonomy":"product_tag","embeddable":true,"href":"https:\/\/ynrsolar.shop\/index.php\/wp-json\/wp\/v2\/product_tag?post=34997"}],"curies":[{"name":"wp","href":"https:\/\/api.w.org\/{rel}","templated":true}]}}