{"id":34995,"date":"2025-04-14T14:09:25","date_gmt":"2025-04-14T11:09:25","guid":{"rendered":"https:\/\/ynrsolar.shop\/?post_type=product&#038;p=34995"},"modified":"2025-06-09T19:27:55","modified_gmt":"2025-06-09T16:27:55","slug":"unisun-energy-256v-200ah-lifepo4-lityum-aku","status":"publish","type":"product","link":"https:\/\/ynrsolar.shop\/index.php\/urun\/unisun-energy-256v-200ah-lifepo4-lityum-aku\/","title":{"rendered":"Unisun Energy 25,6V 200Ah LIFEPO4 Lityum Ak\u00fc"},"content":{"rendered":"<h5 class=\"product_title entry-title wd-entities-title\">Unisun Energy 25.6 V 200Ah LIFEPO4 Lityum Ak\u00fc<\/h5>\n<p>Prizmatik H\u00fccrelerden Olu\u015fmaktad\u0131r.<\/p>\n","protected":false},"excerpt":{"rendered":"<p>Unisun Energy 25.6 V 200Ah LIFEPO4 Lityum Ak\u00fc Prizmatik H\u00fccrelerden Olu\u015fmaktad\u0131r.<\/p>\n","protected":false},"featured_media":35034,"template":"","meta":[],"pwb-brand":[1792],"product_brand":[],"product_cat":[124,2003],"product_tag":[1706],"class_list":{"0":"post-34995","1":"product","2":"type-product","3":"status-publish","4":"has-post-thumbnail","6":"pwb-brand-unisun-energy","7":"product_cat-akuler","8":"product_cat-lityum-akuler","9":"product_tag-unisun-energy-25-6x200ah-lifepo4-lityum-aku","11":"first","12":"instock","13":"product-type-simple"},"jetpack_sharing_enabled":true,"brands":[{"id":1792,"name":"Unisun Energy","slug":"unisun-energy"}],"_links":{"self":[{"href":"https:\/\/ynrsolar.shop\/index.php\/wp-json\/wp\/v2\/product\/34995","targetHints":{"allow":["GET"]}}],"collection":[{"href":"https:\/\/ynrsolar.shop\/index.php\/wp-json\/wp\/v2\/product"}],"about":[{"href":"https:\/\/ynrsolar.shop\/index.php\/wp-json\/wp\/v2\/types\/product"}],"version-history":[{"count":1,"href":"https:\/\/ynrsolar.shop\/index.php\/wp-json\/wp\/v2\/product\/34995\/revisions"}],"predecessor-version":[{"id":35036,"href":"https:\/\/ynrsolar.shop\/index.php\/wp-json\/wp\/v2\/product\/34995\/revisions\/35036"}],"wp:featuredmedia":[{"embeddable":true,"href":"https:\/\/ynrsolar.shop\/index.php\/wp-json\/wp\/v2\/media\/35034"}],"wp:attachment":[{"href":"https:\/\/ynrsolar.shop\/index.php\/wp-json\/wp\/v2\/media?parent=34995"}],"wp:term":[{"taxonomy":"pwb-brand","embeddable":true,"href":"https:\/\/ynrsolar.shop\/index.php\/wp-json\/wp\/v2\/pwb-brand?post=34995"},{"taxonomy":"product_brand","embeddable":true,"href":"https:\/\/ynrsolar.shop\/index.php\/wp-json\/wp\/v2\/product_brand?post=34995"},{"taxonomy":"product_cat","embeddable":true,"href":"https:\/\/ynrsolar.shop\/index.php\/wp-json\/wp\/v2\/product_cat?post=34995"},{"taxonomy":"product_tag","embeddable":true,"href":"https:\/\/ynrsolar.shop\/index.php\/wp-json\/wp\/v2\/product_tag?post=34995"}],"curies":[{"name":"wp","href":"https:\/\/api.w.org\/{rel}","templated":true}]}}