{"id":34993,"date":"2025-04-14T14:09:24","date_gmt":"2025-04-14T11:09:24","guid":{"rendered":"https:\/\/ynrsolar.shop\/?post_type=product&#038;p=34993"},"modified":"2025-06-09T19:28:14","modified_gmt":"2025-06-09T16:28:14","slug":"alpex-5000-watt-12-volt-digital-ekranli-tam-sinus-inverter","status":"publish","type":"product","link":"https:\/\/ynrsolar.shop\/index.php\/urun\/alpex-5000-watt-12-volt-digital-ekranli-tam-sinus-inverter\/","title":{"rendered":"Alpex 5000 WATT 12 VOLT Digital Ekranl\u0131 Tam Sin\u00fcs \u0130nverter"},"content":{"rendered":"<p>Alpex 5000 WATT 24 VOLT Digital Ekranl\u0131 Tam Sin\u00fcs \u0130nverter<\/p>\n","protected":false},"excerpt":{"rendered":"<p>Alpex 5000 WATT 24 VOLT Digital Ekranl\u0131 Tam Sin\u00fcs \u0130nverter<\/p>\n","protected":false},"featured_media":35032,"template":"","meta":[],"pwb-brand":[233],"product_brand":[],"product_cat":[1987,1994],"product_tag":[1358],"class_list":{"0":"post-34993","1":"product","2":"type-product","3":"status-publish","4":"has-post-thumbnail","6":"pwb-brand-apex","7":"product_cat-inverterler","8":"product_cat-tam-sinus-inverter","9":"product_tag-5000-watt-24-volt-digital-ekranli-tam-sinus-inverter-293","11":"first","12":"instock","13":"product-type-simple"},"jetpack_sharing_enabled":true,"brands":[{"id":233,"name":"Apex","slug":"apex"}],"_links":{"self":[{"href":"https:\/\/ynrsolar.shop\/index.php\/wp-json\/wp\/v2\/product\/34993","targetHints":{"allow":["GET"]}}],"collection":[{"href":"https:\/\/ynrsolar.shop\/index.php\/wp-json\/wp\/v2\/product"}],"about":[{"href":"https:\/\/ynrsolar.shop\/index.php\/wp-json\/wp\/v2\/types\/product"}],"version-history":[{"count":1,"href":"https:\/\/ynrsolar.shop\/index.php\/wp-json\/wp\/v2\/product\/34993\/revisions"}],"predecessor-version":[{"id":35033,"href":"https:\/\/ynrsolar.shop\/index.php\/wp-json\/wp\/v2\/product\/34993\/revisions\/35033"}],"wp:featuredmedia":[{"embeddable":true,"href":"https:\/\/ynrsolar.shop\/index.php\/wp-json\/wp\/v2\/media\/35032"}],"wp:attachment":[{"href":"https:\/\/ynrsolar.shop\/index.php\/wp-json\/wp\/v2\/media?parent=34993"}],"wp:term":[{"taxonomy":"pwb-brand","embeddable":true,"href":"https:\/\/ynrsolar.shop\/index.php\/wp-json\/wp\/v2\/pwb-brand?post=34993"},{"taxonomy":"product_brand","embeddable":true,"href":"https:\/\/ynrsolar.shop\/index.php\/wp-json\/wp\/v2\/product_brand?post=34993"},{"taxonomy":"product_cat","embeddable":true,"href":"https:\/\/ynrsolar.shop\/index.php\/wp-json\/wp\/v2\/product_cat?post=34993"},{"taxonomy":"product_tag","embeddable":true,"href":"https:\/\/ynrsolar.shop\/index.php\/wp-json\/wp\/v2\/product_tag?post=34993"}],"curies":[{"name":"wp","href":"https:\/\/api.w.org\/{rel}","templated":true}]}}