{"id":34940,"date":"2025-04-14T14:08:59","date_gmt":"2025-04-14T11:08:59","guid":{"rendered":"https:\/\/ynrsolar.shop\/?post_type=product&#038;p=34940"},"modified":"2025-06-09T19:32:08","modified_gmt":"2025-06-09T16:32:08","slug":"havensis-boost-dc-dc-charger-24v-72v-solar-sarj-cihazi","status":"publish","type":"product","link":"https:\/\/ynrsolar.shop\/index.php\/urun\/havensis-boost-dc-dc-charger-24v-72v-solar-sarj-cihazi\/","title":{"rendered":"Havensis Boost DC DC Charger 24V 72V Solar \u015earj Cihaz\u0131"},"content":{"rendered":"<p><strong>BOOST\u00a0 DC-DC Charger 24-72V<\/strong>, Y\u00fckselten \u00e7evirici (Boost Converter) topolojisine sahip yap\u0131s\u0131yla giri\u015fteki d\u00fc\u015f\u00fck gerilimi y\u00fckselterek \u00e7\u0131k\u0131\u015fa verir. 12Volt veya 24Volt tek solar panelden 24\/36\/48\/60\/72Volt ak\u00fc grubunu \u015farj etmeye imkan sa\u011flar.<\/p>\n<p>BOOST DC-DC Charger, Solar \u015earj Kontrol Cihaz\u0131, Elektrikli bisikletler ve engelli ara\u00e7lar\u0131 i\u00e7in \u00f6zel olarak tasarlanm\u0131\u015ft\u0131r.<\/p>\n<h2>T\u00fcrkiye\u2019de \u00dcretilmi\u015ftir.<\/h2>\n<p>Opsiyonel olarak Harici Dijital Ekran Ba\u011flant\u0131s\u0131 desteklemektedir. Cihaz paratmetrelerini ekran \u00fczerinden izleyebilir ve de\u011fi\u015ftirebilirsiniz.<\/p>\n<p>Opsiyonel olarak BLUETOOTH Mod\u00fcl\u00a0\u00fczerinden uzaktan izleyebilirsiniz.<\/p>\n","protected":false},"excerpt":{"rendered":"<p>BOOST\u00a0 DC-DC Charger 24-72V, Y\u00fckselten \u00e7evirici (Boost Converter) topolojisine sahip yap\u0131s\u0131yla giri\u015fteki d\u00fc\u015f\u00fck gerilimi y\u00fckselterek \u00e7\u0131k\u0131\u015fa verir. 12Volt veya 24Volt<\/p>\n","protected":false},"featured_media":35019,"template":"","meta":[],"pwb-brand":[232],"product_brand":[],"product_cat":[2014,2000,1999],"product_tag":[1697],"class_list":{"0":"post-34940","1":"product","2":"type-product","3":"status-publish","4":"has-post-thumbnail","6":"pwb-brand-havensis","7":"product_cat-aku-sarj-cihazlari","8":"product_cat-mppt-sarj-kontrol-cihazlari","9":"product_cat-sarj-kontrol-cihazlari","10":"product_tag-havensis-boost-dc-dc-charger-2472","12":"first","13":"instock","14":"product-type-simple"},"jetpack_sharing_enabled":true,"brands":[{"id":232,"name":"Havensis","slug":"havensis"}],"_links":{"self":[{"href":"https:\/\/ynrsolar.shop\/index.php\/wp-json\/wp\/v2\/product\/34940","targetHints":{"allow":["GET"]}}],"collection":[{"href":"https:\/\/ynrsolar.shop\/index.php\/wp-json\/wp\/v2\/product"}],"about":[{"href":"https:\/\/ynrsolar.shop\/index.php\/wp-json\/wp\/v2\/types\/product"}],"version-history":[{"count":1,"href":"https:\/\/ynrsolar.shop\/index.php\/wp-json\/wp\/v2\/product\/34940\/revisions"}],"predecessor-version":[{"id":35020,"href":"https:\/\/ynrsolar.shop\/index.php\/wp-json\/wp\/v2\/product\/34940\/revisions\/35020"}],"wp:featuredmedia":[{"embeddable":true,"href":"https:\/\/ynrsolar.shop\/index.php\/wp-json\/wp\/v2\/media\/35019"}],"wp:attachment":[{"href":"https:\/\/ynrsolar.shop\/index.php\/wp-json\/wp\/v2\/media?parent=34940"}],"wp:term":[{"taxonomy":"pwb-brand","embeddable":true,"href":"https:\/\/ynrsolar.shop\/index.php\/wp-json\/wp\/v2\/pwb-brand?post=34940"},{"taxonomy":"product_brand","embeddable":true,"href":"https:\/\/ynrsolar.shop\/index.php\/wp-json\/wp\/v2\/product_brand?post=34940"},{"taxonomy":"product_cat","embeddable":true,"href":"https:\/\/ynrsolar.shop\/index.php\/wp-json\/wp\/v2\/product_cat?post=34940"},{"taxonomy":"product_tag","embeddable":true,"href":"https:\/\/ynrsolar.shop\/index.php\/wp-json\/wp\/v2\/product_tag?post=34940"}],"curies":[{"name":"wp","href":"https:\/\/api.w.org\/{rel}","templated":true}]}}