{"id":34933,"date":"2025-04-14T14:08:57","date_gmt":"2025-04-14T11:08:57","guid":{"rendered":"https:\/\/ynrsolar.shop\/?post_type=product&#038;p=34933"},"modified":"2025-06-09T19:34:31","modified_gmt":"2025-06-09T16:34:31","slug":"mexxsun-tam-sinus-ups-remote-ekran-12v-600w","status":"publish","type":"product","link":"https:\/\/ynrsolar.shop\/index.php\/urun\/mexxsun-tam-sinus-ups-remote-ekran-12v-600w\/","title":{"rendered":"Mexxsun Tam Sin\u00fcs UPS Remote Ekran 12V 600W"},"content":{"rendered":"<p><strong><span style=\"font-size: large;\">Mexxsun Tam Sin\u00fcs UPS (Remote Ekran) 12V 600W<\/span><\/strong><\/p>\n<p><strong><span style=\"font-size: large;\">Kompakt Tasar\u0131m ve Yenilik<\/span><\/strong><span lang=\"EN\"><strong><span style=\"font-size: large;\">\u00e7i Teknoloji<\/span><\/strong><\/span><\/p>\n<p><span style=\"font-size: large;\">MEX600TC, Mexsun&#8217;un yenilik\u00e7i teknolojisini kompakt bir tasar\u0131mla birle\u015ftiren, k\u00fc\u00e7\u00fck ve orta \u00f6l\u00e7ekli g\u00fc\u00e7 ihtiya\u00e7lar\u0131na y\u00f6nelik y\u00fcksek performansl\u0131 bir tam sin\u00fcs dalga invert\u00f6rd\u00fcr.<\/span><\/p>\n<p><strong><span style=\"font-size: large;\">Avantajlar<\/span><\/strong><\/p>\n<ul>\n<li><span style=\"font-size: large;\">Tam Sin\u00fcs Dalga \u00c7\u0131k\u0131\u015f\u0131: Hassas elektronik cihazlar\u0131n\u0131z i\u00e7in g\u00fcvenli ve temiz enerji sa\u011flar. Elektrik dalgalanmalar\u0131n\u0131 ve g\u00fcr\u00fclt\u00fcy\u00fc ortadan kald\u0131rarak cihazlar\u0131n\u0131z\u0131n daha verimli \u00e7al\u0131\u015fmas\u0131n\u0131 sa\u011flar.<\/span><\/li>\n<li><span style=\"font-size: large;\">Ak\u0131ll\u0131 Fan So\u011futma Sistemi: S\u0131cakl\u0131\u011f\u0131 ideal seviyede tutarak cihaz\u0131n performans\u0131n\u0131 art\u0131r\u0131r ve uzun \u00f6m\u00fcr sa\u011flar.<\/span><\/li>\n<li><span style=\"font-size: large;\">Geli\u015fmi\u015f Koruma \u00d6zellikleri: A\u015f\u0131r\u0131 s\u0131cakl\u0131k, a\u015f\u0131r\u0131 y\u00fck ve d\u00fc\u015f\u00fck voltaj durumlar\u0131na kar\u015f\u0131 \u00fcst\u00fcn koruma sa\u011flar. Bu \u00f6zellikler, g\u00fcvenli ve sorunsuz bir kullan\u0131m sunar.<\/span><\/li>\n<\/ul>\n<p><strong><span style=\"font-size: large;\">Kullan\u0131m Alanlar\u0131<\/span><\/strong><\/p>\n<ul>\n<li><span style=\"font-size: large;\">Ev Aletleri: AC \u00e7\u0131k\u0131\u015f voltaj\u0131, ev aletlerinden mobil cihazlara kadar geni\u015f bir yelpazedeki cihazlarla uyumlu olan 220-240 VAC aral\u0131\u011f\u0131nda \u00e7al\u0131\u015f\u0131r.<\/span><\/li>\n<li><span style=\"font-size: large;\">Kamp\u00e7\u0131l\u0131k ve Karavan: K\u00fc\u00e7\u00fck ve orta \u00f6l\u00e7ekli g\u00fc\u00e7 ihtiya\u00e7lar\u0131na y\u00f6nelik ideal bir \u00e7\u00f6z\u00fcmd\u00fcr.<\/span><\/li>\n<li><span style=\"font-size: large;\">Denizcilik ve Yedek G\u00fc\u00e7: Denizcilik ve yedek g\u00fc\u00e7 uygulamalar\u0131 i\u00e7in m\u00fckemmel bir se\u00e7imdir.<\/span><\/li>\n<\/ul>\n<p><span style=\"font-size: large;\">Mexxsun Tam Sin\u00fcs UPS (Remote Ekran) 12V 600W, kamp\u00e7\u0131l\u0131k, karavan, denizcilik ve yedek g\u00fc\u00e7 uygulamalar\u0131 i\u00e7in ideal bir \u00e7\u00f6z\u00fcm sunar. Bu y\u00fcksek performansl\u0131 tam sin\u00fcs dalga invert\u00f6r, enerji tasarrufunu en \u00fcst d\u00fczeye \u00e7\u0131kar\u0131rken, hassas elektronik cihazlar\u0131n\u0131z i\u00e7in g\u00fcvenli ve temiz enerji sa\u011flar. Mexsun&#8217;un kalitesi ve g\u00fcvenilirli\u011fi ile birle\u015fen MEX600TC, enerji ihtiya\u00e7lar\u0131n\u0131z\u0131 kar\u015f\u0131lamak i\u00e7in m\u00fckemmel bir tercih olacakt\u0131r.<\/span><\/p>\n<p><strong><span style=\"font-size: large;\">\u00dcr\u00fcn Teknik \u00d6zellikleri<\/span><\/strong><\/p>\n<ul>\n<li><span style=\"font-size: large;\">\u00c7\u0131k\u0131\u015f G<\/span><span lang=\"EN\"><span style=\"font-size: large;\">\u00fcc\u00fc : 600W<\/span><\/span><\/li>\n<li><span lang=\"EN\"><span style=\"font-size: large;\">Demeraj G\u00fcc\u00fc : 1200W<\/span><\/span><\/li>\n<li><span lang=\"EN\"><span style=\"font-size: large;\">AC \u00c7\u0131k\u0131\u015f Voltaj\u0131 : 220-240 VAC \u00b1 %5<\/span><\/span><\/li>\n<li><span lang=\"EN\"><span style=\"font-size: large;\">USB Port: 5V &#8211; 2,1A<\/span><\/span><\/li>\n<li><span lang=\"EN\"><span style=\"font-size: large;\">DC Giri\u015f Voltaj\u0131 : DC 12V<\/span><\/span><\/li>\n<li><span lang=\"EN\"><span style=\"font-size: large;\">DC Voltaj Aral\u0131\u011f\u0131 : 9,8-16,2 VDC<\/span><\/span><\/li>\n<li><span lang=\"EN\"><span style=\"font-size: large;\">DC Giri\u015f Ak\u0131m\u0131 : 60A<\/span><\/span><\/li>\n<li><span lang=\"EN\"><span style=\"font-size: large;\">AC Giri\u015f Voltaj Aral\u0131\u011f\u0131 : 180V &#8211; 260V AC<\/span><\/span><\/li>\n<li><span lang=\"EN\"><span style=\"font-size: large;\">\u015earj Ak\u0131m\u0131 : 10A<\/span><\/span><\/li>\n<li><span lang=\"EN\"><span style=\"font-size: large;\">Ebat : 310 x 150 x 70 mm<\/span><\/span><\/li>\n<li><span lang=\"EN\"><span style=\"font-size: large;\">A\u011f\u0131rl\u0131k : 3,3 kg<\/span><\/span><\/li>\n<li><span lang=\"EN\"><span style=\"font-size: large;\">So\u011futma : Fan Ak\u0131ll\u0131 So\u011futma (High Speed Smart Cooling Fan)<\/span><\/span><\/li>\n<\/ul>\n","protected":false},"excerpt":{"rendered":"<p>Mexxsun Tam Sin\u00fcs UPS (Remote Ekran) 12V 600W Kompakt Tasar\u0131m ve Yenilik\u00e7i Teknoloji MEX600TC, Mexsun&#8217;un yenilik\u00e7i teknolojisini kompakt bir tasar\u0131mla<\/p>\n","protected":false},"featured_media":34981,"template":"","meta":[],"pwb-brand":[347],"product_brand":[],"product_cat":[1987,2005],"product_tag":[1690],"class_list":{"0":"post-34933","1":"product","2":"type-product","3":"status-publish","4":"has-post-thumbnail","6":"pwb-brand-mexxsun","7":"product_cat-inverterler","8":"product_cat-tam-sinus-sarjli-inverter","9":"product_tag-mexxsun-tam-sinus-ups-remote-ekran-12v-600w","11":"first","12":"instock","13":"product-type-simple"},"jetpack_sharing_enabled":true,"brands":[{"id":347,"name":"Mexxsun","slug":"mexxsun"}],"_links":{"self":[{"href":"https:\/\/ynrsolar.shop\/index.php\/wp-json\/wp\/v2\/product\/34933","targetHints":{"allow":["GET"]}}],"collection":[{"href":"https:\/\/ynrsolar.shop\/index.php\/wp-json\/wp\/v2\/product"}],"about":[{"href":"https:\/\/ynrsolar.shop\/index.php\/wp-json\/wp\/v2\/types\/product"}],"version-history":[{"count":1,"href":"https:\/\/ynrsolar.shop\/index.php\/wp-json\/wp\/v2\/product\/34933\/revisions"}],"predecessor-version":[{"id":34982,"href":"https:\/\/ynrsolar.shop\/index.php\/wp-json\/wp\/v2\/product\/34933\/revisions\/34982"}],"wp:featuredmedia":[{"embeddable":true,"href":"https:\/\/ynrsolar.shop\/index.php\/wp-json\/wp\/v2\/media\/34981"}],"wp:attachment":[{"href":"https:\/\/ynrsolar.shop\/index.php\/wp-json\/wp\/v2\/media?parent=34933"}],"wp:term":[{"taxonomy":"pwb-brand","embeddable":true,"href":"https:\/\/ynrsolar.shop\/index.php\/wp-json\/wp\/v2\/pwb-brand?post=34933"},{"taxonomy":"product_brand","embeddable":true,"href":"https:\/\/ynrsolar.shop\/index.php\/wp-json\/wp\/v2\/product_brand?post=34933"},{"taxonomy":"product_cat","embeddable":true,"href":"https:\/\/ynrsolar.shop\/index.php\/wp-json\/wp\/v2\/product_cat?post=34933"},{"taxonomy":"product_tag","embeddable":true,"href":"https:\/\/ynrsolar.shop\/index.php\/wp-json\/wp\/v2\/product_tag?post=34933"}],"curies":[{"name":"wp","href":"https:\/\/api.w.org\/{rel}","templated":true}]}}