{"id":34928,"date":"2025-04-14T14:08:56","date_gmt":"2025-04-14T11:08:56","guid":{"rendered":"https:\/\/ynrsolar.shop\/?post_type=product&#038;p=34928"},"modified":"2025-06-09T19:35:05","modified_gmt":"2025-06-09T16:35:05","slug":"frecon-sp500-12kva-offgrid-akilli-inverter-wifi-dahil","status":"publish","type":"product","link":"https:\/\/ynrsolar.shop\/index.php\/urun\/frecon-sp500-12kva-offgrid-akilli-inverter-wifi-dahil\/","title":{"rendered":"FRECON SP500 1,2KVA OFFGRID AKILLI \u0130NVERTER W\u0130F\u0130 DAH\u0130L"},"content":{"rendered":"<h4>FRECON SP500 1.2KW Y\u00fcksek Voltajl\u0131 Off Grid \u0130nverter<\/h4>\n<p>MPPT \u015earj Kontrol Cihaz\u0131<\/p>\n<p>%94 verimlilikle s\u0131n\u0131f\u0131n\u0131n en verimlisi<\/p>\n<p>LCD ekran\u0131ndan kolayca ynetebilme<\/p>\n<p>H (Y\u00fcksek\u00a0 giri\u015f voltajl\u0131) modelerinde WiFi mod\u00fcl\u00fc dahili<\/p>\n<p>Mobil telefonunuzdan App indirirerek\u00a0 cihaz\u0131n\u0131z\u0131 izleyebilme ve KONTROL edebilme \u00f6zelli\u011fi ( \u00dcCRETS\u0130Z)<\/p>\n<p>Rakipleirnden benzersiz k\u00fc\u00e7\u00fck ve kompak boyutlar ile kolay montaj<\/p>\n<p>AK\u00dc Y\u00d6NET\u0130M S\u0130STEM\u0130 (BMS) i destekleyerek\u00a0 daha uzun \u00f6m\u00fcrl\u00fc ak\u00fc kullan\u0131m\u0131<\/p>\n","protected":false},"excerpt":{"rendered":"<h4>FRECON SP500 1.2KW Y\u00fcksek Voltajl\u0131 Off Grid \u0130nverter<\/h4>\n<p>MPPT \u015earj Kontrol Cihaz\u0131<\/p>\n<p>%94 verimlilikle s\u0131n\u0131f\u0131n\u0131n en verimlisi<\/p>\n<p>LCD ekran\u0131ndan kolayca ynetebilme<\/p>\n<p>H (Y\u00fcksek\u00a0 giri\u015f voltajl\u0131) modelerinde WiFi mod\u00fcl\u00fc dahili<\/p>\n<p>Mobil telefonunuzdan App indirirerek\u00a0 cihaz\u0131n\u0131z\u0131 izleyebilme ve KONTROL edebilme \u00f6zelli\u011fi ( \u00dcCRETS\u0130Z)<\/p>\n<p>Rakipleirnden benzersiz k\u00fc\u00e7\u00fck ve kompak boyutlar ile kolay montaj<\/p>\n<p>AK\u00dc Y\u00d6NET\u0130M S\u0130STEM\u0130 (BMS) i destekleyerek\u00a0 daha uzun \u00f6m\u00fcrl\u00fc ak\u00fc kullan\u0131m<\/p>\n","protected":false},"featured_media":34663,"template":"","meta":[],"pwb-brand":[277],"product_brand":[],"product_cat":[1987,1991],"product_tag":[1559,1560],"class_list":{"0":"post-34928","1":"product","2":"type-product","3":"status-publish","4":"has-post-thumbnail","6":"pwb-brand-frecon","7":"product_cat-inverterler","8":"product_cat-off-grid-inverterler","9":"product_tag-5kva-offgrid-akilli-inverter-wifi-dahil","10":"product_tag-frecon-sp520-3","12":"first","13":"instock","14":"product-type-simple"},"jetpack_sharing_enabled":true,"brands":[{"id":277,"name":"Frecon","slug":"frecon"}],"_links":{"self":[{"href":"https:\/\/ynrsolar.shop\/index.php\/wp-json\/wp\/v2\/product\/34928","targetHints":{"allow":["GET"]}}],"collection":[{"href":"https:\/\/ynrsolar.shop\/index.php\/wp-json\/wp\/v2\/product"}],"about":[{"href":"https:\/\/ynrsolar.shop\/index.php\/wp-json\/wp\/v2\/types\/product"}],"version-history":[{"count":1,"href":"https:\/\/ynrsolar.shop\/index.php\/wp-json\/wp\/v2\/product\/34928\/revisions"}],"predecessor-version":[{"id":34973,"href":"https:\/\/ynrsolar.shop\/index.php\/wp-json\/wp\/v2\/product\/34928\/revisions\/34973"}],"wp:featuredmedia":[{"embeddable":true,"href":"https:\/\/ynrsolar.shop\/index.php\/wp-json\/wp\/v2\/media\/34663"}],"wp:attachment":[{"href":"https:\/\/ynrsolar.shop\/index.php\/wp-json\/wp\/v2\/media?parent=34928"}],"wp:term":[{"taxonomy":"pwb-brand","embeddable":true,"href":"https:\/\/ynrsolar.shop\/index.php\/wp-json\/wp\/v2\/pwb-brand?post=34928"},{"taxonomy":"product_brand","embeddable":true,"href":"https:\/\/ynrsolar.shop\/index.php\/wp-json\/wp\/v2\/product_brand?post=34928"},{"taxonomy":"product_cat","embeddable":true,"href":"https:\/\/ynrsolar.shop\/index.php\/wp-json\/wp\/v2\/product_cat?post=34928"},{"taxonomy":"product_tag","embeddable":true,"href":"https:\/\/ynrsolar.shop\/index.php\/wp-json\/wp\/v2\/product_tag?post=34928"}],"curies":[{"name":"wp","href":"https:\/\/api.w.org\/{rel}","templated":true}]}}