{"id":34927,"date":"2025-04-14T14:08:55","date_gmt":"2025-04-14T11:08:55","guid":{"rendered":"https:\/\/ynrsolar.shop\/?post_type=product&#038;p=34927"},"modified":"2025-06-09T19:36:07","modified_gmt":"2025-06-09T16:36:07","slug":"exelon-12v-2000w-ups-tam-sinus-sarli-invertor","status":"publish","type":"product","link":"https:\/\/ynrsolar.shop\/index.php\/urun\/exelon-12v-2000w-ups-tam-sinus-sarli-invertor\/","title":{"rendered":"Exelon 12V 2000W (UPS) Tam Sin\u00fcs \u015earl\u0131 \u0130nvert\u00f6r"},"content":{"rendered":"<p>\u25a0 Saf sin\u00fcs dalgas\u0131 \u00e7\u0131k\u0131\u015f\u0131 (THD&lt;%3);<\/p>\n<p>Ger\u00e7ek y\u00fckleme g\u00fcc\u00fcn\u00fcn 2 kat\u0131na kadar y\u00fcksek dalgalanma g\u00fcc\u00fc;<\/p>\n<p>\u25a0 10 saniye boyunca nominal g\u00fcc\u00fcn 1,5 kat\u0131, 2 saniye boyunca 2 kez y\u00fckleniyor;<\/p>\n<p>\u25a0 %92&#8217;ye varan y\u00fcksek verimlilik;<\/p>\n<p>G\u00fc\u00e7 A\u00c7MA-KAPAMA anahtar\u0131;<\/p>\n<p>Bekleme kaydetme modu;<\/p>\n<p>Dahili sigorta;<\/p>\n<p>ATS transferli invert\u00f6r, ak\u00fc \u015farj cihaz\u0131;<\/p>\n<p>Plastik terminal ile daha fazla g\u00fcvenlik ba\u011flant\u0131s\u0131<\/p>\n<p>\u00c7al\u0131\u015fma durumu i\u00e7in \u00f6n panel g\u00f6stergesi; Termostatik ve y\u00fck kontroll\u00fc so\u011futma fan\u0131;<\/p>\n<p>\u25a0 Korumalar: Bat. d\u00fc\u015f\u00fck alarm\/Yarasa, d\u00fc\u015f\u00fck kapatma\/Yarasa. a\u015f\u0131r\u0131 kapatma\/\u00e7\u0131k\u0131\u015f k\u0131sa\/a\u015f\u0131r\u0131 y\u00fck\/a\u015f\u0131r\u0131 S\u0131cakl\u0131k<\/p>\n","protected":false},"excerpt":{"rendered":"<p>\u25a0 Saf sin\u00fcs dalgas\u0131 \u00e7\u0131k\u0131\u015f\u0131 (THD&lt;%3); Ger\u00e7ek y\u00fckleme g\u00fcc\u00fcn\u00fcn 2 kat\u0131na kadar y\u00fcksek dalgalanma g\u00fcc\u00fc; \u25a0 10 saniye boyunca nominal<\/p>\n","protected":false},"featured_media":34971,"template":"","meta":[],"pwb-brand":[250],"product_brand":[],"product_cat":[1987,2005],"product_tag":[1882],"class_list":{"0":"post-34927","1":"product","2":"type-product","3":"status-publish","4":"has-post-thumbnail","6":"pwb-brand-exelon","7":"product_cat-inverterler","8":"product_cat-tam-sinus-sarjli-inverter","9":"product_tag-exelon-12v-2000w-ups-tam-sinus-sarli-invertor","11":"first","12":"instock","13":"product-type-simple"},"jetpack_sharing_enabled":true,"brands":[{"id":250,"name":"Exelon","slug":"exelon"}],"_links":{"self":[{"href":"https:\/\/ynrsolar.shop\/index.php\/wp-json\/wp\/v2\/product\/34927","targetHints":{"allow":["GET"]}}],"collection":[{"href":"https:\/\/ynrsolar.shop\/index.php\/wp-json\/wp\/v2\/product"}],"about":[{"href":"https:\/\/ynrsolar.shop\/index.php\/wp-json\/wp\/v2\/types\/product"}],"version-history":[{"count":1,"href":"https:\/\/ynrsolar.shop\/index.php\/wp-json\/wp\/v2\/product\/34927\/revisions"}],"predecessor-version":[{"id":34972,"href":"https:\/\/ynrsolar.shop\/index.php\/wp-json\/wp\/v2\/product\/34927\/revisions\/34972"}],"wp:featuredmedia":[{"embeddable":true,"href":"https:\/\/ynrsolar.shop\/index.php\/wp-json\/wp\/v2\/media\/34971"}],"wp:attachment":[{"href":"https:\/\/ynrsolar.shop\/index.php\/wp-json\/wp\/v2\/media?parent=34927"}],"wp:term":[{"taxonomy":"pwb-brand","embeddable":true,"href":"https:\/\/ynrsolar.shop\/index.php\/wp-json\/wp\/v2\/pwb-brand?post=34927"},{"taxonomy":"product_brand","embeddable":true,"href":"https:\/\/ynrsolar.shop\/index.php\/wp-json\/wp\/v2\/product_brand?post=34927"},{"taxonomy":"product_cat","embeddable":true,"href":"https:\/\/ynrsolar.shop\/index.php\/wp-json\/wp\/v2\/product_cat?post=34927"},{"taxonomy":"product_tag","embeddable":true,"href":"https:\/\/ynrsolar.shop\/index.php\/wp-json\/wp\/v2\/product_tag?post=34927"}],"curies":[{"name":"wp","href":"https:\/\/api.w.org\/{rel}","templated":true}]}}