{"id":34922,"date":"2025-04-14T14:08:54","date_gmt":"2025-04-14T11:08:54","guid":{"rendered":"https:\/\/ynrsolar.shop\/?post_type=product&#038;p=34922"},"modified":"2025-06-09T19:36:25","modified_gmt":"2025-06-09T16:36:25","slug":"exelon-12v-150w-modifiye-sinus-invertor","status":"publish","type":"product","link":"https:\/\/ynrsolar.shop\/index.php\/urun\/exelon-12v-150w-modifiye-sinus-invertor\/","title":{"rendered":"Exelon 12V 150W Modifiye Sin\u00fcs \u0130nvert\u00f6r"},"content":{"rendered":"<p><span style=\"font-size: large;\"><span style=\"font-family: Candara;\">\u00c7ok Y\u00f6nl\u00fc G\u00fc\u00e7 \u00c7\u00f6z\u00fcmleri i\u00e7in G\u00fcvenilir Modifiye Sin\u00fcs Dalgas\u0131 \u0130nvert\u00f6r\u00fc Modifiye Sin\u00fcs Dalgas\u0131 \u0130nvert\u00f6r\u00fcm\u00fcz, \u00e7e\u015fitli uygulamalar i\u00e7in g\u00fcvenilir g\u00fc\u00e7 sa\u011flamak \u00fczere tasarlanm\u0131\u015ft\u0131r. Sa\u011flam \u00f6zellikleri ve y\u00fcksek verimlili\u011fiyle bu invert\u00f6r, hem konut hem de ticari kullan\u0131m i\u00e7in uygundur ve istikrarl\u0131 g\u00fc\u00e7 d\u00f6n\u00fc\u015f\u00fcm\u00fc i\u00e7in uygun maliyetli bir \u00e7\u00f6z\u00fcm sunar.<\/span><\/span><br \/>\n<span style=\"font-size: large;\"><span style=\"font-family: Candara;\"><strong>De\u011fi\u015ftirilmi\u015f Sin\u00fcs Dalgas\u0131<\/strong><br \/>\nBir\u00e7ok elektronik cihaz ve alet t\u00fcr\u00fc i\u00e7in uygun olan modifiye edilmi\u015f bir sin\u00fcs dalgas\u0131 \u00e7\u0131k\u0131\u015f\u0131 \u00fcretir. Bu tip invert\u00f6r, daha az hassas ekipmanlar i\u00e7in uygun maliyetli bir \u00e7\u00f6z\u00fcmd\u00fcr.<\/span><\/span><br \/>\n<span style=\"font-size: large;\"><span style=\"font-family: Candara;\"><strong>%200 Tepe G\u00fcc\u00fc<\/strong><br \/>\nNominal kapasitesinin %200&#8217;\u00fcne kadar olan tepe g\u00fc\u00e7 y\u00fcklerini idare edebilme kapasitesiyle, ba\u015flatma ve y\u00fcksek talep d\u00f6nemlerinde g\u00fcvenilir performans sa\u011flar. Bu, daha y\u00fcksek bir ilk g\u00fc\u00e7 dalgalanmas\u0131 gerektiren cihazlar i\u00e7in uygun hale getirir.<\/span><\/span><\/p>\n<p><span style=\"font-size: large;\"><span style=\"font-family: Candara;\"><strong>A\u00e7ma-Kapama Anahtar\u0131<\/strong><br \/>\nKolay kullan\u0131m i\u00e7in kullan\u0131\u015fl\u0131 bir a\u00e7ma-kapama d\u00fc\u011fmesine sahiptir ve kullan\u0131c\u0131lar\u0131n ihtiya\u00e7 duyduklar\u0131nda g\u00fc\u00e7 \u00e7\u0131k\u0131\u015f\u0131n\u0131 h\u0131zl\u0131 bir \u015fekilde kontrol etmelerini sa\u011flar.<\/span><\/span><br \/>\n<span style=\"font-size: large;\"><span style=\"font-family: Candara;\"><strong>Termostatik Y\u00fck Kontrol\u00fc<\/strong><br \/>\nY\u00fcke ba\u011fl\u0131 olarak g\u00fc\u00e7 \u00e7\u0131k\u0131\u015f\u0131n\u0131 otomatik olarak ayarlayan termostatik y\u00fck kontrol\u00fc i\u00e7erir, bu sayede verimlilik artar ve invert\u00f6r\u00fcn a\u015f\u0131r\u0131 \u0131s\u0131nmas\u0131 \u00f6nlenir.<\/span><\/span><br \/>\n<span style=\"font-size: large;\"><span style=\"font-family: Candara;\"><strong>Otomatik Koruma<\/strong><br \/>\nDahili koruma mekanizmalar\u0131 a\u015f\u0131r\u0131 y\u00fck, k\u0131sa devre ve a\u015f\u0131r\u0131 s\u0131cakl\u0131k ko\u015fullar\u0131na kar\u015f\u0131 koruma sa\u011flayarak g\u00fcvenli ve g\u00fcvenilir bir \u00e7al\u0131\u015fma sa\u011flar<\/span><\/span><\/p>\n","protected":false},"excerpt":{"rendered":"<p>\u00c7ok Y\u00f6nl\u00fc G\u00fc\u00e7 \u00c7\u00f6z\u00fcmleri i\u00e7in G\u00fcvenilir Modifiye Sin\u00fcs Dalgas\u0131 \u0130nvert\u00f6r\u00fc Modifiye Sin\u00fcs Dalgas\u0131 \u0130nvert\u00f6r\u00fcm\u00fcz, \u00e7e\u015fitli uygulamalar i\u00e7in g\u00fcvenilir g\u00fc\u00e7 sa\u011flamak<\/p>\n","protected":false},"featured_media":34962,"template":"","meta":[],"pwb-brand":[250],"product_brand":[],"product_cat":[1987,1992],"product_tag":[1683],"class_list":{"0":"post-34922","1":"product","2":"type-product","3":"status-publish","4":"has-post-thumbnail","6":"pwb-brand-exelon","7":"product_cat-inverterler","8":"product_cat-modifiye-sinus-inverterler","9":"product_tag-exelon-modifiye-sinus-150w-12v-invertor","11":"first","12":"instock","13":"product-type-simple"},"jetpack_sharing_enabled":true,"brands":[{"id":250,"name":"Exelon","slug":"exelon"}],"_links":{"self":[{"href":"https:\/\/ynrsolar.shop\/index.php\/wp-json\/wp\/v2\/product\/34922","targetHints":{"allow":["GET"]}}],"collection":[{"href":"https:\/\/ynrsolar.shop\/index.php\/wp-json\/wp\/v2\/product"}],"about":[{"href":"https:\/\/ynrsolar.shop\/index.php\/wp-json\/wp\/v2\/types\/product"}],"version-history":[{"count":1,"href":"https:\/\/ynrsolar.shop\/index.php\/wp-json\/wp\/v2\/product\/34922\/revisions"}],"predecessor-version":[{"id":34963,"href":"https:\/\/ynrsolar.shop\/index.php\/wp-json\/wp\/v2\/product\/34922\/revisions\/34963"}],"wp:featuredmedia":[{"embeddable":true,"href":"https:\/\/ynrsolar.shop\/index.php\/wp-json\/wp\/v2\/media\/34962"}],"wp:attachment":[{"href":"https:\/\/ynrsolar.shop\/index.php\/wp-json\/wp\/v2\/media?parent=34922"}],"wp:term":[{"taxonomy":"pwb-brand","embeddable":true,"href":"https:\/\/ynrsolar.shop\/index.php\/wp-json\/wp\/v2\/pwb-brand?post=34922"},{"taxonomy":"product_brand","embeddable":true,"href":"https:\/\/ynrsolar.shop\/index.php\/wp-json\/wp\/v2\/product_brand?post=34922"},{"taxonomy":"product_cat","embeddable":true,"href":"https:\/\/ynrsolar.shop\/index.php\/wp-json\/wp\/v2\/product_cat?post=34922"},{"taxonomy":"product_tag","embeddable":true,"href":"https:\/\/ynrsolar.shop\/index.php\/wp-json\/wp\/v2\/product_tag?post=34922"}],"curies":[{"name":"wp","href":"https:\/\/api.w.org\/{rel}","templated":true}]}}