{"id":34920,"date":"2025-04-14T14:08:54","date_gmt":"2025-04-14T11:08:54","guid":{"rendered":"https:\/\/ynrsolar.shop\/?post_type=product&#038;p=34920"},"modified":"2025-06-09T19:36:16","modified_gmt":"2025-06-09T16:36:16","slug":"exelon-24v-1000w-tam-sinus-invertor","status":"publish","type":"product","link":"https:\/\/ynrsolar.shop\/index.php\/urun\/exelon-24v-1000w-tam-sinus-invertor\/","title":{"rendered":"Exelon 24V 1000W Tam Sin\u00fcs \u0130nvert\u00f6r"},"content":{"rendered":"<p>Saf sin\u00fcs dalgas\u0131 \u00e7\u0131k\u0131\u015f\u0131 (THD&lt;%3);<\/p>\n<p>\u25a0 Ger\u00e7ek y\u00fckleme g\u00fcc\u00fcn\u00fcn 2 kat\u0131na kadar y\u00fcksek dalgalanma g\u00fcc\u00fc; 10 saniye boyunca nominal g\u00fcc\u00fcn 1,5 kat\u0131, 2 saniye boyunca 2 kez y\u00fckleniyor;<\/p>\n<p>%92&#8217;ye varan y\u00fcksek verimlilik;<\/p>\n<p>G\u00fc\u00e7 A\u00c7MA-KAPAMA anahtar\u0131;<\/p>\n<p>Yumu\u015fak ba\u015flang\u0131\u00e7;<\/p>\n<p>Daha kararl\u0131 \u00e7al\u0131\u015fma fonksiyonlar\u0131<\/p>\n<p>\u00c7al\u0131\u015fma durumu i\u00e7in \u00f6n panel g\u00f6stergesi;<\/p>\n<p>\u25a0 Termostatik ve y\u00fck kontroll\u00fc so\u011futma fan\u0131;<\/p>\n<p>Korumalar: Yarasa. d\u00fc\u015f\u00fck alarm\/bat. d\u00fc\u015f\u00fck kapatma\/Bat. \u00fczerinde<\/p>\n<p>kapatma\/\u00e7\u0131k\u0131\u015f k\u0131sa devre\/a\u015f\u0131r\u0131 y\u00fckleme\/a\u015f\u0131r\u0131\u00a0S\u0131cakl\u0131k.<\/p>\n","protected":false},"excerpt":{"rendered":"<p>Saf sin\u00fcs dalgas\u0131 \u00e7\u0131k\u0131\u015f\u0131 (THD&lt;%3); \u25a0 Ger\u00e7ek y\u00fckleme g\u00fcc\u00fcn\u00fcn 2 kat\u0131na kadar y\u00fcksek dalgalanma g\u00fcc\u00fc; 10 saniye boyunca nominal g\u00fcc\u00fcn<\/p>\n","protected":false},"featured_media":34958,"template":"","meta":[],"pwb-brand":[],"product_brand":[],"product_cat":[1987,1994],"product_tag":[1887],"class_list":{"0":"post-34920","1":"product","2":"type-product","3":"status-publish","4":"has-post-thumbnail","6":"product_cat-inverterler","7":"product_cat-tam-sinus-inverter","8":"product_tag-exelon-24v-1000w-tam-sinus-invertor","10":"first","11":"instock","12":"product-type-simple"},"jetpack_sharing_enabled":true,"brands":[],"_links":{"self":[{"href":"https:\/\/ynrsolar.shop\/index.php\/wp-json\/wp\/v2\/product\/34920","targetHints":{"allow":["GET"]}}],"collection":[{"href":"https:\/\/ynrsolar.shop\/index.php\/wp-json\/wp\/v2\/product"}],"about":[{"href":"https:\/\/ynrsolar.shop\/index.php\/wp-json\/wp\/v2\/types\/product"}],"version-history":[{"count":1,"href":"https:\/\/ynrsolar.shop\/index.php\/wp-json\/wp\/v2\/product\/34920\/revisions"}],"predecessor-version":[{"id":34959,"href":"https:\/\/ynrsolar.shop\/index.php\/wp-json\/wp\/v2\/product\/34920\/revisions\/34959"}],"wp:featuredmedia":[{"embeddable":true,"href":"https:\/\/ynrsolar.shop\/index.php\/wp-json\/wp\/v2\/media\/34958"}],"wp:attachment":[{"href":"https:\/\/ynrsolar.shop\/index.php\/wp-json\/wp\/v2\/media?parent=34920"}],"wp:term":[{"taxonomy":"pwb-brand","embeddable":true,"href":"https:\/\/ynrsolar.shop\/index.php\/wp-json\/wp\/v2\/pwb-brand?post=34920"},{"taxonomy":"product_brand","embeddable":true,"href":"https:\/\/ynrsolar.shop\/index.php\/wp-json\/wp\/v2\/product_brand?post=34920"},{"taxonomy":"product_cat","embeddable":true,"href":"https:\/\/ynrsolar.shop\/index.php\/wp-json\/wp\/v2\/product_cat?post=34920"},{"taxonomy":"product_tag","embeddable":true,"href":"https:\/\/ynrsolar.shop\/index.php\/wp-json\/wp\/v2\/product_tag?post=34920"}],"curies":[{"name":"wp","href":"https:\/\/api.w.org\/{rel}","templated":true}]}}