{"id":34857,"date":"2025-04-14T14:08:30","date_gmt":"2025-04-14T11:08:30","guid":{"rendered":"https:\/\/ynrsolar.shop\/?post_type=product&#038;p=34857"},"modified":"2025-06-09T19:38:27","modified_gmt":"2025-06-09T16:38:27","slug":"exelon-48v-50a-lityum-aku-lifepo4-raf-tipi","status":"publish","type":"product","link":"https:\/\/ynrsolar.shop\/index.php\/urun\/exelon-48v-50a-lityum-aku-lifepo4-raf-tipi\/","title":{"rendered":"Exelon 48V 50A Lityum Ak\u00fc Lifepo4 Raf Tipi"},"content":{"rendered":"<p>Verimli Al\u00e7ak Gerilim Lityum Pil &#8211; \u00d6l\u00e7eklenebilir Enerji Depolama i\u00e7in Raf Tipi Raf tipi formattaki Al\u00e7ak Gerilim Lityum Pilimiz, enerji depolama i\u00e7in \u00e7ok y\u00f6nl\u00fc ve \u00f6l\u00e7eklenebilir bir \u00e7\u00f6z\u00fcm sunar. Hem konut hem de ticari uygulamalar i\u00e7in ideal olan bu ak\u00fc sistemi, birden fazla \u00fcnite ba\u011flanarak geni\u015fletilebilir ve esnek ve verimli bir enerji depolama \u00e7\u00f6z\u00fcm\u00fc sa\u011flar.<\/p>\n","protected":false},"excerpt":{"rendered":"<p>Verimli Al\u00e7ak Gerilim Lityum Pil &#8211; \u00d6l\u00e7eklenebilir Enerji Depolama i\u00e7in Raf Tipi Raf tipi formattaki Al\u00e7ak Gerilim Lityum Pilimiz, enerji<\/p>\n","protected":false},"featured_media":34941,"template":"","meta":[],"pwb-brand":[250],"product_brand":[],"product_cat":[124,2003],"product_tag":[2050],"class_list":{"0":"post-34857","1":"product","2":"type-product","3":"status-publish","4":"has-post-thumbnail","6":"pwb-brand-exelon","7":"product_cat-akuler","8":"product_cat-lityum-akuler","9":"product_tag-exelon-48v-50a-lityum-aku-lifepo4-raf-tipi","11":"first","12":"instock","13":"product-type-simple"},"jetpack_sharing_enabled":true,"brands":[{"id":250,"name":"Exelon","slug":"exelon"}],"_links":{"self":[{"href":"https:\/\/ynrsolar.shop\/index.php\/wp-json\/wp\/v2\/product\/34857","targetHints":{"allow":["GET"]}}],"collection":[{"href":"https:\/\/ynrsolar.shop\/index.php\/wp-json\/wp\/v2\/product"}],"about":[{"href":"https:\/\/ynrsolar.shop\/index.php\/wp-json\/wp\/v2\/types\/product"}],"version-history":[{"count":1,"href":"https:\/\/ynrsolar.shop\/index.php\/wp-json\/wp\/v2\/product\/34857\/revisions"}],"predecessor-version":[{"id":34942,"href":"https:\/\/ynrsolar.shop\/index.php\/wp-json\/wp\/v2\/product\/34857\/revisions\/34942"}],"wp:featuredmedia":[{"embeddable":true,"href":"https:\/\/ynrsolar.shop\/index.php\/wp-json\/wp\/v2\/media\/34941"}],"wp:attachment":[{"href":"https:\/\/ynrsolar.shop\/index.php\/wp-json\/wp\/v2\/media?parent=34857"}],"wp:term":[{"taxonomy":"pwb-brand","embeddable":true,"href":"https:\/\/ynrsolar.shop\/index.php\/wp-json\/wp\/v2\/pwb-brand?post=34857"},{"taxonomy":"product_brand","embeddable":true,"href":"https:\/\/ynrsolar.shop\/index.php\/wp-json\/wp\/v2\/product_brand?post=34857"},{"taxonomy":"product_cat","embeddable":true,"href":"https:\/\/ynrsolar.shop\/index.php\/wp-json\/wp\/v2\/product_cat?post=34857"},{"taxonomy":"product_tag","embeddable":true,"href":"https:\/\/ynrsolar.shop\/index.php\/wp-json\/wp\/v2\/product_tag?post=34857"}],"curies":[{"name":"wp","href":"https:\/\/api.w.org\/{rel}","templated":true}]}}