{"id":34855,"date":"2025-04-14T14:08:29","date_gmt":"2025-04-14T11:08:29","guid":{"rendered":"https:\/\/ynrsolar.shop\/?post_type=product&#038;p=34855"},"modified":"2025-06-09T19:38:36","modified_gmt":"2025-06-09T16:38:36","slug":"exelon-12v-100a-lifepo4-lityum-aku","status":"publish","type":"product","link":"https:\/\/ynrsolar.shop\/index.php\/urun\/exelon-12v-100a-lifepo4-lityum-aku\/","title":{"rendered":"Exelon 12V 100A LifePo4 Lityum Ak\u00fc"},"content":{"rendered":"<h2>EL-12-100<\/h2>\n<p>G\u00fcvenilir Enerji \u00c7\u00f6z\u00fcmleri i\u00e7in Y\u00fcksek Performansl\u0131 Lityum Pil Lityum Pil serimiz benzersiz performans ve uzun \u00f6m\u00fcr sa\u011flayacak \u015fekilde \u00fcretilmi\u015ftir. En yeni LifePo4 teknolojisini kullanan bu piller, y\u00fcksek verimlilik, h\u0131zl\u0131 \u015farj ve uzun \u00e7evrim \u00f6mr\u00fc gerektiren uygulamalar i\u00e7in tasarlanm\u0131\u015ft\u0131r. Hem konut hem de ticari kullan\u0131m i\u00e7in ideal olan bu piller, enerji depolama ihtiya\u00e7lar\u0131na \u00fcst\u00fcn bir \u00e7\u00f6z\u00fcm sunuyor.<\/p>\n","protected":false},"excerpt":{"rendered":"<p>EL-12-100 G\u00fcvenilir Enerji \u00c7\u00f6z\u00fcmleri i\u00e7in Y\u00fcksek Performansl\u0131 Lityum Pil Lityum Pil serimiz benzersiz performans ve uzun \u00f6m\u00fcr sa\u011flayacak \u015fekilde \u00fcretilmi\u015ftir.<\/p>\n","protected":false},"featured_media":34908,"template":"","meta":[],"pwb-brand":[250],"product_brand":[],"product_cat":[124,2003],"product_tag":[2048],"class_list":{"0":"post-34855","1":"product","2":"type-product","3":"status-publish","4":"has-post-thumbnail","6":"pwb-brand-exelon","7":"product_cat-akuler","8":"product_cat-lityum-akuler","9":"product_tag-exelon-12v-100a-lifepo4-lityum-aku","11":"first","12":"instock","13":"product-type-simple"},"jetpack_sharing_enabled":true,"brands":[{"id":250,"name":"Exelon","slug":"exelon"}],"_links":{"self":[{"href":"https:\/\/ynrsolar.shop\/index.php\/wp-json\/wp\/v2\/product\/34855","targetHints":{"allow":["GET"]}}],"collection":[{"href":"https:\/\/ynrsolar.shop\/index.php\/wp-json\/wp\/v2\/product"}],"about":[{"href":"https:\/\/ynrsolar.shop\/index.php\/wp-json\/wp\/v2\/types\/product"}],"version-history":[{"count":1,"href":"https:\/\/ynrsolar.shop\/index.php\/wp-json\/wp\/v2\/product\/34855\/revisions"}],"predecessor-version":[{"id":34909,"href":"https:\/\/ynrsolar.shop\/index.php\/wp-json\/wp\/v2\/product\/34855\/revisions\/34909"}],"wp:featuredmedia":[{"embeddable":true,"href":"https:\/\/ynrsolar.shop\/index.php\/wp-json\/wp\/v2\/media\/34908"}],"wp:attachment":[{"href":"https:\/\/ynrsolar.shop\/index.php\/wp-json\/wp\/v2\/media?parent=34855"}],"wp:term":[{"taxonomy":"pwb-brand","embeddable":true,"href":"https:\/\/ynrsolar.shop\/index.php\/wp-json\/wp\/v2\/pwb-brand?post=34855"},{"taxonomy":"product_brand","embeddable":true,"href":"https:\/\/ynrsolar.shop\/index.php\/wp-json\/wp\/v2\/product_brand?post=34855"},{"taxonomy":"product_cat","embeddable":true,"href":"https:\/\/ynrsolar.shop\/index.php\/wp-json\/wp\/v2\/product_cat?post=34855"},{"taxonomy":"product_tag","embeddable":true,"href":"https:\/\/ynrsolar.shop\/index.php\/wp-json\/wp\/v2\/product_tag?post=34855"}],"curies":[{"name":"wp","href":"https:\/\/api.w.org\/{rel}","templated":true}]}}