{"id":34847,"date":"2025-04-14T14:08:28","date_gmt":"2025-04-14T11:08:28","guid":{"rendered":"https:\/\/ynrsolar.shop\/?post_type=product&#038;p=34847"},"modified":"2025-06-09T19:39:41","modified_gmt":"2025-06-09T16:39:41","slug":"tommatech-moduler-serisi-512v-102ah-g2-lfp-lityum-batarya","status":"publish","type":"product","link":"https:\/\/ynrsolar.shop\/index.php\/urun\/tommatech-moduler-serisi-512v-102ah-g2-lfp-lityum-batarya\/","title":{"rendered":"TommaTech Mod\u00fcler Serisi 51,2V 102AH G2 LFP Lityum Batarya"},"content":{"rendered":"<h2><strong>TommaTech Mod\u00fcler Serisi 51.2V 102AH G2 LFP Lityum Batarya<\/strong><\/h2>\n<p><strong>Y\u00fcksek Performans<\/strong><br \/>\nYeni nesil LiFePO4 pil teknolojisi ile \u00fcst\u00fcn performans<\/p>\n<p><strong>Aktif Ak\u0131ll\u0131 Y\u00f6netim Sistemi<\/strong><br \/>\nAktif dengeleme \u00f6zellikli BMS teknolojisi ile etkin kullan\u0131m yap\u0131s\u0131<\/p>\n<p><strong>Uzun Kullan\u0131m \u00d6mr\u00fc<\/strong><br \/>\n8000 d\u00f6ng\u00fc say\u0131s\u0131na kadar varan uzun ya\u015fam s\u00fcresi<\/p>\n<p><strong>Yenilik\u00e7i Tasar\u0131m ve Is\u0131ya Dayan\u0131kl\u0131 Yap\u0131<\/strong><br \/>\nEstetik, kompakt ve dayan\u0131kl\u0131 metal kasa dizayn\u0131<\/p>\n<p><strong>Art\u0131r\u0131labilir Kapasite<\/strong><br \/>\n16 Adete kadar paralel batarya ba\u011flant\u0131s\u0131<\/p>\n<p><strong>Haberle\u015fme<\/strong><br \/>\nCAN \/ RS485 \/ Bluetooth (25.6V bataryalar i\u00e7in ge\u00e7erlidir)<\/p>\n<p><strong>IP20-IP65 Koruma S\u0131n\u0131f\u0131<\/strong><br \/>\nIP20-IP65 uyumlu metal kasa ve terminal bile\u015fenleri<\/p>\n<p><strong>S\u00fcrd\u00fcr\u00fclebilir Enerji<\/strong><br \/>\nG\u00fcne\u015f panellerinden sarj olabilmesi sayesinde \u00e7evre dostu ve s\u00fcrd\u00fcr\u00fclebilir bir enerji kayna\u011f\u0131<\/p>\n<p><strong>5 Y\u0131l \u00dcr\u00fcn Garantisi<\/strong><\/p>\n","protected":false},"excerpt":{"rendered":"<p>TommaTech Mod\u00fcler Serisi 51.2V 102AH G2 LFP Lityum Batarya Y\u00fcksek Performans Yeni nesil LiFePO4 pil teknolojisi ile \u00fcst\u00fcn performans Aktif<\/p>\n","protected":false},"featured_media":34892,"template":"","meta":[],"pwb-brand":[518],"product_brand":[],"product_cat":[124,2002],"product_tag":[1208,1660],"class_list":{"0":"post-34847","1":"product","2":"type-product","3":"status-publish","4":"has-post-thumbnail","6":"pwb-brand-tommatech","7":"product_cat-akuler","8":"product_cat-lifepo4-lithium","9":"product_tag-tommatech","10":"product_tag-tommatech-lityum","12":"first","13":"instock","14":"product-type-simple"},"jetpack_sharing_enabled":true,"brands":[{"id":518,"name":"Tommatech","slug":"tommatech"}],"_links":{"self":[{"href":"https:\/\/ynrsolar.shop\/index.php\/wp-json\/wp\/v2\/product\/34847","targetHints":{"allow":["GET"]}}],"collection":[{"href":"https:\/\/ynrsolar.shop\/index.php\/wp-json\/wp\/v2\/product"}],"about":[{"href":"https:\/\/ynrsolar.shop\/index.php\/wp-json\/wp\/v2\/types\/product"}],"version-history":[{"count":1,"href":"https:\/\/ynrsolar.shop\/index.php\/wp-json\/wp\/v2\/product\/34847\/revisions"}],"predecessor-version":[{"id":34893,"href":"https:\/\/ynrsolar.shop\/index.php\/wp-json\/wp\/v2\/product\/34847\/revisions\/34893"}],"wp:featuredmedia":[{"embeddable":true,"href":"https:\/\/ynrsolar.shop\/index.php\/wp-json\/wp\/v2\/media\/34892"}],"wp:attachment":[{"href":"https:\/\/ynrsolar.shop\/index.php\/wp-json\/wp\/v2\/media?parent=34847"}],"wp:term":[{"taxonomy":"pwb-brand","embeddable":true,"href":"https:\/\/ynrsolar.shop\/index.php\/wp-json\/wp\/v2\/pwb-brand?post=34847"},{"taxonomy":"product_brand","embeddable":true,"href":"https:\/\/ynrsolar.shop\/index.php\/wp-json\/wp\/v2\/product_brand?post=34847"},{"taxonomy":"product_cat","embeddable":true,"href":"https:\/\/ynrsolar.shop\/index.php\/wp-json\/wp\/v2\/product_cat?post=34847"},{"taxonomy":"product_tag","embeddable":true,"href":"https:\/\/ynrsolar.shop\/index.php\/wp-json\/wp\/v2\/product_tag?post=34847"}],"curies":[{"name":"wp","href":"https:\/\/api.w.org\/{rel}","templated":true}]}}