{"id":34801,"date":"2025-04-14T14:08:02","date_gmt":"2025-04-14T11:08:02","guid":{"rendered":"https:\/\/ynrsolar.shop\/?post_type=product&#038;p=34801"},"modified":"2025-06-09T19:41:51","modified_gmt":"2025-06-09T16:41:51","slug":"tescom-ups-5kw-5kva-60-amper-mppt-akilli-inverter","status":"publish","type":"product","link":"https:\/\/ynrsolar.shop\/index.php\/urun\/tescom-ups-5kw-5kva-60-amper-mppt-akilli-inverter\/","title":{"rendered":"Tescom Ups 5Kw 5Kva 60 Amper Mppt Ak\u0131ll\u0131 \u0130nverter"},"content":{"rendered":"<p><strong>TEKN\u0130K \u00d6ZELL\u0130KLER:<\/strong><\/p>\n<p>G\u00fc\u00e7: 5000VA\/5000W<\/p>\n<p><strong>G\u0130R\u0130\u015e<\/strong><\/p>\n<p>Gerilim: 230 VAC<\/p>\n<p>Se\u00e7ilebilir gerilim aral\u0131\u011f\u0131: 110-280 VAC<\/p>\n<p>Frekans aral\u0131\u011f\u0131: 50 Hz\/60 Hz (otomatik alg\u0131lama)<\/p>\n<p>G\u00fc\u00e7 Fakt\u00f6r\u00fc: &gt; 0,98 Nominal Voltaj: ( %100 Y\u00fckte)<\/p>\n<p><strong>\u00c7IKI\u015e<\/strong><\/p>\n<p>AC gerilim reg\u00fclasyonu: (ak\u00fc mod) 230VAC \u00b1 %5<\/p>\n<p>Frekans aral\u0131\u011f\u0131: 46~54 Hz or 56~64 Hz<\/p>\n<p>Frekans aral\u0131\u011f\u0131: (Ak\u00fc Modu) 50 hz<\/p>\n<p>Harmonic Bozulma: \u00a0\u2264\u00a03% THD (Linear Load), ;\u00a0\u2264\u00a05 % THD (Non-linear Load)<\/p>\n<p>Verim (peak): 93%<\/p>\n<p>Transfer S\u00fcresi AC Mod Ak\u00fc Moduna: Zero<\/p>\n<p>Transfer S\u00fcresi \u0130nverter Bypass Modu: 4 ms<\/p>\n<p>Dalga \u015fekli: Saf sin\u00fcs dalga \u015fekli<\/p>\n<p>&nbsp;<\/p>\n<p><strong>VER\u0130ML\u0130L\u0130K<\/strong><\/p>\n<p>\u015eebeke Modu: 93%<\/p>\n<p>Eco Modu: 99%<\/p>\n<p>Ak\u00fc Modu: 90%<\/p>\n<p>&nbsp;<\/p>\n<p><strong>AK\u00dc<\/strong><\/p>\n<p>Ak\u00fc gerilimi: 48 VDC<\/p>\n<p>\u015earj gerilimi: 54 VDC<\/p>\n<p>A\u015f\u0131r\u0131 \u015farj korumas\u0131: 66 VDC<\/p>\n<p>&nbsp;<\/p>\n<p><strong>SOLAR \u015eARJ &amp; AC \u015eARJ<\/strong><\/p>\n<p>Maksimum PV g\u00fcc\u00fc: 4000 W &#8211; MPPT<\/p>\n<p>MPPT \u00e7al\u0131\u015fma gerilim aral\u0131\u011f\u0131: 60 VDC ~115 VDC<\/p>\n<p>Maksimum PV a\u00e7\u0131k devre gerilimi:145 VDC<\/p>\n<p>Maksimum solar \u015farj ak\u0131m\u0131: 80 A<\/p>\n<p>Maksimum AC \u015farj ak\u0131m\u0131: 60 A<\/p>\n<p>&nbsp;<\/p>\n<p><strong>F\u0130Z\u0130KSEL \u00d6ZELL\u0130KLER<\/strong><\/p>\n<p>Boyutlar, GxDxY (mm):465 x 190 x 336<\/p>\n<p>Net a\u011f\u0131rl\u0131k (kg): 16,0<\/p>\n<p>\u0130leti\u015fim: RS232 &amp; USB<\/p>\n<p>&nbsp;<\/p>\n<p>&nbsp;<\/p>\n","protected":false},"excerpt":{"rendered":"<p>TEKN\u0130K \u00d6ZELL\u0130KLER: G\u00fc\u00e7: 5000VA\/5000W G\u0130R\u0130\u015e Gerilim: 230 VAC Se\u00e7ilebilir gerilim aral\u0131\u011f\u0131: 110-280 VAC Frekans aral\u0131\u011f\u0131: 50 Hz\/60 Hz (otomatik alg\u0131lama)<\/p>\n","protected":false},"featured_media":34865,"template":"","meta":[],"pwb-brand":[457],"product_brand":[],"product_cat":[1990,1987,1991],"product_tag":[1639,1640],"class_list":{"0":"post-34801","1":"product","2":"type-product","3":"status-publish","4":"has-post-thumbnail","6":"pwb-brand-tescom","7":"product_cat-akilli-inverterler","8":"product_cat-inverterler","9":"product_cat-off-grid-inverterler","10":"product_tag-tescom-solar-ups","11":"product_tag-tescom-solar-ups-5kw-5kva-60-amper-mppt-akilli-inverter","13":"first","14":"instock","15":"product-type-simple"},"jetpack_sharing_enabled":true,"brands":[{"id":457,"name":"Tescom","slug":"tescom"}],"_links":{"self":[{"href":"https:\/\/ynrsolar.shop\/index.php\/wp-json\/wp\/v2\/product\/34801","targetHints":{"allow":["GET"]}}],"collection":[{"href":"https:\/\/ynrsolar.shop\/index.php\/wp-json\/wp\/v2\/product"}],"about":[{"href":"https:\/\/ynrsolar.shop\/index.php\/wp-json\/wp\/v2\/types\/product"}],"version-history":[{"count":1,"href":"https:\/\/ynrsolar.shop\/index.php\/wp-json\/wp\/v2\/product\/34801\/revisions"}],"predecessor-version":[{"id":34866,"href":"https:\/\/ynrsolar.shop\/index.php\/wp-json\/wp\/v2\/product\/34801\/revisions\/34866"}],"wp:featuredmedia":[{"embeddable":true,"href":"https:\/\/ynrsolar.shop\/index.php\/wp-json\/wp\/v2\/media\/34865"}],"wp:attachment":[{"href":"https:\/\/ynrsolar.shop\/index.php\/wp-json\/wp\/v2\/media?parent=34801"}],"wp:term":[{"taxonomy":"pwb-brand","embeddable":true,"href":"https:\/\/ynrsolar.shop\/index.php\/wp-json\/wp\/v2\/pwb-brand?post=34801"},{"taxonomy":"product_brand","embeddable":true,"href":"https:\/\/ynrsolar.shop\/index.php\/wp-json\/wp\/v2\/product_brand?post=34801"},{"taxonomy":"product_cat","embeddable":true,"href":"https:\/\/ynrsolar.shop\/index.php\/wp-json\/wp\/v2\/product_cat?post=34801"},{"taxonomy":"product_tag","embeddable":true,"href":"https:\/\/ynrsolar.shop\/index.php\/wp-json\/wp\/v2\/product_tag?post=34801"}],"curies":[{"name":"wp","href":"https:\/\/api.w.org\/{rel}","templated":true}]}}