{"id":34800,"date":"2025-04-14T14:08:01","date_gmt":"2025-04-14T11:08:01","guid":{"rendered":"https:\/\/ynrsolar.shop\/?post_type=product&#038;p=34800"},"modified":"2025-06-09T19:42:59","modified_gmt":"2025-06-09T16:42:59","slug":"sako-esun-16kw-12v-tam-sinus-akilli-inverter","status":"publish","type":"product","link":"https:\/\/ynrsolar.shop\/index.php\/urun\/sako-esun-16kw-12v-tam-sinus-akilli-inverter\/","title":{"rendered":"Sako ESun 1,6kW 12V Tam Sin\u00fcs Ak\u0131ll\u0131 \u0130nverter"},"content":{"rendered":"<p>E-SUN 1.6kW Off Grid MPPT Solar Inverter<\/p>\n<p>G\u00fcne\u015fin G\u00fcc\u00fcn\u00fc Hissedin!<\/p>\n<p>G\u00fcne\u015f enerjisini verimli ve etkili bir \u015fekilde kullanman\u0131n zaman\u0131 geldi. E-SUN 1.6kW Off Grid MPPT Solar Inverter, evinizde veya i\u015f yerinizde g\u00fcne\u015f enerjisinden maksimum fayda sa\u011flaman\u0131z\u0131 kolayla\u015ft\u0131ran ekonomik bir \u00e7\u00f6z\u00fcmd\u00fcr. Geli\u015fmi\u015f teknolojisi ve \u00fcst\u00fcn \u00f6zellikleri ile g\u00fcnl\u00fck enerji ihtiya\u00e7lar\u0131n\u0131z\u0131 kar\u015f\u0131lay\u0131n ve enerji maliyetlerinizi azalt\u0131n.<\/p>\n<p>\u00d6ne \u00c7\u0131kan \u00d6zellikler:<\/p>\n<p>MPPT Solar \u015earj Kontrol Cihaz\u0131: Sisteminiz, 30-400Vdc aras\u0131ndaki geni\u015f bir PV giri\u015f aral\u0131\u011f\u0131na uyum sa\u011flayabilen dahili MPPT solar \u015farj kontrol cihaz\u0131 ile donat\u0131lm\u0131\u015ft\u0131r. Bu, g\u00fcne\u015f panellerinizden en y\u00fcksek verimi alman\u0131z\u0131 sa\u011flar.<\/p>\n<p>G\u00fcvenilir Kalite, Ekonomik Tasar\u0131m: Hem kullan\u0131\u015fl\u0131 hem de kullan\u0131c\u0131 dostu, uygun fiyatl\u0131 bir \u00e7\u00f6z\u00fcm sunar.<\/p>\n<p>Ak\u0131ll\u0131 Batarya Korumas\u0131: LiFePo4 dahil, \u00e7e\u015fitli batarya t\u00fcrleriyle uyumludur. Batarya ve AC\/G\u00fcne\u015f \u00f6ncelik ayarlar\u0131n\u0131 LCD ekran \u00fczerinden yap\u0131land\u0131rabilirsiniz.<\/p>\n<p>Esnek G\u00fcne\u015f Sistemi Ba\u011flant\u0131s\u0131: Sadece tek bir 36V g\u00fcne\u015f paneli ile inverteri \u00e7al\u0131\u015ft\u0131rabilirsiniz, bu da sisteminizi kurman\u0131n ve geni\u015fletmenin kolayl\u0131\u011f\u0131n\u0131 art\u0131r\u0131r.<\/p>\n<p>G\u00fcne\u015f enerjisini verimli ve ergonomik bir \u015fekilde kullanmak isteyen herkes i\u00e7in ideal bir se\u00e7im olan E-SUN 1.6kW Off Grid MPPT Solar Inverter, g\u00fc\u00e7 ihtiya\u00e7lar\u0131n\u0131z\u0131 g\u00fcvenle ve etkin ve ekonomik bir \u015fekilde kar\u015f\u0131lar. Bug\u00fcn enerji sistemlerinizi y\u00fckseltin ve g\u00fcne\u015fin s\u0131n\u0131rs\u0131z g\u00fcc\u00fcnden faydalan\u0131n!<\/p>\n<p style=\"font-weight: 400;\">\n","protected":false},"excerpt":{"rendered":"<p>E-SUN 1.6kW Off Grid MPPT Solar Inverter G\u00fcne\u015fin G\u00fcc\u00fcn\u00fc Hissedin! G\u00fcne\u015f enerjisini verimli ve etkili bir \u015fekilde kullanman\u0131n zaman\u0131 geldi.<\/p>\n","protected":false},"featured_media":34862,"template":"","meta":[],"pwb-brand":[346],"product_brand":[],"product_cat":[1990,1991],"product_tag":[1638],"class_list":{"0":"post-34800","1":"product","2":"type-product","3":"status-publish","4":"has-post-thumbnail","6":"pwb-brand-sako","7":"product_cat-akilli-inverterler","8":"product_cat-off-grid-inverterler","9":"product_tag-sako-1-kw-akilli-inverter","11":"first","12":"instock","13":"product-type-simple"},"jetpack_sharing_enabled":true,"brands":[{"id":346,"name":"Sako","slug":"sako"}],"_links":{"self":[{"href":"https:\/\/ynrsolar.shop\/index.php\/wp-json\/wp\/v2\/product\/34800","targetHints":{"allow":["GET"]}}],"collection":[{"href":"https:\/\/ynrsolar.shop\/index.php\/wp-json\/wp\/v2\/product"}],"about":[{"href":"https:\/\/ynrsolar.shop\/index.php\/wp-json\/wp\/v2\/types\/product"}],"version-history":[{"count":1,"href":"https:\/\/ynrsolar.shop\/index.php\/wp-json\/wp\/v2\/product\/34800\/revisions"}],"predecessor-version":[{"id":34864,"href":"https:\/\/ynrsolar.shop\/index.php\/wp-json\/wp\/v2\/product\/34800\/revisions\/34864"}],"wp:featuredmedia":[{"embeddable":true,"href":"https:\/\/ynrsolar.shop\/index.php\/wp-json\/wp\/v2\/media\/34862"}],"wp:attachment":[{"href":"https:\/\/ynrsolar.shop\/index.php\/wp-json\/wp\/v2\/media?parent=34800"}],"wp:term":[{"taxonomy":"pwb-brand","embeddable":true,"href":"https:\/\/ynrsolar.shop\/index.php\/wp-json\/wp\/v2\/pwb-brand?post=34800"},{"taxonomy":"product_brand","embeddable":true,"href":"https:\/\/ynrsolar.shop\/index.php\/wp-json\/wp\/v2\/product_brand?post=34800"},{"taxonomy":"product_cat","embeddable":true,"href":"https:\/\/ynrsolar.shop\/index.php\/wp-json\/wp\/v2\/product_cat?post=34800"},{"taxonomy":"product_tag","embeddable":true,"href":"https:\/\/ynrsolar.shop\/index.php\/wp-json\/wp\/v2\/product_tag?post=34800"}],"curies":[{"name":"wp","href":"https:\/\/api.w.org\/{rel}","templated":true}]}}