{"id":34799,"date":"2025-04-14T14:08:01","date_gmt":"2025-04-14T11:08:01","guid":{"rendered":"https:\/\/ynrsolar.shop\/?post_type=product&#038;p=34799"},"modified":"2025-06-09T19:42:49","modified_gmt":"2025-06-09T16:42:49","slug":"sako-esun-27kw-24v-tam-sinus-akilli-invertor","status":"publish","type":"product","link":"https:\/\/ynrsolar.shop\/index.php\/urun\/sako-esun-27kw-24v-tam-sinus-akilli-invertor\/","title":{"rendered":"Sako ESun 2,7kW 24V Tam Sin\u00fcs Ak\u0131ll\u0131 \u0130nvert\u00f6r"},"content":{"rendered":"<p style=\"font-weight: 400;\"><b><strong><u>SAKO E-SUN 2.7kW \/ 24V Tam Sin\u00fcs Ak\u0131ll\u0131 Voc 30-400 VDC<\/u><\/strong><\/b><\/p>\n<p style=\"font-weight: 400;\">SAKO E-SUN 2.7kW Off Grid MPPT Solar Inverter<\/p>\n<p style=\"font-weight: 400;\">G\u00fcne\u015fin G\u00fcc\u00fcn\u00fc Hissedin!<\/p>\n<p style=\"font-weight: 400;\">G\u00fcne\u015f enerjisini daha etkili ve verimli bir \u015fekilde kullanman\u0131n zaman\u0131 geldi. E-SUN 2.7kW Off Grid MPPT Solar Inverter, hem ev hem de i\u015f yerlerinde g\u00fcne\u015f enerjisinden maksimum fayda sa\u011flaman\u0131z\u0131 kolayla\u015ft\u0131ran ergonomik ve yenilik\u00e7i bir \u00e7\u00f6z\u00fcmd\u00fcr. Geli\u015fmi\u015f teknolojisi ve \u00fcst\u00fcn \u00f6zellikleri ile g\u00fcnl\u00fck enerji ihtiya\u00e7lar\u0131n\u0131z\u0131 kar\u015f\u0131lay\u0131n ve enerji maliyetlerinizi azalt\u0131n.<\/p>\n<p style=\"font-weight: 400;\">\u00d6ne \u00c7\u0131kan \u00d6zellikler:<\/p>\n<p style=\"font-weight: 400;\">MPPT Solar \u015earj Kontrol Cihaz\u0131: 30-400Vdc aras\u0131ndaki geni\u015f PV giri\u015f aral\u0131\u011f\u0131na uyum sa\u011flayan dahili MPPT solar \u015farj kontrol cihaz\u0131 ile donat\u0131lm\u0131\u015ft\u0131r. Bu, g\u00fcne\u015f panellerinizden en y\u00fcksek verimi alman\u0131z\u0131 sa\u011flar.<\/p>\n<p style=\"font-weight: 400;\">G\u00fcvenilir Kalite, Ergonomik Tasar\u0131m: Hem dayan\u0131kl\u0131 hem de kullan\u0131c\u0131 dostu bir \u00e7\u00f6z\u00fcm sunar.<\/p>\n<p style=\"font-weight: 400;\">Ak\u0131ll\u0131 Batarya Korumas\u0131: LiFePo4 dahil \u00e7e\u015fitli batarya t\u00fcrleriyle uyumludur. Batarya ve AC\/G\u00fcne\u015f \u00f6ncelik ayarlar\u0131n\u0131 LCD ekran \u00fczerinden yap\u0131land\u0131rabilirsiniz.<\/p>\n<p style=\"font-weight: 400;\">Esnek G\u00fcne\u015f Sistemi Ba\u011flant\u0131s\u0131: Sadece tek bir 36V g\u00fcne\u015f paneli ile inverteri \u00e7al\u0131\u015ft\u0131rabilir, bu da sisteminizi kurman\u0131n ve geni\u015fletmenin kolayl\u0131\u011f\u0131n\u0131 art\u0131r\u0131r.<\/p>\n<p>E-SUN 2.7kW Off Grid MPPT Solar Inverter, g\u00fcne\u015f enerjisini verimli ve ergonomik bir \u015fekilde kullanmak isteyen herkes i\u00e7in ideal bir se\u00e7imdir. G\u00fc\u00e7 ihtiya\u00e7lar\u0131n\u0131z\u0131 g\u00fcvenle ve etkin bir \u015fekilde kar\u015f\u0131lar. Bug\u00fcn enerji sistemlerinizi y\u00fckseltin ve g\u00fcne\u015fin s\u0131n\u0131rs\u0131z g\u00fcc\u00fcnden faydalan\u0131n!<\/p>\n<p>Ana \u00d6zellikler:<\/p>\n<p>G\u00fc\u00e7l\u00fc Performans: 2.7kW nominal g\u00fc\u00e7 ile geni\u015f bir yelpazede elektrik y\u00fcklerini destekler.<\/p>\n<p>Esnek Giri\u015f Voltaj\u0131: 230VAC&#8217;lik geni\u015f bir giri\u015f voltaj\u0131 aral\u0131\u011f\u0131na sahiptir ve farkl\u0131 ihtiya\u00e7lar i\u00e7in 170-280VAC (UPS modu) ve 90-280VAC (Aletler i\u00e7in) aral\u0131\u011f\u0131nda ayarlanabilir.<\/p>\n<p>Otomatik Frekans Alg\u0131lama: 50Hz\/60Hz frekans aral\u0131\u011f\u0131n\u0131 otomatik olarak alg\u0131lar, b\u00f6ylece farkl\u0131 elektrik standartlar\u0131na uyum sa\u011flar.<\/p>\n","protected":false},"excerpt":{"rendered":"<p>SAKO E-SUN 2.7kW \/ 24V Tam Sin\u00fcs Ak\u0131ll\u0131 Voc 30-400 VDC SAKO E-SUN 2.7kW Off Grid MPPT Solar Inverter G\u00fcne\u015fin<\/p>\n","protected":false},"featured_media":34862,"template":"","meta":[],"pwb-brand":[346],"product_brand":[],"product_cat":[1990,1987,1991],"product_tag":[2037,2038],"class_list":{"0":"post-34799","1":"product","2":"type-product","3":"status-publish","4":"has-post-thumbnail","6":"pwb-brand-sako","7":"product_cat-akilli-inverterler","8":"product_cat-inverterler","9":"product_cat-off-grid-inverterler","10":"product_tag-7kw-24v-tam-sinus-akilli-invertor","11":"product_tag-sako-esun-2","13":"first","14":"instock","15":"product-type-simple"},"jetpack_sharing_enabled":true,"brands":[{"id":346,"name":"Sako","slug":"sako"}],"_links":{"self":[{"href":"https:\/\/ynrsolar.shop\/index.php\/wp-json\/wp\/v2\/product\/34799","targetHints":{"allow":["GET"]}}],"collection":[{"href":"https:\/\/ynrsolar.shop\/index.php\/wp-json\/wp\/v2\/product"}],"about":[{"href":"https:\/\/ynrsolar.shop\/index.php\/wp-json\/wp\/v2\/types\/product"}],"version-history":[{"count":1,"href":"https:\/\/ynrsolar.shop\/index.php\/wp-json\/wp\/v2\/product\/34799\/revisions"}],"predecessor-version":[{"id":34863,"href":"https:\/\/ynrsolar.shop\/index.php\/wp-json\/wp\/v2\/product\/34799\/revisions\/34863"}],"wp:featuredmedia":[{"embeddable":true,"href":"https:\/\/ynrsolar.shop\/index.php\/wp-json\/wp\/v2\/media\/34862"}],"wp:attachment":[{"href":"https:\/\/ynrsolar.shop\/index.php\/wp-json\/wp\/v2\/media?parent=34799"}],"wp:term":[{"taxonomy":"pwb-brand","embeddable":true,"href":"https:\/\/ynrsolar.shop\/index.php\/wp-json\/wp\/v2\/pwb-brand?post=34799"},{"taxonomy":"product_brand","embeddable":true,"href":"https:\/\/ynrsolar.shop\/index.php\/wp-json\/wp\/v2\/product_brand?post=34799"},{"taxonomy":"product_cat","embeddable":true,"href":"https:\/\/ynrsolar.shop\/index.php\/wp-json\/wp\/v2\/product_cat?post=34799"},{"taxonomy":"product_tag","embeddable":true,"href":"https:\/\/ynrsolar.shop\/index.php\/wp-json\/wp\/v2\/product_tag?post=34799"}],"curies":[{"name":"wp","href":"https:\/\/api.w.org\/{rel}","templated":true}]}}