{"id":34786,"date":"2025-04-14T14:07:59","date_gmt":"2025-04-14T11:07:59","guid":{"rendered":"https:\/\/ynrsolar.shop\/?post_type=product&#038;p=34786"},"modified":"2025-06-09T19:44:01","modified_gmt":"2025-06-09T16:44:01","slug":"smartsolar-mppt-100-50","status":"publish","type":"product","link":"https:\/\/ynrsolar.shop\/index.php\/urun\/smartsolar-mppt-100-50\/","title":{"rendered":"SmartSolar MPPT 100 50"},"content":{"rendered":"<p>Solar \u015farj cihaz\u0131, g\u00fcne\u015f panellerinden gelen enerjiyi toplar ve ak\u00fclerinizde depolar. En yeni ve en h\u0131zl\u0131 teknolojiyi kullanan SmartSolar bu enerji toplama i\u015flemini maksimum seviyeye \u00e7\u0131kar\u0131r ve ak\u00fcy\u00fc en k\u0131sa s\u00fcrede tamamen \u015farj eder. SmartSolar ak\u00fcn\u00fcn sa\u011fl\u0131\u011f\u0131n\u0131 korur ve hizmet \u00f6mr\u00fcn\u00fc uzat\u0131r.<\/p>\n<p>SmartSolar \u015farj kontrol cihaz\u0131 ciddi \u00f6l\u00e7\u00fcde bitmi\u015f bir ak\u00fcy\u00fc bile yeniden \u015farj eder. H\u00fccrelerin kal\u0131c\u0131 olarak s\u00fclfatlanmamas\u0131 ve hasar g\u00f6rmemesi kayd\u0131yla 0 Volt&#8217;a kadar d\u00fc\u015fm\u00fc\u015f bir ak\u00fc voltaj\u0131yla \u00e7al\u0131\u015fabilir.<\/p>\n<h3 class=\"productDetails__block-title\"><span class=\"productDetails__block-title-content\">MPPT: Ultra h\u0131zl\u0131 Maksimum G\u00fc\u00e7 Noktas\u0131 \u0130zleme<\/span><\/h3>\n<div class=\"productDetails__block-description\">\n<p>MPPT teknolojisi, solar panellerinizin (PV) voltaj ve ak\u0131m \u00e7\u0131k\u0131\u015f\u0131n\u0131 s\u00fcrekli izleyerek panellerin toplad\u0131\u011f\u0131 her damla g\u00fcc\u00fcn al\u0131nabilmesini ve depolanabilmesini sa\u011flar. Bunun avantaj\u0131 \u00f6zellikle havan\u0131n par\u00e7al\u0131 bulutlu oldu\u011fu ve \u0131\u015f\u0131k yo\u011funlu\u011funun s\u00fcrekli de\u011fi\u015fti\u011fi zamanlarda fark edilir.<\/p>\n<h3 style=\"font-weight: 400;\"><strong>Uzaktan \u0130zleme ve Kontrol<\/strong><\/h3>\n<p>SmartSolar MPPT \u015farj cihaz\u0131n\u0131z\u0131n kapsaml\u0131 \u00f6zelliklerini ak\u0131ll\u0131 telefonunuz ya da di\u011fer bir cihazla VictronConnect \u00fczerinden e\u015fle\u015ftirerek entegre Bluetooth ile uzaktan kontrol edin ve izleyin. Kurulumunuz bir <a href=\"https:\/\/www.victronenergy.com.tr\/panel-systems-remote-monitoring\">GX cihaz\u0131yla<\/a> internete ba\u011fl\u0131ysa Victron Uzaktan Y\u00f6netim Portal\u0131 (<a href=\"https:\/\/vrm.victronenergy.com\/landingpage\">VRM<\/a>) MPPT\u2019nizin tam g\u00fcc\u00fcne her zaman her yerden eri\u015fmenizi sa\u011flar. VictronConnect ve VRM \u00fccretsiz kullan\u0131labilir. Uzaktan kurulumlar i\u00e7in yak\u0131nda internet ba\u011flant\u0131s\u0131 olmad\u0131\u011f\u0131nda bile <a href=\"https:\/\/www.victronenergy.com.tr\/panel-systems-remote-monitoring\/globallink-520\">GlobalLink520<\/a>\u2019ye ba\u011flanarak MPPT\u2019nizi izleyebilirsiniz.<\/p>\n<\/div>\n","protected":false},"excerpt":{"rendered":"<p>Solar \u015farj cihaz\u0131, g\u00fcne\u015f panellerinden gelen enerjiyi toplar ve ak\u00fclerinizde depolar. En yeni ve en h\u0131zl\u0131 teknolojiyi kullanan SmartSolar bu<\/p>\n","protected":false},"featured_media":34820,"template":"","meta":[],"pwb-brand":[670],"product_brand":[],"product_cat":[2000,1999],"product_tag":[1620],"class_list":{"0":"post-34786","1":"product","2":"type-product","3":"status-publish","4":"has-post-thumbnail","6":"pwb-brand-victron-energy","7":"product_cat-mppt-sarj-kontrol-cihazlari","8":"product_cat-sarj-kontrol-cihazlari","9":"product_tag-smartsolar-mppt-100-30-ve-100-50","11":"first","12":"instock","13":"product-type-simple"},"jetpack_sharing_enabled":true,"brands":[{"id":670,"name":"Victron Energy","slug":"victron-energy"}],"_links":{"self":[{"href":"https:\/\/ynrsolar.shop\/index.php\/wp-json\/wp\/v2\/product\/34786","targetHints":{"allow":["GET"]}}],"collection":[{"href":"https:\/\/ynrsolar.shop\/index.php\/wp-json\/wp\/v2\/product"}],"about":[{"href":"https:\/\/ynrsolar.shop\/index.php\/wp-json\/wp\/v2\/types\/product"}],"version-history":[{"count":1,"href":"https:\/\/ynrsolar.shop\/index.php\/wp-json\/wp\/v2\/product\/34786\/revisions"}],"predecessor-version":[{"id":34821,"href":"https:\/\/ynrsolar.shop\/index.php\/wp-json\/wp\/v2\/product\/34786\/revisions\/34821"}],"wp:featuredmedia":[{"embeddable":true,"href":"https:\/\/ynrsolar.shop\/index.php\/wp-json\/wp\/v2\/media\/34820"}],"wp:attachment":[{"href":"https:\/\/ynrsolar.shop\/index.php\/wp-json\/wp\/v2\/media?parent=34786"}],"wp:term":[{"taxonomy":"pwb-brand","embeddable":true,"href":"https:\/\/ynrsolar.shop\/index.php\/wp-json\/wp\/v2\/pwb-brand?post=34786"},{"taxonomy":"product_brand","embeddable":true,"href":"https:\/\/ynrsolar.shop\/index.php\/wp-json\/wp\/v2\/product_brand?post=34786"},{"taxonomy":"product_cat","embeddable":true,"href":"https:\/\/ynrsolar.shop\/index.php\/wp-json\/wp\/v2\/product_cat?post=34786"},{"taxonomy":"product_tag","embeddable":true,"href":"https:\/\/ynrsolar.shop\/index.php\/wp-json\/wp\/v2\/product_tag?post=34786"}],"curies":[{"name":"wp","href":"https:\/\/api.w.org\/{rel}","templated":true}]}}