{"id":34782,"date":"2025-04-14T14:07:58","date_gmt":"2025-04-14T11:07:58","guid":{"rendered":"https:\/\/ynrsolar.shop\/?post_type=product&#038;p=34782"},"modified":"2025-06-09T19:45:04","modified_gmt":"2025-06-09T16:45:04","slug":"victron-enerji-smartsolar-mppt-150-45-tr-solar-sarj-cihazi","status":"publish","type":"product","link":"https:\/\/ynrsolar.shop\/index.php\/urun\/victron-enerji-smartsolar-mppt-150-45-tr-solar-sarj-cihazi\/","title":{"rendered":"Victron Enerji SmartSolar MPPT 150 45 Tr Solar \u015earj cihaz\u0131"},"content":{"rendered":"<h6>Victron Energy SmartSolar MPPT 150\/45 \u015earj Kontrol Cihaz\u0131<\/h6>\n<h6><\/h6>\n<h6>MPPT: Ultra h\u0131zl\u0131 Maksimum G\u00fc\u00e7 Noktas\u0131 \u0130zleme<\/h6>\n<h6>MPPT teknolojisi, solar panellerinizin (PV) voltaj ve ak\u0131m \u00e7\u0131k\u0131\u015f\u0131n\u0131 s\u00fcrekli izleyerek panellerin toplad\u0131\u011f\u0131 her damla g\u00fcc\u00fcn al\u0131nabilmesini ve depolanabilmesini sa\u011flar.<\/h6>\n<h6>Bunun avantaj\u0131 \u00f6zellikle havan\u0131n par\u00e7al\u0131 bulutlu oldu\u011fu ve \u0131\u015f\u0131k yo\u011funlu\u011funun s\u00fcrekli de\u011fi\u015fti\u011fi zamanlarda fark edilir.<\/h6>\n<h6><\/h6>\n<h6>Bluetooth Smart mevcut<\/h6>\n<h6>SmartSolar \u015earj Kontrol Birimlerini kurmak, izlemek, g\u00fcncellemek ve senkronize etmek i\u00e7in kablosuz \u00e7\u00f6z\u00fcm.<\/h6>\n<h6>VE.Direct<\/h6>\n<h6>Color Control GX, di\u011fer GX \u00fcr\u00fcnleri, bilgisayar ya da di\u011fer cihazlara kablolu veri ba\u011flant\u0131s\u0131 i\u00e7in<\/h6>\n<h6>Ultra H\u0131zl\u0131 Maksimum G\u00fc\u00e7 Noktas\u0131 \u0130zleme (MPPT)<\/h6>\n<h6>Ultra h\u0131zl\u0131 bir MPPT kontrol birimi, \u00f6zellikle bulutlu havalarda ve \u0131\u015f\u0131k \u015fiddetinin s\u00fcrekli olarak de\u011fi\u015fti\u011fi ko\u015fullarda enerji hasad\u0131n\u0131 PWM \u015farj<\/h6>\n<h6>kontrol birimlerine k\u0131yasla %30&#8217;a kadar ve daha yava\u015f MPPT kontrol birimlerine k\u0131yasla %10&#8217;a kadar art\u0131rmaktad\u0131r.<\/h6>\n<h6>Y\u00fck \u00e7\u0131k\u0131\u015f\u0131<\/h6>\n<h6>T\u00fcm y\u00fckler y\u00fck \u00e7\u0131k\u0131\u015f\u0131na ba\u011flanarak ak\u00fcn\u00fcn a\u015f\u0131r\u0131 de\u015farj olmas\u0131 \u00f6nlenebilir. Ak\u00fc \u00f6nceden ayarlanm\u0131\u015f bir voltaj de\u011ferine kadar de\u015farj oldu\u011funda<\/h6>\n<h6>y\u00fck \u00e7\u0131k\u0131\u015f\u0131 y\u00fck ba\u011flant\u0131s\u0131n\u0131 keser (48 V modeli: r\u00f6leli aray\u00fcz).<\/h6>\n<h6>Alternatif olarak ak\u0131ll\u0131 bir ak\u00fc y\u00f6netim algoritmas\u0131 se\u00e7ilebilir: bak\u0131n\u0131z Battery Life.<\/h6>\n<h6>Y\u00fck \u00e7\u0131k\u0131\u015f\u0131, k\u0131sa devre korumal\u0131d\u0131r.<\/h6>\n<h6>Battery Life: ak\u0131ll\u0131 ak\u00fc y\u00f6netimi<\/h6>\n<h6>Bir g\u00fcne\u015f enerjili \u015farj kontrol birimi ak\u00fcy\u00fc bir g\u00fcn i\u00e7erisinde tam kapasite ile \u015farj edemedi\u011finde bu durum genellikle ak\u00fcn\u00fcn &#8220;k\u0131smi \u015farjl\u0131&#8221;<\/h6>\n<h6>durum ve &#8220;ak\u00fc bo\u015f&#8221; durumu aras\u0131nda s\u00fcrekli de\u011fi\u015fimi ile sonu\u00e7lanacakt\u0131r. Bu \u015fekilde \u015farj etme (d\u00fczenli olarak tam \u015farj etmeme) birka\u00e7 hafta<\/h6>\n<h6>veya ay i\u00e7erisinde ak\u00fcn\u00fcn kur\u015fun asit yap\u0131s\u0131n\u0131 bozacakt\u0131r.<\/h6>\n<h6>Battery Life algoritmas\u0131 ak\u00fcn\u00fcn \u015farj durumunu izler ve gerekirse toplanan g\u00fcne\u015f enerjisi ak\u00fcy\u00fc neredeyse %100 dolduracak kadar yeterli hale<\/h6>\n<h6>gelene de\u011fin her g\u00fcn y\u00fck ba\u011flant\u0131 kesme seviyesini hafif hafif art\u0131r\u0131r (yani, y\u00fck\u00fc daha erken keser). Bu noktadan sonra y\u00fck kesme seviyesi<\/h6>\n<h6>ayarlanarak neredeyse %100 \u015farj seviyesine haftada bir kez ula\u015f\u0131l\u0131r.<\/h6>\n<h6>Programlanabilir ak\u00fc \u015farj algoritmas\u0131<\/h6>\n<h6>Detaylar i\u00e7in web sitemizdeki yaz\u0131l\u0131m b\u00f6l\u00fcm\u00fcne bak\u0131n<\/h6>\n<h6>G\u00fcnd\u00fcz\/gece zamanlamas\u0131 ve \u0131\u015f\u0131k k\u0131sma se\u00e7ene\u011fi<\/h6>\n<h6>Dahili s\u0131cakl\u0131k sens\u00f6r\u00fc<\/h6>\n<h6>S\u0131cakl\u0131k i\u00e7in absorption ve float \u015farj voltaj\u0131n\u0131 telafi eder.<\/h6>\n<h6>Bluetooth \u00fczerinden iste\u011fe ba\u011fl\u0131 harici ak\u00fc voltaj\u0131 ve s\u0131cakl\u0131k tespiti<\/h6>\n<h6>Ak\u00fc voltaj\u0131 ve s\u0131cakl\u0131\u011f\u0131 bir ya da daha fazla SmartSolar \u015earj Kontrol Birimine aktarmak i\u00e7in bir Smart Battery Sense veya bir BMV-712 Smart Ak\u00fc<\/h6>\n<h6>Monit\u00f6r\u00fc kullan\u0131labilir.<\/h6>\n<h6>Tam bo\u015falm\u0131\u015f ak\u00fc geri kazan\u0131m fonksiyonu<\/h6>\n<h6>Ak\u00fc s\u0131f\u0131r volta kadar bo\u015falm\u0131\u015f olsa bile \u015farj\u0131 ba\u015flat\u0131r.<\/h6>\n<h6>Entegre ba\u011flant\u0131 kesme fonksiyonuyla tam bo\u015falm\u0131\u015f bir Li-ion ak\u00fcye yeniden ba\u011flan\u0131r<\/h6>\n","protected":false},"excerpt":{"rendered":"<p>Victron Energy SmartSolar MPPT 150\/45 \u015earj Kontrol Cihaz\u0131 MPPT: Ultra h\u0131zl\u0131 Maksimum G\u00fc\u00e7 Noktas\u0131 \u0130zleme MPPT teknolojisi, solar panellerinizin (PV)<\/p>\n","protected":false},"featured_media":34812,"template":"","meta":[],"pwb-brand":[670],"product_brand":[],"product_cat":[2000,1999],"product_tag":[2035],"class_list":{"0":"post-34782","1":"product","2":"type-product","3":"status-publish","4":"has-post-thumbnail","6":"pwb-brand-victron-energy","7":"product_cat-mppt-sarj-kontrol-cihazlari","8":"product_cat-sarj-kontrol-cihazlari","9":"product_tag-victron-enerji-smartsolar-mppt-150-45-tr-solar-sarj-cihazi","11":"first","12":"instock","13":"product-type-simple"},"jetpack_sharing_enabled":true,"brands":[{"id":670,"name":"Victron Energy","slug":"victron-energy"}],"_links":{"self":[{"href":"https:\/\/ynrsolar.shop\/index.php\/wp-json\/wp\/v2\/product\/34782","targetHints":{"allow":["GET"]}}],"collection":[{"href":"https:\/\/ynrsolar.shop\/index.php\/wp-json\/wp\/v2\/product"}],"about":[{"href":"https:\/\/ynrsolar.shop\/index.php\/wp-json\/wp\/v2\/types\/product"}],"version-history":[{"count":1,"href":"https:\/\/ynrsolar.shop\/index.php\/wp-json\/wp\/v2\/product\/34782\/revisions"}],"predecessor-version":[{"id":34813,"href":"https:\/\/ynrsolar.shop\/index.php\/wp-json\/wp\/v2\/product\/34782\/revisions\/34813"}],"wp:featuredmedia":[{"embeddable":true,"href":"https:\/\/ynrsolar.shop\/index.php\/wp-json\/wp\/v2\/media\/34812"}],"wp:attachment":[{"href":"https:\/\/ynrsolar.shop\/index.php\/wp-json\/wp\/v2\/media?parent=34782"}],"wp:term":[{"taxonomy":"pwb-brand","embeddable":true,"href":"https:\/\/ynrsolar.shop\/index.php\/wp-json\/wp\/v2\/pwb-brand?post=34782"},{"taxonomy":"product_brand","embeddable":true,"href":"https:\/\/ynrsolar.shop\/index.php\/wp-json\/wp\/v2\/product_brand?post=34782"},{"taxonomy":"product_cat","embeddable":true,"href":"https:\/\/ynrsolar.shop\/index.php\/wp-json\/wp\/v2\/product_cat?post=34782"},{"taxonomy":"product_tag","embeddable":true,"href":"https:\/\/ynrsolar.shop\/index.php\/wp-json\/wp\/v2\/product_tag?post=34782"}],"curies":[{"name":"wp","href":"https:\/\/api.w.org\/{rel}","templated":true}]}}